{"id":835,"date":"2025-06-26T16:00:37","date_gmt":"2025-06-26T14:00:37","guid":{"rendered":"https:\/\/www.rowing.ovh\/resultats-nationaux\/"},"modified":"2026-03-02T15:42:12","modified_gmt":"2026-03-02T14:42:12","slug":"resultats-nationaux","status":"publish","type":"page","link":"https:\/\/www.rowing.be\/fr\/resultats-nationaux\/","title":{"rendered":"R\u00e9sultats nationaux"},"content":{"rendered":"\n\n\t<h1>r\u00e9sultats nationaux<\/h1>\n\t<h6>Dans le module i-Row ci-dessous, vous pouvez consulter les pr\u00e9-programmes, les tirages au sort ainsi que les r\u00e9sultats de chaque \u00e9preuve belge. \u00a0Pour suivre les r\u00e9sultats en direct des comp\u00e9titions, cliquez sur le bouton &lsquo;R\u00c9SULTATS EN DIRECT&rsquo;.<\/h6>\n\t\t\t<a href=\"https:\/\/rowing.isbapp.be\/ords\/f?p=107:1\"  target=\"_blank\" rel=\"noopener\"    rel=\"noopener\">\n\t\t\t\t\t\tR\u00e9sultats en direct\n\t\t\t\t\t<\/a>\n\t\n\n\t\t\t<a href=\"https:\/\/rowing.isbapp.be\/ords\/f?p=104:20:115054255260700:::::\"  target=\"_blank\" rel=\"noopener\"    rel=\"noopener\">\n\t\t\t\t\t\ti-Row (club)\n\t\t\t\t\t<\/a>\n\t\t\t<a href=\"https:\/\/rowing.isbapp.be\/ords\/f?p=125:LOGIN_DESKTOP:611421713266571:::::\"  target=\"_blank\" rel=\"noopener\"    rel=\"noopener\">\n\t\t\t\t\t\ti-Row (rameur)\n\t\t\t\t\t<\/a>\n\t\t\t<a href=\"https:\/\/www.rowing.be\/fr\/calendrier-national\/\"  target=\"_blank\" rel=\"noopener\"    rel=\"noopener\">\n\t\t\t\t\t\tCalendrier des comp\u00e9titions nationales\n\t\t\t\t\t<\/a>\n\t\t\t<a href=\"https:\/\/vlaamse-roeiliga.be\/wp-content\/uploads\/2025\/10\/BvB2025-Program_def.xlsx\"  target=\"_blank\" rel=\"noopener\"    rel=\"noopener\">\n\t\t\t\t\t\t Classement de la Coupe de Belgique 2025\n\t\t\t\t\t<\/a>\n\t\t\t<a href=\"https:\/\/kbrfrba-my.sharepoint.com\/:x:\/g\/personal\/pascal_belgiumrowing_be\/IQC_UWjbSmUwS4hOl25K1BxJAU1fPxGP88vEBZ0iTfcNZmg?e=GITPoH\"  target=\"_blank\" rel=\"noopener\"    rel=\"noopener\">\n\t\t\t\t\t\t Classement de la Coupe de Belgique 2026\n\t\t\t\t\t<\/a>\n\t<h1>R\u00e9sultats hors irow<\/h1>\n\t\t\t<a href=\"https:\/\/kbrfrba-my.sharepoint.com\/:b:\/g\/personal\/pascal_belgiumrowing_be\/IQDzqrxppVKIQJBHLbGcyJ9iARCBr8a-cvB2lhIrLp-eeGI?e=u2u5t3\"  target=\"_self\"  download>\n\t\t\t\t\t\t15\/02\/2026 &#8211; 102e Handicap d&rsquo;hiver &#8211; RSNB\n\t\t\t\t\t<\/a>\n\t\t\t<a href=\"https:\/\/kbrfrba-my.sharepoint.com\/:b:\/g\/personal\/pascal_belgiumrowing_be\/IQAIXrnIVFyHT6x1UQF3G5mJAe17Zn-CYrPp0YiD6BMEopQ?e=kbszAK\"  target=\"_self\"  download>\n\t\t\t\t\t\t22\/02\/2026 &#8211; T\u00eate de Rivi\u00e8re Seneffe &#8211; 3Y\/LFA\n\t\t\t\t\t<\/a>\n\t<h6>Toutes les comp\u00e9titions non disponibles sur le plugin, depuis 2021.<\/h6>\n<p>&nbsp;<\/p>\n\t\t\t<a href=\"https:\/\/kbrfrba-my.sharepoint.com\/:b:\/g\/personal\/pascal_belgiumrowing_be\/EcmgRFMUlrhMqzrF-iVbhY0BHGl_NYQ5VgOpTLteMa6WVg?e=G1Xwzx\"  target=\"_self\"  download>\n\t\t\t\t\t\tDownload\n\t\t\t\t\t<\/a>\n\t<h1>Records sur plans d&rsquo;eau et indoor : les meilleures performances !<\/h1>\n\t<h6>D\u00e9couvrez tous les records nationaux sur 2.000 m\u00e8tres !<br \/>\nConsultez les meilleures performances sur le plan d&rsquo;eau de Gand, celui d&rsquo;Hazewinkel et en indoor via les liens ci-dessous.<\/h6>\n<h6>Cliquez et laissez-vous inspirer par nos champions !<\/h6>\n<p>&nbsp;<\/p>\n\t\t\t\t\t<a role=\"heading\" aria-level=\"2\" tabindex=\"-1\"  id=\"fl-accordion--label-0\">Hazewinkel<\/a>\n\t\t\t\t\t\t\t\t\t\t\t<button type=\"button\" id=\"fl-accordion--icon-0\" aria-expanded=\"false\" aria-controls=\"fl-accordion--panel-0\"><i>D\u00e9plier<\/i><\/button>\n\t\t\t\t\t<p><strong>Derni\u00e8re mise \u00e0 jour: Novembre 2023<\/strong><\/p>\n<p><strong><a href=\"https:\/\/kbrfrba-my.sharepoint.com\/:b:\/g\/personal\/pascal_belgiumrowing_be\/IQAiY497pZ21QLDCCZ-wlNGyAR279d8jAjkaBpQXZWF4qdI?e=1i7chX\">Download (PDF)<\/a><\/strong><\/p>\n\t\t\t\t\t<a role=\"heading\" aria-level=\"2\" tabindex=\"-1\"  id=\"fl-accordion--label-1\">Gand<\/a>\n\t\t\t\t\t\t\t\t\t\t\t<button type=\"button\" id=\"fl-accordion--icon-1\" aria-expanded=\"false\" aria-controls=\"fl-accordion--panel-1\"><i>D\u00e9plier<\/i><\/button>\n\t\t\t\t\t<p><strong>Derni\u00e8re mise \u00e0 jour: Septembre 2022<\/strong><\/p>\n<p><strong><a href=\"https:\/\/kbrfrba-my.sharepoint.com\/:b:\/g\/personal\/pascal_belgiumrowing_be\/IQAVOCLp09eKR7ig6-fHrvzuAe2iH0p1MMgG-nAsPokbbQ8?e=HhAzps\">Download (PDF)<\/a><\/strong><\/p>\n\t\t\t\t\t<a role=\"heading\" aria-level=\"2\" tabindex=\"-1\"  id=\"fl-accordion--label-2\">Indoor<\/a>\n\t\t\t\t\t\t\t\t\t\t\t<button type=\"button\" id=\"fl-accordion--icon-2\" aria-expanded=\"false\" aria-controls=\"fl-accordion--panel-2\"><i>D\u00e9plier<\/i><\/button>\n\t\t\t\t\t<p><strong>Derni\u00e8re mise \u00e0 jour: Novembre 2025<\/strong><\/p>\n<p><strong><a href=\"https:\/\/kbrfrba-my.sharepoint.com\/:b:\/g\/personal\/pascal_belgiumrowing_be\/IQCjLAgR8mUHQaTGzGH48mXwAWCAKHitEMkyGDkoQQTgHMQ?e=qogoQL\">Download (PDF)<\/a><\/strong><\/p>\n\n","protected":false},"excerpt":{"rendered":"<p>r\u00e9sultats nationaux Dans le module i-Row ci-dessous, vous pouvez consulter les pr\u00e9-programmes, les tirages au sort ainsi que les r\u00e9sultats de chaque \u00e9preuve belge. \u00a0Pour suivre les r\u00e9sultats en direct des comp\u00e9titions, cliquez sur le bouton &lsquo;R\u00c9SULTATS EN DIRECT&rsquo;. R\u00e9sultats en direct i-Row (club) i-Row (rameur) Calendrier des comp\u00e9titions nationales Classement de la Coupe de&hellip;<\/p>\n","protected":false},"author":1,"featured_media":0,"parent":0,"menu_order":0,"comment_status":"closed","ping_status":"closed","template":"","meta":{"footnotes":""},"class_list":["post-835","page","type-page","status-publish","hentry"],"yoast_head":"<!-- This site is optimized with the Yoast SEO plugin v26.8 - https:\/\/yoast.com\/product\/yoast-seo-wordpress\/ -->\n<title>R\u00e9sultats nationaux - K.B.R. Roeien - F.R.B.A. Aviron<\/title>\n<meta name=\"robots\" content=\"index, follow, max-snippet:-1, max-image-preview:large, max-video-preview:-1\" \/>\n<link rel=\"canonical\" href=\"https:\/\/www.rowing.be\/fr\/resultats-nationaux\/\" \/>\n<meta property=\"og:locale\" content=\"fr_FR\" \/>\n<meta property=\"og:type\" content=\"article\" \/>\n<meta property=\"og:title\" content=\"R\u00e9sultats nationaux - K.B.R. Roeien - F.R.B.A. Aviron\" \/>\n<meta property=\"og:description\" content=\"r\u00e9sultats nationaux Dans le module i-Row ci-dessous, vous pouvez consulter les pr\u00e9-programmes, les tirages au sort ainsi que les r\u00e9sultats de chaque \u00e9preuve belge. \u00a0Pour suivre les r\u00e9sultats en direct des comp\u00e9titions, cliquez sur le bouton &lsquo;R\u00c9SULTATS EN DIRECT&rsquo;. R\u00e9sultats en direct i-Row (club) i-Row (rameur) Calendrier des comp\u00e9titions nationales Classement de la Coupe de&hellip;\" \/>\n<meta property=\"og:url\" content=\"https:\/\/www.rowing.be\/fr\/resultats-nationaux\/\" \/>\n<meta property=\"og:site_name\" content=\"K.B.R. Roeien - F.R.B.A. Aviron\" \/>\n<meta property=\"article:modified_time\" content=\"2026-03-02T14:42:12+00:00\" \/>\n<meta name=\"twitter:card\" content=\"summary_large_image\" \/>\n<meta name=\"twitter:label1\" content=\"Dur\u00e9e de lecture estim\u00e9e\" \/>\n\t<meta name=\"twitter:data1\" content=\"1 minute\" \/>\n<script type=\"application\/ld+json\" class=\"yoast-schema-graph\">{\"@context\":\"https:\/\/schema.org\",\"@graph\":[{\"@type\":\"WebPage\",\"@id\":\"https:\/\/www.rowing.be\/fr\/resultats-nationaux\/\",\"url\":\"https:\/\/www.rowing.be\/fr\/resultats-nationaux\/\",\"name\":\"R\u00e9sultats nationaux - K.B.R. Roeien - F.R.B.A. Aviron\",\"isPartOf\":{\"@id\":\"https:\/\/www.rowing.be\/fr\/#website\"},\"datePublished\":\"2025-06-26T14:00:37+00:00\",\"dateModified\":\"2026-03-02T14:42:12+00:00\",\"breadcrumb\":{\"@id\":\"https:\/\/www.rowing.be\/fr\/resultats-nationaux\/#breadcrumb\"},\"inLanguage\":\"fr-FR\",\"potentialAction\":[{\"@type\":\"ReadAction\",\"target\":[\"https:\/\/www.rowing.be\/fr\/resultats-nationaux\/\"]}]},{\"@type\":\"BreadcrumbList\",\"@id\":\"https:\/\/www.rowing.be\/fr\/resultats-nationaux\/#breadcrumb\",\"itemListElement\":[{\"@type\":\"ListItem\",\"position\":1,\"name\":\"Accueil\",\"item\":\"https:\/\/www.rowing.be\/fr\/\"},{\"@type\":\"ListItem\",\"position\":2,\"name\":\"R\u00e9sultats nationaux\"}]},{\"@type\":\"WebSite\",\"@id\":\"https:\/\/www.rowing.be\/fr\/#website\",\"url\":\"https:\/\/www.rowing.be\/fr\/\",\"name\":\"K.B.R. Roeien - F.R.B.A. Aviron\",\"description\":\"Welcome to rowing.be \u2013 Join the crew, feel the rhythm.\",\"potentialAction\":[{\"@type\":\"SearchAction\",\"target\":{\"@type\":\"EntryPoint\",\"urlTemplate\":\"https:\/\/www.rowing.be\/fr\/?s={search_term_string}\"},\"query-input\":{\"@type\":\"PropertyValueSpecification\",\"valueRequired\":true,\"valueName\":\"search_term_string\"}}],\"inLanguage\":\"fr-FR\"}]}<\/script>\n<!-- \/ Yoast SEO plugin. -->","yoast_head_json":{"title":"R\u00e9sultats nationaux - K.B.R. Roeien - F.R.B.A. Aviron","robots":{"index":"index","follow":"follow","max-snippet":"max-snippet:-1","max-image-preview":"max-image-preview:large","max-video-preview":"max-video-preview:-1"},"canonical":"https:\/\/www.rowing.be\/fr\/resultats-nationaux\/","og_locale":"fr_FR","og_type":"article","og_title":"R\u00e9sultats nationaux - K.B.R. Roeien - F.R.B.A. Aviron","og_description":"r\u00e9sultats nationaux Dans le module i-Row ci-dessous, vous pouvez consulter les pr\u00e9-programmes, les tirages au sort ainsi que les r\u00e9sultats de chaque \u00e9preuve belge. \u00a0Pour suivre les r\u00e9sultats en direct des comp\u00e9titions, cliquez sur le bouton &lsquo;R\u00c9SULTATS EN DIRECT&rsquo;. R\u00e9sultats en direct i-Row (club) i-Row (rameur) Calendrier des comp\u00e9titions nationales Classement de la Coupe de&hellip;","og_url":"https:\/\/www.rowing.be\/fr\/resultats-nationaux\/","og_site_name":"K.B.R. Roeien - F.R.B.A. Aviron","article_modified_time":"2026-03-02T14:42:12+00:00","twitter_card":"summary_large_image","twitter_misc":{"Dur\u00e9e de lecture estim\u00e9e":"1 minute"},"schema":{"@context":"https:\/\/schema.org","@graph":[{"@type":"WebPage","@id":"https:\/\/www.rowing.be\/fr\/resultats-nationaux\/","url":"https:\/\/www.rowing.be\/fr\/resultats-nationaux\/","name":"R\u00e9sultats nationaux - K.B.R. Roeien - F.R.B.A. Aviron","isPartOf":{"@id":"https:\/\/www.rowing.be\/fr\/#website"},"datePublished":"2025-06-26T14:00:37+00:00","dateModified":"2026-03-02T14:42:12+00:00","breadcrumb":{"@id":"https:\/\/www.rowing.be\/fr\/resultats-nationaux\/#breadcrumb"},"inLanguage":"fr-FR","potentialAction":[{"@type":"ReadAction","target":["https:\/\/www.rowing.be\/fr\/resultats-nationaux\/"]}]},{"@type":"BreadcrumbList","@id":"https:\/\/www.rowing.be\/fr\/resultats-nationaux\/#breadcrumb","itemListElement":[{"@type":"ListItem","position":1,"name":"Accueil","item":"https:\/\/www.rowing.be\/fr\/"},{"@type":"ListItem","position":2,"name":"R\u00e9sultats nationaux"}]},{"@type":"WebSite","@id":"https:\/\/www.rowing.be\/fr\/#website","url":"https:\/\/www.rowing.be\/fr\/","name":"K.B.R. Roeien - F.R.B.A. Aviron","description":"Welcome to rowing.be \u2013 Join the crew, feel the rhythm.","potentialAction":[{"@type":"SearchAction","target":{"@type":"EntryPoint","urlTemplate":"https:\/\/www.rowing.be\/fr\/?s={search_term_string}"},"query-input":{"@type":"PropertyValueSpecification","valueRequired":true,"valueName":"search_term_string"}}],"inLanguage":"fr-FR"}]}},"_links":{"self":[{"href":"https:\/\/www.rowing.be\/fr\/wp-json\/wp\/v2\/pages\/835","targetHints":{"allow":["GET"]}}],"collection":[{"href":"https:\/\/www.rowing.be\/fr\/wp-json\/wp\/v2\/pages"}],"about":[{"href":"https:\/\/www.rowing.be\/fr\/wp-json\/wp\/v2\/types\/page"}],"author":[{"embeddable":true,"href":"https:\/\/www.rowing.be\/fr\/wp-json\/wp\/v2\/users\/1"}],"replies":[{"embeddable":true,"href":"https:\/\/www.rowing.be\/fr\/wp-json\/wp\/v2\/comments?post=835"}],"version-history":[{"count":11,"href":"https:\/\/www.rowing.be\/fr\/wp-json\/wp\/v2\/pages\/835\/revisions"}],"predecessor-version":[{"id":3337,"href":"https:\/\/www.rowing.be\/fr\/wp-json\/wp\/v2\/pages\/835\/revisions\/3337"}],"wp:attachment":[{"href":"https:\/\/www.rowing.be\/fr\/wp-json\/wp\/v2\/media?parent=835"}],"curies":[{"name":"wp","href":"https:\/\/api.w.org\/{rel}","templated":true}]}}