{"id":786,"date":"2025-07-29T08:00:27","date_gmt":"2025-07-29T06:00:27","guid":{"rendered":"https:\/\/www.rowing.ovh\/juges-arbitres-et-regates-2\/"},"modified":"2025-11-28T12:09:17","modified_gmt":"2025-11-28T11:09:17","slug":"juges-arbitres-et-regates-2","status":"publish","type":"page","link":"https:\/\/www.rowing.be\/fr\/juges-arbitres-et-regates-2\/","title":{"rendered":"Informations sur les arbitres du camp"},"content":{"rendered":"\n\n\t<p>Espace f\u00e9d\u00e9ral<\/p>\n\t<h1>Informations pour les arbitres<\/h1>\n<h1>\n\t\t\tDocuments utiles\t<\/h1>\n\t<p>Retrouvez ici tous les documents utiles de la Commission des juges arbitres.<\/p>\n\t\t\t\t\t<a href=\"#\"  id=\"fl-accordion--label-0\" tabindex=\"0\" aria-controls=\"fl-accordion--panel-0\">CODEX (ver. 2025)<\/a>\n\t\t\t\t\t\t\t\t\t\t\t<a href=\"#\" id=\"fl-accordion--icon-0\"  tabindex=\"0\"><i title=\"D\u00e9plier\">D\u00e9plier<\/i><\/a>\n\t\t\t\t\t<p><a href=\"https:\/\/kbrfrba-my.sharepoint.com\/:b:\/g\/personal\/pascal_belgiumrowing_be\/IQApNN68kti2Rqe0YvEmeh2uASQ4EIzLaacV9gcHF1q24vA?e=hVOKqC\">Download (PDF)<\/a><\/p>\n\t\t\t\t\t<a href=\"#\"  id=\"fl-accordion--label-1\" tabindex=\"0\" aria-controls=\"fl-accordion--panel-1\">F1 Lettre d&rsquo;engagement<\/a>\n\t\t\t\t\t\t\t\t\t\t\t<a href=\"#\" id=\"fl-accordion--icon-1\"  tabindex=\"0\"><i title=\"D\u00e9plier\">D\u00e9plier<\/i><\/a>\n\t\t\t\t\t<p><a href=\"https:\/\/kbrfrba-my.sharepoint.com\/:b:\/g\/personal\/pascal_belgiumrowing_be\/IQDlS_SqeOzNTLq4ZXI5ZINLAfUbm0H44wa2fWrVsvhp0S4?e=7SvP8h\">Download (PDF)<\/a><\/p>\n\t\t\t\t\t<a href=\"#\"  id=\"fl-accordion--label-2\" tabindex=\"0\" aria-controls=\"fl-accordion--panel-2\">F2 Modification d&rsquo;\u00e9quipe<\/a>\n\t\t\t\t\t\t\t\t\t\t\t<a href=\"#\" id=\"fl-accordion--icon-2\"  tabindex=\"0\"><i title=\"D\u00e9plier\">D\u00e9plier<\/i><\/a>\n\t\t\t\t\t<p><a href=\"https:\/\/kbrfrba-my.sharepoint.com\/:b:\/g\/personal\/pascal_belgiumrowing_be\/IQDUGtPOSTzUQbEx-WypPGthAauZrNEvoXd8Jp4Bhs_zVPE?e=CjnjKZ\">Download (PDF)<\/a><\/p>\n\t\t\t\t\t<a href=\"#\"  id=\"fl-accordion--label-3\" tabindex=\"0\" aria-controls=\"fl-accordion--panel-3\">F3 Forfait<\/a>\n\t\t\t\t\t\t\t\t\t\t\t<a href=\"#\" id=\"fl-accordion--icon-3\"  tabindex=\"0\"><i title=\"D\u00e9plier\">D\u00e9plier<\/i><\/a>\n\t\t\t\t\t<p><a href=\"https:\/\/kbrfrba-my.sharepoint.com\/:b:\/g\/personal\/pascal_belgiumrowing_be\/IQCHtXORKiDIRpeD8gPbsKrjAclihpYfF4hIEZIU49vQhIw?e=hjgiK9\">Download (PDF)<\/a><\/p>\n\t\t\t\t\t<a href=\"#\"  id=\"fl-accordion--label-0\" tabindex=\"0\" aria-controls=\"fl-accordion--panel-0\">F4 R\u00e9capitulation des inscriptions<\/a>\n\t\t\t\t\t\t\t\t\t\t\t<a href=\"#\" id=\"fl-accordion--icon-0\"  tabindex=\"0\"><i title=\"D\u00e9plier\">D\u00e9plier<\/i><\/a>\n\t\t\t\t\t<p><a href=\"https:\/\/kbrfrba-my.sharepoint.com\/:b:\/g\/personal\/pascal_belgiumrowing_be\/IQC8rdixT0xqR6LR-pDdRKVVAa-K_4oW3n5iJpsFV0TkzYk?e=7lSsEZ\">Download (PDF)<\/a><\/p>\n\t\t\t\t\t<a href=\"#\"  id=\"fl-accordion--label-1\" tabindex=\"0\" aria-controls=\"fl-accordion--panel-1\">F5 Formulaire d&rsquo;inscriptions<\/a>\n\t\t\t\t\t\t\t\t\t\t\t<a href=\"#\" id=\"fl-accordion--icon-1\"  tabindex=\"0\"><i title=\"D\u00e9plier\">D\u00e9plier<\/i><\/a>\n\t\t\t\t\t<p>Pour Triathlon, Duathlon, Biathlon et Indoor<\/p>\n<p><a href=\"https:\/\/kbrfrba-my.sharepoint.com\/:b:\/g\/personal\/pascal_belgiumrowing_be\/IQDe6udt_lwtRqjN2isaKxlxAf9lnFp47dpvj84Rh7KUkNQ?e=F8lo4h\">Download (PDF)<\/a><\/p>\n\t\t\t\t\t<a href=\"#\"  id=\"fl-accordion--label-2\" tabindex=\"0\" aria-controls=\"fl-accordion--panel-2\">F6 Rapport du jury<\/a>\n\t\t\t\t\t\t\t\t\t\t\t<a href=\"#\" id=\"fl-accordion--icon-2\"  tabindex=\"0\"><i title=\"D\u00e9plier\">D\u00e9plier<\/i><\/a>\n\t\t\t\t\t<p>A remplir par le secr\u00e9taire de la r\u00e9gate<\/p>\n<p><a href=\"https:\/\/kbrfrba-my.sharepoint.com\/:b:\/g\/personal\/pascal_belgiumrowing_be\/IQCOeTlo-4itR4bbEp7TcHNUAWBLByaLgYNyOHlT4MgH3bg?e=kINRcd\">Download (PDF)<\/a><\/p>\n\t\t\t\t\t<a href=\"#\"  id=\"fl-accordion--label-3\" tabindex=\"0\" aria-controls=\"fl-accordion--panel-3\">F6 bis Formulaire de plainte<\/a>\n\t\t\t\t\t\t\t\t\t\t\t<a href=\"#\" id=\"fl-accordion--icon-3\"  tabindex=\"0\"><i title=\"D\u00e9plier\">D\u00e9plier<\/i><\/a>\n\t\t\t\t\t<p>A remplir par la soci\u00e9t\u00e9 concern\u00e9e<\/p>\n<p><a href=\"https:\/\/kbrfrba-my.sharepoint.com\/:b:\/g\/personal\/pascal_belgiumrowing_be\/IQCW_GcSeVOyRaEr-b7OrG6CAZOKBCHEy6_rXHiEnqEl5Fs?e=AijfbY\">Download (PDF)<\/a><\/p>\n\t<h1><strong><img loading=\"lazy\" decoding=\"async\" src=\"https:\/\/www.rowing.be\/wp-content\/uploads\/2025\/07\/Capture-decran-2025-07-12-a-15.56.21-300x119.png\" alt=\"\" width=\"300\" height=\"119\"\/><\/strong><\/h1>\n<h1><strong>Page en construction<\/strong> <\/h1>\n<p>Nous travaillons dur sur du nouveau contenu passionnant ! Merci de votre patience. Restez connect\u00e9s pour les mises \u00e0 jour. \u00c0 bient\u00f4t !   <\/p>\n\t<p><strong>Sans arbitre, pas de sport !<\/strong><\/p>\n<p>Plongez dans les coulisses du m\u00e9tier d&rsquo;arbitre : Ces passionn\u00e9s qui veillent au bon d\u00e9roulement des comp\u00e9titions d&rsquo;aviron, garantissent l&rsquo;\u00e9quit\u00e9, la s\u00e9curit\u00e9 et l&rsquo;esprit sportif.<\/p>\nVous \u00eates rameur, ancien rameur, parent ou simplement amateur de sport ?<br \/>\nVous avez l&rsquo;\u0153il, le sens de la justice et l&rsquo;envie de contribuer autrement \u00e0 l&rsquo;aviron ?\n<p>&nbsp;<\/p>\n<p><strong>Rejoignez les rangs des arbitres<\/strong>\u00a0 : Form\u00e9(e) et soutenu(e) par la f\u00e9d\u00e9ration, vous ferez partie d&rsquo;une \u00e9quipe dynamique au c\u0153ur de l&rsquo;action.<\/p>\n<p>Int\u00e9ress\u00e9(e) ? Contactez-nous \u00e0 : <a href=\"mailto:secretary@rowing.be\">secretary@rowing.be<\/a><\/p>\n\t\t<iframe loading=\"lazy\" width=\"560\" height=\"315\" src=\"https:\/\/www.youtube.com\/embed\/5WaCUhOXG9w?si=jFk8A30aSTydO_oX\" title=\"YouTube video player\" frameborder=\"0\" allow=\"accelerometer; autoplay; clipboard-write; encrypted-media; gyroscope; picture-in-picture; web-share\" referrerpolicy=\"strict-origin-when-cross-origin\" allowfullscreen><\/iframe>\t\n\t<strong>Inleiding<br \/>\n<\/strong><br \/>\n<em>\u00ab\u00a0Het aanwerven van jonge kamprechters, onze grootste uitdaging<strong>\u00ab\u00a0<\/strong><\/em> &#8211; Gwenda Stevens\n\t<p>En 2017, \u00e0 la demande de Pierre-Olivier Beckers, pr\u00e9sident du COIB, Gwenda Stevens a accept\u00e9 de succ\u00e9der \u00e0 Sven Serr\u00e9 \u00e0 la pr\u00e9sidence de la Commission des Officiels, peu apr\u00e8s son \u00e9lection au Comit\u00e9 Ex\u00e9cutif : \u00ab Ce fut un v\u00e9ritable honneur de relever ce d\u00e9fi. Juge internationale d&rsquo;aviron depuis 2004, j&rsquo;ai eu l&rsquo;opportunit\u00e9 d&rsquo;assumer de nouvelles responsabilit\u00e9s et d&rsquo;\u00e9largir mes comp\u00e9tences \u00e0 d&rsquo;autres disciplines, comme le football. \u00bb <\/p>\n\t<p>La Commission des officiels, cr\u00e9\u00e9e par le COIB en 2015, d\u00e9fend les droits et les int\u00e9r\u00eats de tous les officiels du Mouvement olympique, tout comme la Commission des athl\u00e8tes le fait pour tous les athl\u00e8tes. Sans officiel, pas de sport ! Une plateforme de bonnes pratiques ax\u00e9e sur les principaux probl\u00e8mes courants touchant les arbitres, les juges, les directeurs de tournoi et les officiels. Nous \u00e9laborons actuellement un code d&rsquo;\u00e9thique.   <\/p>\n\t<p>Gwenda Stevens : \u00ab Sven Serr\u00e9 est l&rsquo;initiateur et le promoteur de ce projet au sein du COIB. La Commission des Fonctionnaires vise \u00e0 \u00e9laborer un plan strat\u00e9gique national en collaboration avec les diff\u00e9rentes communaut\u00e9s afin de mutualiser les expertises, de favoriser les \u00e9changes au niveau f\u00e9d\u00e9ral et d&rsquo;obtenir une plus grande reconnaissance. \u00bb<\/p>\n\t<p>Dans ce contexte, la Commission organise un forum annuel avec des ateliers sp\u00e9cifiques pour les officiels belges op\u00e9rant \u00e0 l&rsquo;international et pour les arbitres responsables des diff\u00e9rentes f\u00e9d\u00e9rations et ligues. Nous invitons \u00e9galement divers intervenants \u00e0 t\u00e9moigner et \u00e0 d\u00e9battre d&rsquo;un th\u00e8me r\u00e9current dans leur domaine. L&rsquo;ann\u00e9e derni\u00e8re, l&rsquo;accent a \u00e9t\u00e9 mis sur l&rsquo;encadrement, l&rsquo;encadrement et la visibilit\u00e9 des officiels, mais aussi sur le trucage de matchs, un sujet d&rsquo;actualit\u00e9 abord\u00e9 par Christine Casteels, conseill\u00e8re principale \u00e0 la Police f\u00e9d\u00e9rale.  <\/p>\n\t<p>Concernant les arbitres, les obligations varient selon les communes. En Wallonie, les clubs sont tenus de fournir au moins un arbitre par match, mais ce n&rsquo;est pas le cas en Flandre. \u00c0 cet \u00e9gard, il est conseill\u00e9 de consulter les f\u00e9d\u00e9rations au pr\u00e9alable et d&rsquo;\u00e9changer des id\u00e9es sans rien imposer.  <\/p>\n\t<p>Nous pr\u00e9voyons d&rsquo;organiser cette ann\u00e9e un d\u00eener des officiels olympiques pour r\u00e9unir tous les officiels belges des deux derniers Jeux Olympiques et leur demander de partager leurs exp\u00e9riences avec nous.<\/p>\n\t\t\t\t\t\t\t\t\t<img decoding=\"async\" src=\"https:\/\/www.rowing.be\/wp-content\/uploads\/bb-plugin\/cache\/Capture-decran-2025-07-30-a-09.11.36-landscape.png\" alt=\"ref_worldrowing\" itemprop=\"image\" title=\"ref_worldrowing\" onerror=\"this.style.display='none'\"  \/>\n\t<p><strong> Officiel de l&rsquo;ann\u00e9e<\/strong><\/p>\n<p>\u00c0 la fin de chaque ann\u00e9e, nous d\u00e9cernons de nombreux prix sportifs : Sportif et Sportive de l&rsquo;ann\u00e9e, \u00c9quipe et Entra\u00eeneur de l&rsquo;ann\u00e9e. &#8230; Pourquoi pas un fonctionnaire de l&rsquo;ann\u00e9e ? Bien s\u00fbr, il faut \u00e9tablir une proc\u00e9dure et des crit\u00e8res ; c&rsquo;est un projet qui me tient particuli\u00e8rement \u00e0 c\u0153ur et que j&rsquo;aimerais voir aboutir rapidement avec l&rsquo;aide de la Commission, afin d&rsquo;accro\u00eetre la visibilit\u00e9 de la profession. <\/p>\n<p>Recruter de jeunes juges, notre plus grand d\u00e9fi.<\/p>\n<p>Notre plus grand d\u00e9fi est le recrutement et la formation des jeunes arbitres. La premi\u00e8re question \u00e0 se poser est : pourquoi les rameurs de haut niveau ne choisissent-ils pas une carri\u00e8re d&rsquo;arbitre apr\u00e8s leur carri\u00e8re active ? Et ce n&rsquo;est pas la seule discipline \u00e0 souffrir d&rsquo;une p\u00e9nurie criante de jeunes talents ; le probl\u00e8me est \u00e9galement pr\u00e9sent dans d&rsquo;autres f\u00e9d\u00e9rations. Les arbitres jouent un r\u00f4le central, mais ils ne sont pas reconnus \u00e0 ce titre. C&rsquo;est une priorit\u00e9 qui requiert toute l&rsquo;attention du comit\u00e9.    <\/p>\n\t<p><strong>Documents utiles :<\/strong><\/p>\n\t<p>R\u00e9partition des t\u00e2ches des arbitres de camp &#8211; 2025<\/p>\n\t\t\t<a href=\"https:\/\/kbrfrba-my.sharepoint.com\/:b:\/g\/personal\/pascal_belgiumrowing_be\/EacFS-4YqndKnb1CY0MJ4EIB7Nu8krmIGRshcVmm1HdGbg?e=GtO9qt\" target=\"_blank\" rel=\"noopener\">\n\t\t\t\t\t\t\tDownload\n\t\t\t<\/a>\n\t\n","protected":false},"excerpt":{"rendered":"<p>Espace f\u00e9d\u00e9ral Informations pour les arbitres Documents utiles Retrouvez ici tous les documents utiles de la Commission des juges arbitres. CODEX (ver. 2025) D\u00e9plier Download (PDF) F1 Lettre d&rsquo;engagement D\u00e9plier Download (PDF) F2 Modification d&rsquo;\u00e9quipe D\u00e9plier Download (PDF) F3 Forfait D\u00e9plier Download (PDF) F4 R\u00e9capitulation des inscriptions D\u00e9plier Download (PDF) F5 Formulaire d&rsquo;inscriptions D\u00e9plier Pour&hellip;<\/p>\n","protected":false},"author":2,"featured_media":0,"parent":0,"menu_order":0,"comment_status":"closed","ping_status":"closed","template":"","meta":{"footnotes":""},"class_list":["post-786","page","type-page","status-publish","hentry"],"yoast_head":"<!-- This site is optimized with the Yoast SEO plugin v26.8 - https:\/\/yoast.com\/product\/yoast-seo-wordpress\/ -->\n<title>Informations sur les arbitres du camp - K.B.R. Roeien - F.R.B.A. Aviron<\/title>\n<meta name=\"robots\" content=\"index, follow, max-snippet:-1, max-image-preview:large, max-video-preview:-1\" \/>\n<link rel=\"canonical\" href=\"https:\/\/www.rowing.be\/fr\/juges-arbitres-et-regates-2\/\" \/>\n<meta property=\"og:locale\" content=\"fr_FR\" \/>\n<meta property=\"og:type\" content=\"article\" \/>\n<meta property=\"og:title\" content=\"Informations sur les arbitres du camp - K.B.R. Roeien - F.R.B.A. Aviron\" \/>\n<meta property=\"og:description\" content=\"Espace f\u00e9d\u00e9ral Informations pour les arbitres Documents utiles Retrouvez ici tous les documents utiles de la Commission des juges arbitres. CODEX (ver. 2025) D\u00e9plier Download (PDF) F1 Lettre d&rsquo;engagement D\u00e9plier Download (PDF) F2 Modification d&rsquo;\u00e9quipe D\u00e9plier Download (PDF) F3 Forfait D\u00e9plier Download (PDF) F4 R\u00e9capitulation des inscriptions D\u00e9plier Download (PDF) F5 Formulaire d&rsquo;inscriptions D\u00e9plier Pour&hellip;\" \/>\n<meta property=\"og:url\" content=\"https:\/\/www.rowing.be\/fr\/juges-arbitres-et-regates-2\/\" \/>\n<meta property=\"og:site_name\" content=\"K.B.R. Roeien - F.R.B.A. Aviron\" \/>\n<meta property=\"article:modified_time\" content=\"2025-11-28T11:09:17+00:00\" \/>\n<meta property=\"og:image\" content=\"https:\/\/www.rowing.be\/wp-content\/uploads\/2025\/07\/Capture-decran-2025-07-12-a-15.56.21-300x119.png\" \/>\n<meta name=\"twitter:card\" content=\"summary_large_image\" \/>\n<meta name=\"twitter:label1\" content=\"Dur\u00e9e de lecture estim\u00e9e\" \/>\n\t<meta name=\"twitter:data1\" content=\"4 minutes\" \/>\n<script type=\"application\/ld+json\" class=\"yoast-schema-graph\">{\"@context\":\"https:\/\/schema.org\",\"@graph\":[{\"@type\":\"WebPage\",\"@id\":\"https:\/\/www.rowing.be\/fr\/juges-arbitres-et-regates-2\/\",\"url\":\"https:\/\/www.rowing.be\/fr\/juges-arbitres-et-regates-2\/\",\"name\":\"Informations sur les arbitres du camp - K.B.R. Roeien - F.R.B.A. Aviron\",\"isPartOf\":{\"@id\":\"https:\/\/www.rowing.be\/fr\/#website\"},\"primaryImageOfPage\":{\"@id\":\"https:\/\/www.rowing.be\/fr\/juges-arbitres-et-regates-2\/#primaryimage\"},\"image\":{\"@id\":\"https:\/\/www.rowing.be\/fr\/juges-arbitres-et-regates-2\/#primaryimage\"},\"thumbnailUrl\":\"https:\/\/www.rowing.be\/wp-content\/uploads\/2025\/07\/Capture-decran-2025-07-12-a-15.56.21-300x119.png\",\"datePublished\":\"2025-07-29T06:00:27+00:00\",\"dateModified\":\"2025-11-28T11:09:17+00:00\",\"breadcrumb\":{\"@id\":\"https:\/\/www.rowing.be\/fr\/juges-arbitres-et-regates-2\/#breadcrumb\"},\"inLanguage\":\"fr-FR\",\"potentialAction\":[{\"@type\":\"ReadAction\",\"target\":[\"https:\/\/www.rowing.be\/fr\/juges-arbitres-et-regates-2\/\"]}]},{\"@type\":\"ImageObject\",\"inLanguage\":\"fr-FR\",\"@id\":\"https:\/\/www.rowing.be\/fr\/juges-arbitres-et-regates-2\/#primaryimage\",\"url\":\"https:\/\/www.rowing.be\/wp-content\/uploads\/2025\/07\/Capture-decran-2025-07-12-a-15.56.21-300x119.png\",\"contentUrl\":\"https:\/\/www.rowing.be\/wp-content\/uploads\/2025\/07\/Capture-decran-2025-07-12-a-15.56.21-300x119.png\"},{\"@type\":\"BreadcrumbList\",\"@id\":\"https:\/\/www.rowing.be\/fr\/juges-arbitres-et-regates-2\/#breadcrumb\",\"itemListElement\":[{\"@type\":\"ListItem\",\"position\":1,\"name\":\"Accueil\",\"item\":\"https:\/\/www.rowing.be\/fr\/\"},{\"@type\":\"ListItem\",\"position\":2,\"name\":\"Informations sur les arbitres du camp\"}]},{\"@type\":\"WebSite\",\"@id\":\"https:\/\/www.rowing.be\/fr\/#website\",\"url\":\"https:\/\/www.rowing.be\/fr\/\",\"name\":\"K.B.R. Roeien - F.R.B.A. Aviron\",\"description\":\"Welcome to rowing.be \u2013 Join the crew, feel the rhythm.\",\"potentialAction\":[{\"@type\":\"SearchAction\",\"target\":{\"@type\":\"EntryPoint\",\"urlTemplate\":\"https:\/\/www.rowing.be\/fr\/?s={search_term_string}\"},\"query-input\":{\"@type\":\"PropertyValueSpecification\",\"valueRequired\":true,\"valueName\":\"search_term_string\"}}],\"inLanguage\":\"fr-FR\"}]}<\/script>\n<!-- \/ Yoast SEO plugin. -->","yoast_head_json":{"title":"Informations sur les arbitres du camp - K.B.R. Roeien - F.R.B.A. Aviron","robots":{"index":"index","follow":"follow","max-snippet":"max-snippet:-1","max-image-preview":"max-image-preview:large","max-video-preview":"max-video-preview:-1"},"canonical":"https:\/\/www.rowing.be\/fr\/juges-arbitres-et-regates-2\/","og_locale":"fr_FR","og_type":"article","og_title":"Informations sur les arbitres du camp - K.B.R. Roeien - F.R.B.A. Aviron","og_description":"Espace f\u00e9d\u00e9ral Informations pour les arbitres Documents utiles Retrouvez ici tous les documents utiles de la Commission des juges arbitres. CODEX (ver. 2025) D\u00e9plier Download (PDF) F1 Lettre d&rsquo;engagement D\u00e9plier Download (PDF) F2 Modification d&rsquo;\u00e9quipe D\u00e9plier Download (PDF) F3 Forfait D\u00e9plier Download (PDF) F4 R\u00e9capitulation des inscriptions D\u00e9plier Download (PDF) F5 Formulaire d&rsquo;inscriptions D\u00e9plier Pour&hellip;","og_url":"https:\/\/www.rowing.be\/fr\/juges-arbitres-et-regates-2\/","og_site_name":"K.B.R. Roeien - F.R.B.A. Aviron","article_modified_time":"2025-11-28T11:09:17+00:00","og_image":[{"url":"https:\/\/www.rowing.be\/wp-content\/uploads\/2025\/07\/Capture-decran-2025-07-12-a-15.56.21-300x119.png","type":"","width":"","height":""}],"twitter_card":"summary_large_image","twitter_misc":{"Dur\u00e9e de lecture estim\u00e9e":"4 minutes"},"schema":{"@context":"https:\/\/schema.org","@graph":[{"@type":"WebPage","@id":"https:\/\/www.rowing.be\/fr\/juges-arbitres-et-regates-2\/","url":"https:\/\/www.rowing.be\/fr\/juges-arbitres-et-regates-2\/","name":"Informations sur les arbitres du camp - K.B.R. Roeien - F.R.B.A. Aviron","isPartOf":{"@id":"https:\/\/www.rowing.be\/fr\/#website"},"primaryImageOfPage":{"@id":"https:\/\/www.rowing.be\/fr\/juges-arbitres-et-regates-2\/#primaryimage"},"image":{"@id":"https:\/\/www.rowing.be\/fr\/juges-arbitres-et-regates-2\/#primaryimage"},"thumbnailUrl":"https:\/\/www.rowing.be\/wp-content\/uploads\/2025\/07\/Capture-decran-2025-07-12-a-15.56.21-300x119.png","datePublished":"2025-07-29T06:00:27+00:00","dateModified":"2025-11-28T11:09:17+00:00","breadcrumb":{"@id":"https:\/\/www.rowing.be\/fr\/juges-arbitres-et-regates-2\/#breadcrumb"},"inLanguage":"fr-FR","potentialAction":[{"@type":"ReadAction","target":["https:\/\/www.rowing.be\/fr\/juges-arbitres-et-regates-2\/"]}]},{"@type":"ImageObject","inLanguage":"fr-FR","@id":"https:\/\/www.rowing.be\/fr\/juges-arbitres-et-regates-2\/#primaryimage","url":"https:\/\/www.rowing.be\/wp-content\/uploads\/2025\/07\/Capture-decran-2025-07-12-a-15.56.21-300x119.png","contentUrl":"https:\/\/www.rowing.be\/wp-content\/uploads\/2025\/07\/Capture-decran-2025-07-12-a-15.56.21-300x119.png"},{"@type":"BreadcrumbList","@id":"https:\/\/www.rowing.be\/fr\/juges-arbitres-et-regates-2\/#breadcrumb","itemListElement":[{"@type":"ListItem","position":1,"name":"Accueil","item":"https:\/\/www.rowing.be\/fr\/"},{"@type":"ListItem","position":2,"name":"Informations sur les arbitres du camp"}]},{"@type":"WebSite","@id":"https:\/\/www.rowing.be\/fr\/#website","url":"https:\/\/www.rowing.be\/fr\/","name":"K.B.R. Roeien - F.R.B.A. Aviron","description":"Welcome to rowing.be \u2013 Join the crew, feel the rhythm.","potentialAction":[{"@type":"SearchAction","target":{"@type":"EntryPoint","urlTemplate":"https:\/\/www.rowing.be\/fr\/?s={search_term_string}"},"query-input":{"@type":"PropertyValueSpecification","valueRequired":true,"valueName":"search_term_string"}}],"inLanguage":"fr-FR"}]}},"_links":{"self":[{"href":"https:\/\/www.rowing.be\/fr\/wp-json\/wp\/v2\/pages\/786","targetHints":{"allow":["GET"]}}],"collection":[{"href":"https:\/\/www.rowing.be\/fr\/wp-json\/wp\/v2\/pages"}],"about":[{"href":"https:\/\/www.rowing.be\/fr\/wp-json\/wp\/v2\/types\/page"}],"author":[{"embeddable":true,"href":"https:\/\/www.rowing.be\/fr\/wp-json\/wp\/v2\/users\/2"}],"replies":[{"embeddable":true,"href":"https:\/\/www.rowing.be\/fr\/wp-json\/wp\/v2\/comments?post=786"}],"version-history":[{"count":8,"href":"https:\/\/www.rowing.be\/fr\/wp-json\/wp\/v2\/pages\/786\/revisions"}],"predecessor-version":[{"id":3168,"href":"https:\/\/www.rowing.be\/fr\/wp-json\/wp\/v2\/pages\/786\/revisions\/3168"}],"wp:attachment":[{"href":"https:\/\/www.rowing.be\/fr\/wp-json\/wp\/v2\/media?parent=786"}],"curies":[{"name":"wp","href":"https:\/\/api.w.org\/{rel}","templated":true}]}}