{"id":769,"date":"2025-07-07T17:32:52","date_gmt":"2025-07-07T15:32:52","guid":{"rendered":"https:\/\/www.rowing.ovh\/commissions-federales-2\/"},"modified":"2026-01-16T09:48:31","modified_gmt":"2026-01-16T08:48:31","slug":"commissions-federales-2","status":"publish","type":"page","link":"https:\/\/www.rowing.be\/fr\/commissions-federales-2\/","title":{"rendered":"Commissions f\u00e9d\u00e9rales"},"content":{"rendered":"\n\n\t<p>Espace f\u00e9d\u00e9ral<\/p>\n\t<h1>Commissions f\u00e9d\u00e9rales<\/h1>\n\t<ol>\n<li><a href=\"#bloc1\">Commission f\u00e9d\u00e9rale des juges et des r\u00e9gates<\/a><\/li>\n<li><a href=\"#bloc2\">Commission technique f\u00e9d\u00e9rale du sport<\/a><\/li>\n<li><a href=\"#bloc3\">Groupe \u00a0de travail sur l&rsquo;aviron et la sant\u00e9<\/a><\/li>\n<li><a href=\"#bloc4\">Conseiller juridique<\/a><\/li>\n<li><a href=\"#bloc5\">Comit\u00e9 consultatif f\u00e9d\u00e9ral<\/a><\/li>\n<\/ol>\n\t<p><strong>1. Commission f\u00e9d\u00e9rale des juges et des r\u00e9gates<\/strong><\/p>\n\t<ul>\n<li>Est le porte-parole du National Camp Judges College aupr\u00e8s du conseil d&rsquo;administration.<\/li>\n<li>Responsable de la formation des juges adjoints nationaux, nationaux et candidats internationaux des camps.<\/li>\n<li>Administre le test pour l&rsquo;obtention du permis d&rsquo;arbitre national adjoint et d&rsquo;arbitre national de camp.<\/li>\n<li>D\u00e9signe les jurys de toutes les \u00e9preuves de r\u00e9gates belges inscrites au calendrier national des r\u00e9gates.<\/li>\n<li>Conseille le conseil d&rsquo;administration sur la nomination de candidats juges internationaux pour les r\u00e9gates internationales \u00e0 l&rsquo;\u00e9tranger, les comp\u00e9titions nationales, les championnats d&rsquo;Europe, les championnats du monde et les Jeux olympiques ou paralympiques.<\/li>\n<li>Donne son avis sur les propositions d&rsquo;amendements au code national de l&rsquo;aviron et \u00e0 ses d\u00e9crets d&rsquo;application, d\u00e9coulant des amendements au code de la F.I.S.A. ; ou d&rsquo;autres propositions soumises par des particuliers, des membres d&rsquo;un club d&rsquo;aviron belge, des clubs d&rsquo;aviron belges, d&rsquo;une des ligues, d&rsquo;une commission f\u00e9d\u00e9rale ou du conseil d&rsquo;administration du FRBA<\/li>\n<li>Donne son avis sur la conformit\u00e9 des programmes pr\u00e9liminaires soumis par les clubs d&rsquo;aviron belges avec le code national d&rsquo;aviron pour les comp\u00e9titions d&rsquo;aviron figurant au calendrier national des r\u00e9gates.<\/li>\n<li>Fournir des conseils sur les appels contre les d\u00e9cisions d&rsquo;un jury.<\/li>\n<li>Les membres doivent au moins \u00eatre titulaires d&rsquo;une licence nationale d&rsquo;arbitre.<\/li>\n<li>R\u00e9dige un rapport technique pour chaque r\u00e9gate inscrite au calendrier belge. \u00c0 cet effet, il d\u00e9signe le d\u00e9l\u00e9gu\u00e9 technique de chaque r\u00e9gate, qui fera office de rapporteur.<\/li>\n<li>Conseille sur l&rsquo;inclusion des r\u00e9gates belges dans le calendrier international des r\u00e9gates de la FISA.<\/li>\n<li>Conseille sur le format et le contenu des championnats et coupes nationales belges.<\/li>\n<li>Convoque une r\u00e9union de tous les organisateurs de r\u00e9gates si n\u00e9cessaire.<\/li>\n<\/ul>\n\t<p><b>Samenstelling<\/b><\/p>\n<ul>\n<li>Pr\u00e9sidente : Chantal Neirinckx\n<ul>\n<li>email : <a href=\"mailto:chantal.neirinckx@skynet.be\">chantal.neirinckx@skynet.be<\/a><\/li>\n<li>GSM : +32 476 33 95 63<\/li>\n<li>Club : KRSG<\/li>\n<\/ul>\n<\/li>\n<li>Annemarie De Wispelaere\n<ul>\n<li>email : <a href=\"mailto:Annemarie_dw@yahoo.co.uk\">Annemarie_dw@yahoo.co.uk<\/a><\/li>\n<li>GSM : +32 473 58 35 97<\/li>\n<li>Club : KRCG<\/li>\n<\/ul>\n<\/li>\n<li>Carmen Hinterding\n<ul>\n<li>email : <a href=\"mailto:carmen.hinterding@hotmail.com\">carmen.hinterding@hotmail.com<\/a><\/li>\n<li>Tel : +32 494 63 27 36<\/li>\n<li>Club : KRB<\/li>\n<\/ul>\n<\/li>\n<li>Martine Dimouawa\n<ul>\n<li>email : <a href=\"mailto:dimouawa@gmail.com\">dimouawa@gmail.com<\/a><\/li>\n<li>GSM : +32 472 58 22 64<\/li>\n<li>Club : UNB<\/li>\n<\/ul>\n<\/li>\n<li>Jean-Pierre Follet\n<ul>\n<li>email : <a href=\"mailto:follet.jp@scarlet.be\">follet.jp@scarlet.be<\/a><\/li>\n<li>GSM : +32 472 58 22 64<\/li>\n<li>Club : UNB<\/li>\n<\/ul>\n<\/li>\n<li>Guillaume Noiset\n<ul>\n<li>email : <a href=\"mailto:noiset.guillaume@gmail.com\">noiset.guillaume@gmail.com<\/a><\/li>\n<li>GSM : +32 479 28 47 52<\/li>\n<li>Club : Corps royal canadien de marine<\/li>\n<\/ul>\n<\/li>\n<li>Patrick Rombaut\n<ul>\n<li>email : <a href=\"mailto:patrick_rombaut@telenet.be\">patrick_rombaut@telenet.be<\/a><\/li>\n<li>GSM : +32 477 55 42 08<\/li>\n<li>Club : KRSG<\/li>\n<\/ul>\n<\/li>\n<\/ul>\n\t\t\t<a href=\"#top\"  target=\"_self\">\n\t\t\t\t\t\t\tTop\n\t\t\t<\/a>\n\t<p><strong>2. Commission technique f\u00e9d\u00e9rale du sport<\/strong><\/p>\n\t<ul>\n<li>Les directeurs techniques des deux ligues sont copr\u00e9sidents de droit du comit\u00e9, compl\u00e9t\u00e9s par six membres : trois membres de la Ligue flamande d&rsquo;aviron et trois membres de la Ligue francophone d&rsquo;aviron.<\/li>\n<li>Conseille sur l&rsquo;\u00e9laboration de crit\u00e8res de s\u00e9lection nationaux pour la participation \u00e0 des r\u00e9gates de s\u00e9lection internationales, \u00e0 des r\u00e9unions internationales d&rsquo;\u00e9quipes nationales, \u00e0 des championnats du monde ou aux Jeux olympiques.<\/li>\n<li>Conseille sur l&rsquo;\u00e9laboration des crit\u00e8res de s\u00e9lection internationaux.<\/li>\n<li>Fournit des conseils contraignants sur la composition et la s\u00e9lection finale des \u00e9quipes nationales, dont il ne peut \u00eatre d\u00e9rog\u00e9 que pour des raisons financi\u00e8res justifi\u00e9es.<\/li>\n<li>Conseille sur l&rsquo;\u00e9quipement (v\u00eatements et mat\u00e9riel d&rsquo;aviron) des \u00e9quipes nationales.<\/li>\n<li>Conseille sur la nomination des directeurs d&rsquo;\u00e9quipe des \u00e9quipes nationales.<\/li>\n<li>Conseille les juges f\u00e9d\u00e9raux et la Commission des r\u00e9gates sur tout ajustement au calendrier national des r\u00e9gates.<\/li>\n<li>Conseils sur l&rsquo;enregistrement des tests nationaux<\/li>\n<li>Si le Conseil d&rsquo;administration du KBR ne suit pas l&rsquo;avis de la Commission technique f\u00e9d\u00e9rale des sports, une r\u00e9union doit \u00eatre convoqu\u00e9e, \u00e0 laquelle participeront tous les membres du Conseil d&rsquo;administration et de la Commission.<\/li>\n<\/ul>\n\t<p><b>Samenstelling<\/b><\/p>\n<ul>\n<li>Copresident : Paul Mosser\n<ul>\n<li>email : <a href=\"mailto:p.mosser@aviron.be\">p.mosser@aviron.be<\/a><\/li>\n<li>GSM : +32 468 08 63 37<\/li>\n<li>Ligue : LFA<\/li>\n<\/ul>\n<\/li>\n<li>Copr\u00e9sident : Hannes Obreno\n<ul>\n<li>email : <a href=\"mailto:hannes.obreno@vlaamse-roeilliga.be\">hannes.obreno@vlaamse-roeilliga.be<\/a><\/li>\n<li>Tel : +32 9 243 12 50<\/li>\n<li>Ligue : VRL<\/li>\n<\/ul>\n<\/li>\n<li>Annelies Bredael\n<ul>\n<li>email :<\/li>\n<li>GSM : +32 495 11 74 75<\/li>\n<li>Ligue : VRL<\/li>\n<\/ul>\n<\/li>\n<li>Jan Boone\n<ul>\n<li>email : <a href=\"mailto:jan.boone@ugent.be\">jan.boone@ugent.be<\/a><\/li>\n<li>GSM : +32 476 35 42 59<\/li>\n<li>Club : KRCG<\/li>\n<\/ul>\n<\/li>\n<li>Oliver Olbregts\n<ul>\n<li>email : <a href=\"mailto:olivier.olbregts@hotmail.fr\">olivier.olbregts@hotmail.fr<\/a><\/li>\n<li>GSM : +32 477 36 89 61<\/li>\n<li>Ligue : LFA<\/li>\n<\/ul>\n<\/li>\n<li>Louis Timmers\n<ul>\n<li>email : <a href=\"mailto:timbo5153@hotmail.com\">timbo5153@hotmail.com<\/a><\/li>\n<li>GSM : +32 496 81 27 36<\/li>\n<li>Ligue : LFA<\/li>\n<\/ul>\n<\/li>\n<li>Louis Toussaint\n<ul>\n<li>email : <a href=\"mailto:l.toussaint@aviron.be\">l.toussaint@aviron.be<\/a><\/li>\n<li>Liga : +32 477 96 78 48<\/li>\n<li>Club : LFA<\/li>\n<\/ul>\n<\/li>\n<\/ul>\n\t\t\t<a href=\"#top\"  target=\"_self\">\n\t\t\t\t\t\t\tTop\n\t\t\t<\/a>\n\t<p><strong>3. Groupe de travail sur l&rsquo;aviron et la sant\u00e9<\/strong><\/p>\n\t<strong>Note pr\u00e9liminaire :<\/strong><br \/>\nDans une nouvelle version (2021) du r\u00e8glement int\u00e9rieur de la FRBA, les Ligues ont d\u00e9cid\u00e9 de supprimer la Commission m\u00e9dicale f\u00e9d\u00e9rale du sport et de transf\u00e9rer ses comp\u00e9tences aux deux Ligues pour la supervision des \u00e9lites.\nLa FRBA continuera d&rsquo;informer les rameurs sur d&rsquo;autres sujets d&rsquo;int\u00e9r\u00eat g\u00e9n\u00e9ral li\u00e9s \u00e0 l&rsquo;aviron et \u00e0 la sant\u00e9.<br \/>\nL&rsquo;objectif est de recueillir des donn\u00e9es sur ce sujet, qui concerne tous les rameurs et ceux qui ne le pratiquent pas encore.<br \/>\nPar exemple, plusieurs projets collaboratifs sont en cours pour exploiter les bienfaits de l&rsquo;aviron pour la r\u00e9\u00e9ducation, notamment chez les personnes atteintes de cancer.<br \/>\nLa FRBA propose donc de recueillir des donn\u00e9es utiles sur ce sujet, une t\u00e2che complexe.<br \/>\nUn groupe de travail interne \u00e0 la FRBA sera cr\u00e9\u00e9 pour collecter ces donn\u00e9es.\n<p>La FRBA continuera d&rsquo;informer les rameurs sur d&rsquo;autres questions d&rsquo;int\u00e9r\u00eat g\u00e9n\u00e9ral relatives \u00e0 la sant\u00e9 et au sport.<\/p>\n\t\t\t<a href=\"#top\"  target=\"_self\">\n\t\t\t\t\t\t\tTop\n\t\t\t<\/a>\n\t<p><strong>4. Conseiller juridique : Luc Willev<\/strong><\/p>\n\t<ul>\n<li>conseille chaque partie requ\u00e9rante (K.B.R., V.R.L., L.F.A., les clubs d&rsquo;aviron flamands, les clubs d&rsquo;aviron francophones et les titulaires de permis individuels) sur l&rsquo;interpr\u00e9tation correcte des statuts et du r\u00e8glement int\u00e9rieur de la FRBA<\/li>\n<li>Conseille, apr\u00e8s consultation de la Commission f\u00e9d\u00e9rale des finances, du sponsoring et de la logistique, sur les obligations juridiques contractuelles \u00e0 conclure ou conclues avec d&rsquo;\u00e9ventuels sponsors.<\/li>\n<\/ul>\n\t<p><strong>5. Comit\u00e9 consultatif f\u00e9d\u00e9ral<\/strong><\/p>\n\t<ul>\n<li>Elle est compos\u00e9e de dix personnes, \u00e0 savoir le Pr\u00e9sident, la vice-Pr\u00e9sidente, le secr\u00e9taire g\u00e9n\u00e9ral et le tr\u00e9sorier de l&rsquo;asbl FRBA ; le pr\u00e9sident, le secr\u00e9taire g\u00e9n\u00e9ral et le tr\u00e9sorier de l&rsquo;asbl Vlaamse Roeiliga ; et le pr\u00e9sident, le secr\u00e9taire g\u00e9n\u00e9ral et le tr\u00e9sorier de la Ligue Francophone d&rsquo;Aviron a.s.b.l.<\/li>\n<li>Si l&rsquo;un des membres du comit\u00e9 occupe plusieurs fonctions \u00e9num\u00e9r\u00e9es \u00e0 l&rsquo;article 1, il peut \u00eatre remplac\u00e9 par une personne appartenant au m\u00eame organisme sans but lucratif.<\/li>\n<li>Le Comit\u00e9 se r\u00e9unit au moins deux fois par an \u00e0 l&rsquo;initiative du pr\u00e9sident de la FRBA ou d\u00e8s qu&rsquo;une organisation \u00e0 but non lucratif en fait la demande \u00e9crite au secr\u00e9taire g\u00e9n\u00e9ral de la FRBA. Dans ce dernier cas, le secr\u00e9taire invite les parties concern\u00e9es \u00e0 une r\u00e9union au plus tard dix jours calendaires apr\u00e8s r\u00e9ception de la demande susmentionn\u00e9e.<\/li>\n<li>Il s&rsquo;agit d&rsquo;un organe consultatif destin\u00e9 \u00e0 maintenir des relations optimales entre de la FRBA et les deux ligues r\u00e9gionales, dans tous les domaines.<\/li>\n<\/ul>\n\t<p><b>Samenstelling<\/b><\/p>\n<ul>\n<li>Jean-Marie Rigo\n<ul>\n<li>email : <a href=\"mailto:jmr@jmrigo.be\">jmr@jmrigo.be<\/a><\/li>\n<li>GSM : +32 475 72 34 99<\/li>\n<li>Fed : KBR<\/li>\n<\/ul>\n<\/li>\n<li>Gwenda Stevens\n<ul>\n<li>email : <a href=\"mailto:gwenda.stevens@rowing.be\">gwenda.stevens@rowing.be<\/a><\/li>\n<li>GSM : +32 497 73 49 78<\/li>\n<li>Fed : KBR<\/li>\n<\/ul>\n<\/li>\n<li>Charles-Henri Dallemagne\n<ul>\n<li>email : <a href=\"mailto:secretaris@rowing.be\">secretaris@rowing.be<\/a><\/li>\n<li>GSM : +32 475 22 05 65<\/li>\n<li>Fed : KBR<\/li>\n<\/ul>\n<\/li>\n<li>Michel Ricard\n<ul>\n<li>email : <a href=\"mailto:michricard@hotmail.com\">michricard@hotmail.com<\/a><\/li>\n<li>GSM : +32 478 31 05 46<\/li>\n<li>Fed : KRB<\/li>\n<\/ul>\n<\/li>\n<li>Mike Galet\n<ul>\n<li>email : <a href=\"mailto:mikeartkunst@gmail.com\">mikeartkunst@gmail.com<\/a><\/li>\n<li>GSM : +32 496 37 01 68<\/li>\n<li>Ligue : VRL<\/li>\n<\/ul>\n<\/li>\n<li>Ward Bosmans\n<ul>\n<li>email : <a href=\"mailto:wardbosmans@telenet.be\">wardbosmans@telenet.be<\/a><\/li>\n<li>GSM : +32 477 27 03 73<\/li>\n<li>Ligue : VRL<\/li>\n<\/ul>\n<\/li>\n<li>Patrick Rombaut\n<ul>\n<li>email : Patrick_rombaut@telenet.be<\/li>\n<li>GSM : +32 xxx xx xx xx<\/li>\n<li>Ligue : VRL<\/li>\n<\/ul>\n<\/li>\n<li>Pim Raaben\n<ul>\n<li>email : <a href=\"mailto:pim.raaben@vlaamse-roeiliga.be\">pim.raaben@vlaamse-roeiliga.be<\/a><\/li>\n<li>GSM : +32 477 48 66 02<\/li>\n<li>Ligue : VRL<\/li>\n<\/ul>\n<\/li>\n<li>Remy Moulin\n<ul>\n<li>email : <a href=\"mailto:r.moulin@aviron.be\">r.moulin@aviron.be<\/a><\/li>\n<li>GSM : +32 478 86 90 52<\/li>\n<li>Ligue : LFA<\/li>\n<\/ul>\n<\/li>\n<li>Jean Somers\n<ul>\n<li>email : <a href=\"mailto:jean.somers.be@gmail.com\">jean.somers.be@gmail.com<\/a><\/li>\n<li>GSM : +32 471 70 19 91<\/li>\n<li>Ligue : LFA<\/li>\n<\/ul>\n<\/li>\n<li>Annick Vandeveire\n<ul>\n<li>\n<ul>\n<li>email : <a href=\"mailto:fb220172@skynet.be\">fb220172@skynet.be<\/a><\/li>\n<li>GSM : +32 477 56 26 97<\/li>\n<li>Ligue : LFA<\/li>\n<\/ul>\n<\/li>\n<\/ul>\n<\/li>\n<\/ul>\n\t\t\t<a href=\"#top\"  target=\"_self\">\n\t\t\t\t\t\t\tTop\n\t\t\t<\/a>\n\n","protected":false},"excerpt":{"rendered":"<p>Espace f\u00e9d\u00e9ral Commissions f\u00e9d\u00e9rales Commission f\u00e9d\u00e9rale des juges et des r\u00e9gates Commission technique f\u00e9d\u00e9rale du sport Groupe \u00a0de travail sur l&rsquo;aviron et la sant\u00e9 Conseiller juridique Comit\u00e9 consultatif f\u00e9d\u00e9ral 1. Commission f\u00e9d\u00e9rale des juges et des r\u00e9gates Est le porte-parole du National Camp Judges College aupr\u00e8s du conseil d&rsquo;administration. Responsable de la formation des juges&hellip;<\/p>\n","protected":false},"author":2,"featured_media":0,"parent":0,"menu_order":0,"comment_status":"closed","ping_status":"closed","template":"","meta":{"footnotes":""},"class_list":["post-769","page","type-page","status-publish","hentry"],"yoast_head":"<!-- This site is optimized with the Yoast SEO plugin v26.8 - https:\/\/yoast.com\/product\/yoast-seo-wordpress\/ -->\n<title>Commissions f\u00e9d\u00e9rales - K.B.R. Roeien - F.R.B.A. Aviron<\/title>\n<meta name=\"robots\" content=\"index, follow, max-snippet:-1, max-image-preview:large, max-video-preview:-1\" \/>\n<link rel=\"canonical\" href=\"https:\/\/www.rowing.be\/fr\/commissions-federales-2\/\" \/>\n<meta property=\"og:locale\" content=\"fr_FR\" \/>\n<meta property=\"og:type\" content=\"article\" \/>\n<meta property=\"og:title\" content=\"Commissions f\u00e9d\u00e9rales - K.B.R. Roeien - F.R.B.A. Aviron\" \/>\n<meta property=\"og:description\" content=\"Espace f\u00e9d\u00e9ral Commissions f\u00e9d\u00e9rales Commission f\u00e9d\u00e9rale des juges et des r\u00e9gates Commission technique f\u00e9d\u00e9rale du sport Groupe \u00a0de travail sur l&rsquo;aviron et la sant\u00e9 Conseiller juridique Comit\u00e9 consultatif f\u00e9d\u00e9ral 1. Commission f\u00e9d\u00e9rale des juges et des r\u00e9gates Est le porte-parole du National Camp Judges College aupr\u00e8s du conseil d&rsquo;administration. Responsable de la formation des juges&hellip;\" \/>\n<meta property=\"og:url\" content=\"https:\/\/www.rowing.be\/fr\/commissions-federales-2\/\" \/>\n<meta property=\"og:site_name\" content=\"K.B.R. Roeien - F.R.B.A. Aviron\" \/>\n<meta property=\"article:modified_time\" content=\"2026-01-16T08:48:31+00:00\" \/>\n<meta name=\"twitter:card\" content=\"summary_large_image\" \/>\n<meta name=\"twitter:label1\" content=\"Dur\u00e9e de lecture estim\u00e9e\" \/>\n\t<meta name=\"twitter:data1\" content=\"7 minutes\" \/>\n<script type=\"application\/ld+json\" class=\"yoast-schema-graph\">{\"@context\":\"https:\/\/schema.org\",\"@graph\":[{\"@type\":\"WebPage\",\"@id\":\"https:\/\/www.rowing.be\/fr\/commissions-federales-2\/\",\"url\":\"https:\/\/www.rowing.be\/fr\/commissions-federales-2\/\",\"name\":\"Commissions f\u00e9d\u00e9rales - K.B.R. Roeien - F.R.B.A. Aviron\",\"isPartOf\":{\"@id\":\"https:\/\/www.rowing.be\/fr\/#website\"},\"datePublished\":\"2025-07-07T15:32:52+00:00\",\"dateModified\":\"2026-01-16T08:48:31+00:00\",\"breadcrumb\":{\"@id\":\"https:\/\/www.rowing.be\/fr\/commissions-federales-2\/#breadcrumb\"},\"inLanguage\":\"fr-FR\",\"potentialAction\":[{\"@type\":\"ReadAction\",\"target\":[\"https:\/\/www.rowing.be\/fr\/commissions-federales-2\/\"]}]},{\"@type\":\"BreadcrumbList\",\"@id\":\"https:\/\/www.rowing.be\/fr\/commissions-federales-2\/#breadcrumb\",\"itemListElement\":[{\"@type\":\"ListItem\",\"position\":1,\"name\":\"Accueil\",\"item\":\"https:\/\/www.rowing.be\/fr\/\"},{\"@type\":\"ListItem\",\"position\":2,\"name\":\"Commissions f\u00e9d\u00e9rales\"}]},{\"@type\":\"WebSite\",\"@id\":\"https:\/\/www.rowing.be\/fr\/#website\",\"url\":\"https:\/\/www.rowing.be\/fr\/\",\"name\":\"K.B.R. Roeien - F.R.B.A. Aviron\",\"description\":\"Welcome to rowing.be \u2013 Join the crew, feel the rhythm.\",\"potentialAction\":[{\"@type\":\"SearchAction\",\"target\":{\"@type\":\"EntryPoint\",\"urlTemplate\":\"https:\/\/www.rowing.be\/fr\/?s={search_term_string}\"},\"query-input\":{\"@type\":\"PropertyValueSpecification\",\"valueRequired\":true,\"valueName\":\"search_term_string\"}}],\"inLanguage\":\"fr-FR\"}]}<\/script>\n<!-- \/ Yoast SEO plugin. -->","yoast_head_json":{"title":"Commissions f\u00e9d\u00e9rales - K.B.R. Roeien - F.R.B.A. Aviron","robots":{"index":"index","follow":"follow","max-snippet":"max-snippet:-1","max-image-preview":"max-image-preview:large","max-video-preview":"max-video-preview:-1"},"canonical":"https:\/\/www.rowing.be\/fr\/commissions-federales-2\/","og_locale":"fr_FR","og_type":"article","og_title":"Commissions f\u00e9d\u00e9rales - K.B.R. Roeien - F.R.B.A. Aviron","og_description":"Espace f\u00e9d\u00e9ral Commissions f\u00e9d\u00e9rales Commission f\u00e9d\u00e9rale des juges et des r\u00e9gates Commission technique f\u00e9d\u00e9rale du sport Groupe \u00a0de travail sur l&rsquo;aviron et la sant\u00e9 Conseiller juridique Comit\u00e9 consultatif f\u00e9d\u00e9ral 1. Commission f\u00e9d\u00e9rale des juges et des r\u00e9gates Est le porte-parole du National Camp Judges College aupr\u00e8s du conseil d&rsquo;administration. Responsable de la formation des juges&hellip;","og_url":"https:\/\/www.rowing.be\/fr\/commissions-federales-2\/","og_site_name":"K.B.R. Roeien - F.R.B.A. Aviron","article_modified_time":"2026-01-16T08:48:31+00:00","twitter_card":"summary_large_image","twitter_misc":{"Dur\u00e9e de lecture estim\u00e9e":"7 minutes"},"schema":{"@context":"https:\/\/schema.org","@graph":[{"@type":"WebPage","@id":"https:\/\/www.rowing.be\/fr\/commissions-federales-2\/","url":"https:\/\/www.rowing.be\/fr\/commissions-federales-2\/","name":"Commissions f\u00e9d\u00e9rales - K.B.R. Roeien - F.R.B.A. Aviron","isPartOf":{"@id":"https:\/\/www.rowing.be\/fr\/#website"},"datePublished":"2025-07-07T15:32:52+00:00","dateModified":"2026-01-16T08:48:31+00:00","breadcrumb":{"@id":"https:\/\/www.rowing.be\/fr\/commissions-federales-2\/#breadcrumb"},"inLanguage":"fr-FR","potentialAction":[{"@type":"ReadAction","target":["https:\/\/www.rowing.be\/fr\/commissions-federales-2\/"]}]},{"@type":"BreadcrumbList","@id":"https:\/\/www.rowing.be\/fr\/commissions-federales-2\/#breadcrumb","itemListElement":[{"@type":"ListItem","position":1,"name":"Accueil","item":"https:\/\/www.rowing.be\/fr\/"},{"@type":"ListItem","position":2,"name":"Commissions f\u00e9d\u00e9rales"}]},{"@type":"WebSite","@id":"https:\/\/www.rowing.be\/fr\/#website","url":"https:\/\/www.rowing.be\/fr\/","name":"K.B.R. Roeien - F.R.B.A. Aviron","description":"Welcome to rowing.be \u2013 Join the crew, feel the rhythm.","potentialAction":[{"@type":"SearchAction","target":{"@type":"EntryPoint","urlTemplate":"https:\/\/www.rowing.be\/fr\/?s={search_term_string}"},"query-input":{"@type":"PropertyValueSpecification","valueRequired":true,"valueName":"search_term_string"}}],"inLanguage":"fr-FR"}]}},"_links":{"self":[{"href":"https:\/\/www.rowing.be\/fr\/wp-json\/wp\/v2\/pages\/769","targetHints":{"allow":["GET"]}}],"collection":[{"href":"https:\/\/www.rowing.be\/fr\/wp-json\/wp\/v2\/pages"}],"about":[{"href":"https:\/\/www.rowing.be\/fr\/wp-json\/wp\/v2\/types\/page"}],"author":[{"embeddable":true,"href":"https:\/\/www.rowing.be\/fr\/wp-json\/wp\/v2\/users\/2"}],"replies":[{"embeddable":true,"href":"https:\/\/www.rowing.be\/fr\/wp-json\/wp\/v2\/comments?post=769"}],"version-history":[{"count":7,"href":"https:\/\/www.rowing.be\/fr\/wp-json\/wp\/v2\/pages\/769\/revisions"}],"predecessor-version":[{"id":3248,"href":"https:\/\/www.rowing.be\/fr\/wp-json\/wp\/v2\/pages\/769\/revisions\/3248"}],"wp:attachment":[{"href":"https:\/\/www.rowing.be\/fr\/wp-json\/wp\/v2\/media?parent=769"}],"curies":[{"name":"wp","href":"https:\/\/api.w.org\/{rel}","templated":true}]}}