{"id":764,"date":"2025-07-08T17:29:04","date_gmt":"2025-07-08T15:29:04","guid":{"rendered":"https:\/\/www.rowing.ovh\/espace-federal\/"},"modified":"2025-08-07T11:55:01","modified_gmt":"2025-08-07T09:55:01","slug":"espace-federal","status":"publish","type":"page","link":"https:\/\/www.rowing.be\/fr\/espace-federal\/","title":{"rendered":"Espace f\u00e9d\u00e9ral"},"content":{"rendered":"\n\n\t<p>Espace f\u00e9d\u00e9ral<\/p>\n\t<h1>G\u00e9n\u00e9ralit\u00e9s<\/h1>\n\t<p>Chaque comit\u00e9 f\u00e9d\u00e9ral, \u00e0 l&rsquo;exception du Comit\u00e9 f\u00e9d\u00e9ral de concertation, est compos\u00e9 de six membres : trois de la Ligue flamande d&rsquo;aviron et trois de la Ligue francophone d&rsquo;aviron, nomm\u00e9s par les ligues respectives et confirm\u00e9s annuellement par elles.<\/p>\n<p>Un compte rendu \u00e9crit de chaque r\u00e9union est \u00e9tabli et remis dans un d\u00e9lai de huit jours calendaires au Secr\u00e9taire G\u00e9n\u00e9ral du K.B.R., qui \u00e0 son tour en fournit sans d\u00e9lai une copie \u00e0 toutes les personnes et\/ou parties concern\u00e9es.<\/p>\n<p>De son c\u00f4t\u00e9, le Secr\u00e9taire g\u00e9n\u00e9ral doit fournir imm\u00e9diatement au secr\u00e9taire de la commission f\u00e9d\u00e9rale concern\u00e9e toutes les informations re\u00e7ues de tiers et relatives au fonctionnement des commissions f\u00e9d\u00e9rales.<\/p>\n<p>Au sein de chaque comit\u00e9 f\u00e9d\u00e9ral, un pr\u00e9sident et un secr\u00e9taire sont nomm\u00e9s chaque ann\u00e9e. Le pr\u00e9sident pr\u00e9side les r\u00e9unions du comit\u00e9, tandis que le secr\u00e9taire en est le rapporteur. La parit\u00e9 linguistique n&rsquo;est pas requise pour les deux postes susmentionn\u00e9s.<\/p>\n<p>Sont membres consultatifs de droit d&rsquo;une commission f\u00e9d\u00e9rale particuli\u00e8re : les personnes qui sont membres d&rsquo;une commission analogue de la F.I.S.A.<\/p>\n\t\t\t\t\t\t\t\t\t<img decoding=\"async\" src=\"https:\/\/www.rowing.be\/wp-content\/uploads\/bb-plugin\/cache\/sportsman-single-scull-man-rower-rowing-boat-scaled-square.jpg\" alt=\"Sportsman single scull man rower rowing technique on boat. Paddle oar splash movement\" itemprop=\"image\" title=\"Sportsman single scull man rower rowing on boat\" onerror=\"this.style.display='none'\"  \/>\n\n","protected":false},"excerpt":{"rendered":"<p>Espace f\u00e9d\u00e9ral G\u00e9n\u00e9ralit\u00e9s Chaque comit\u00e9 f\u00e9d\u00e9ral, \u00e0 l&rsquo;exception du Comit\u00e9 f\u00e9d\u00e9ral de concertation, est compos\u00e9 de six membres : trois de la Ligue flamande d&rsquo;aviron et trois de la Ligue francophone d&rsquo;aviron, nomm\u00e9s par les ligues respectives et confirm\u00e9s annuellement par elles. Un compte rendu \u00e9crit de chaque r\u00e9union est \u00e9tabli et remis dans un&hellip;<\/p>\n","protected":false},"author":2,"featured_media":0,"parent":0,"menu_order":0,"comment_status":"closed","ping_status":"closed","template":"","meta":{"footnotes":""},"class_list":["post-764","page","type-page","status-publish","hentry"],"yoast_head":"<!-- This site is optimized with the Yoast SEO plugin v26.8 - https:\/\/yoast.com\/product\/yoast-seo-wordpress\/ -->\n<title>Espace f\u00e9d\u00e9ral - K.B.R. Roeien - F.R.B.A. Aviron<\/title>\n<meta name=\"robots\" content=\"index, follow, max-snippet:-1, max-image-preview:large, max-video-preview:-1\" \/>\n<link rel=\"canonical\" href=\"https:\/\/www.rowing.be\/fr\/espace-federal\/\" \/>\n<meta property=\"og:locale\" content=\"fr_FR\" \/>\n<meta property=\"og:type\" content=\"article\" \/>\n<meta property=\"og:title\" content=\"Espace f\u00e9d\u00e9ral - K.B.R. Roeien - F.R.B.A. Aviron\" \/>\n<meta property=\"og:description\" content=\"Espace f\u00e9d\u00e9ral G\u00e9n\u00e9ralit\u00e9s Chaque comit\u00e9 f\u00e9d\u00e9ral, \u00e0 l&rsquo;exception du Comit\u00e9 f\u00e9d\u00e9ral de concertation, est compos\u00e9 de six membres : trois de la Ligue flamande d&rsquo;aviron et trois de la Ligue francophone d&rsquo;aviron, nomm\u00e9s par les ligues respectives et confirm\u00e9s annuellement par elles. Un compte rendu \u00e9crit de chaque r\u00e9union est \u00e9tabli et remis dans un&hellip;\" \/>\n<meta property=\"og:url\" content=\"https:\/\/www.rowing.be\/fr\/espace-federal\/\" \/>\n<meta property=\"og:site_name\" content=\"K.B.R. Roeien - F.R.B.A. Aviron\" \/>\n<meta property=\"article:modified_time\" content=\"2025-08-07T09:55:01+00:00\" \/>\n<meta property=\"og:image\" content=\"https:\/\/www.rowing.be\/wp-content\/uploads\/bb-plugin\/cache\/sportsman-single-scull-man-rower-rowing-boat-scaled-square.jpg\" \/>\n<meta name=\"twitter:card\" content=\"summary_large_image\" \/>\n<meta name=\"twitter:label1\" content=\"Dur\u00e9e de lecture estim\u00e9e\" \/>\n\t<meta name=\"twitter:data1\" content=\"1 minute\" \/>\n<script type=\"application\/ld+json\" class=\"yoast-schema-graph\">{\"@context\":\"https:\/\/schema.org\",\"@graph\":[{\"@type\":\"WebPage\",\"@id\":\"https:\/\/www.rowing.be\/fr\/espace-federal\/\",\"url\":\"https:\/\/www.rowing.be\/fr\/espace-federal\/\",\"name\":\"Espace f\u00e9d\u00e9ral - K.B.R. Roeien - F.R.B.A. Aviron\",\"isPartOf\":{\"@id\":\"https:\/\/www.rowing.be\/fr\/#website\"},\"primaryImageOfPage\":{\"@id\":\"https:\/\/www.rowing.be\/fr\/espace-federal\/#primaryimage\"},\"image\":{\"@id\":\"https:\/\/www.rowing.be\/fr\/espace-federal\/#primaryimage\"},\"thumbnailUrl\":\"https:\/\/www.rowing.be\/wp-content\/uploads\/bb-plugin\/cache\/sportsman-single-scull-man-rower-rowing-boat-scaled-square.jpg\",\"datePublished\":\"2025-07-08T15:29:04+00:00\",\"dateModified\":\"2025-08-07T09:55:01+00:00\",\"breadcrumb\":{\"@id\":\"https:\/\/www.rowing.be\/fr\/espace-federal\/#breadcrumb\"},\"inLanguage\":\"fr-FR\",\"potentialAction\":[{\"@type\":\"ReadAction\",\"target\":[\"https:\/\/www.rowing.be\/fr\/espace-federal\/\"]}]},{\"@type\":\"ImageObject\",\"inLanguage\":\"fr-FR\",\"@id\":\"https:\/\/www.rowing.be\/fr\/espace-federal\/#primaryimage\",\"url\":\"https:\/\/www.rowing.be\/wp-content\/uploads\/bb-plugin\/cache\/sportsman-single-scull-man-rower-rowing-boat-scaled-square.jpg\",\"contentUrl\":\"https:\/\/www.rowing.be\/wp-content\/uploads\/bb-plugin\/cache\/sportsman-single-scull-man-rower-rowing-boat-scaled-square.jpg\"},{\"@type\":\"BreadcrumbList\",\"@id\":\"https:\/\/www.rowing.be\/fr\/espace-federal\/#breadcrumb\",\"itemListElement\":[{\"@type\":\"ListItem\",\"position\":1,\"name\":\"Accueil\",\"item\":\"https:\/\/www.rowing.be\/fr\/\"},{\"@type\":\"ListItem\",\"position\":2,\"name\":\"Espace f\u00e9d\u00e9ral\"}]},{\"@type\":\"WebSite\",\"@id\":\"https:\/\/www.rowing.be\/fr\/#website\",\"url\":\"https:\/\/www.rowing.be\/fr\/\",\"name\":\"K.B.R. Roeien - F.R.B.A. Aviron\",\"description\":\"Welcome to rowing.be \u2013 Join the crew, feel the rhythm.\",\"potentialAction\":[{\"@type\":\"SearchAction\",\"target\":{\"@type\":\"EntryPoint\",\"urlTemplate\":\"https:\/\/www.rowing.be\/fr\/?s={search_term_string}\"},\"query-input\":{\"@type\":\"PropertyValueSpecification\",\"valueRequired\":true,\"valueName\":\"search_term_string\"}}],\"inLanguage\":\"fr-FR\"}]}<\/script>\n<!-- \/ Yoast SEO plugin. -->","yoast_head_json":{"title":"Espace f\u00e9d\u00e9ral - K.B.R. Roeien - F.R.B.A. Aviron","robots":{"index":"index","follow":"follow","max-snippet":"max-snippet:-1","max-image-preview":"max-image-preview:large","max-video-preview":"max-video-preview:-1"},"canonical":"https:\/\/www.rowing.be\/fr\/espace-federal\/","og_locale":"fr_FR","og_type":"article","og_title":"Espace f\u00e9d\u00e9ral - K.B.R. Roeien - F.R.B.A. Aviron","og_description":"Espace f\u00e9d\u00e9ral G\u00e9n\u00e9ralit\u00e9s Chaque comit\u00e9 f\u00e9d\u00e9ral, \u00e0 l&rsquo;exception du Comit\u00e9 f\u00e9d\u00e9ral de concertation, est compos\u00e9 de six membres : trois de la Ligue flamande d&rsquo;aviron et trois de la Ligue francophone d&rsquo;aviron, nomm\u00e9s par les ligues respectives et confirm\u00e9s annuellement par elles. Un compte rendu \u00e9crit de chaque r\u00e9union est \u00e9tabli et remis dans un&hellip;","og_url":"https:\/\/www.rowing.be\/fr\/espace-federal\/","og_site_name":"K.B.R. Roeien - F.R.B.A. Aviron","article_modified_time":"2025-08-07T09:55:01+00:00","og_image":[{"url":"https:\/\/www.rowing.be\/wp-content\/uploads\/bb-plugin\/cache\/sportsman-single-scull-man-rower-rowing-boat-scaled-square.jpg","type":"","width":"","height":""}],"twitter_card":"summary_large_image","twitter_misc":{"Dur\u00e9e de lecture estim\u00e9e":"1 minute"},"schema":{"@context":"https:\/\/schema.org","@graph":[{"@type":"WebPage","@id":"https:\/\/www.rowing.be\/fr\/espace-federal\/","url":"https:\/\/www.rowing.be\/fr\/espace-federal\/","name":"Espace f\u00e9d\u00e9ral - K.B.R. Roeien - F.R.B.A. Aviron","isPartOf":{"@id":"https:\/\/www.rowing.be\/fr\/#website"},"primaryImageOfPage":{"@id":"https:\/\/www.rowing.be\/fr\/espace-federal\/#primaryimage"},"image":{"@id":"https:\/\/www.rowing.be\/fr\/espace-federal\/#primaryimage"},"thumbnailUrl":"https:\/\/www.rowing.be\/wp-content\/uploads\/bb-plugin\/cache\/sportsman-single-scull-man-rower-rowing-boat-scaled-square.jpg","datePublished":"2025-07-08T15:29:04+00:00","dateModified":"2025-08-07T09:55:01+00:00","breadcrumb":{"@id":"https:\/\/www.rowing.be\/fr\/espace-federal\/#breadcrumb"},"inLanguage":"fr-FR","potentialAction":[{"@type":"ReadAction","target":["https:\/\/www.rowing.be\/fr\/espace-federal\/"]}]},{"@type":"ImageObject","inLanguage":"fr-FR","@id":"https:\/\/www.rowing.be\/fr\/espace-federal\/#primaryimage","url":"https:\/\/www.rowing.be\/wp-content\/uploads\/bb-plugin\/cache\/sportsman-single-scull-man-rower-rowing-boat-scaled-square.jpg","contentUrl":"https:\/\/www.rowing.be\/wp-content\/uploads\/bb-plugin\/cache\/sportsman-single-scull-man-rower-rowing-boat-scaled-square.jpg"},{"@type":"BreadcrumbList","@id":"https:\/\/www.rowing.be\/fr\/espace-federal\/#breadcrumb","itemListElement":[{"@type":"ListItem","position":1,"name":"Accueil","item":"https:\/\/www.rowing.be\/fr\/"},{"@type":"ListItem","position":2,"name":"Espace f\u00e9d\u00e9ral"}]},{"@type":"WebSite","@id":"https:\/\/www.rowing.be\/fr\/#website","url":"https:\/\/www.rowing.be\/fr\/","name":"K.B.R. Roeien - F.R.B.A. Aviron","description":"Welcome to rowing.be \u2013 Join the crew, feel the rhythm.","potentialAction":[{"@type":"SearchAction","target":{"@type":"EntryPoint","urlTemplate":"https:\/\/www.rowing.be\/fr\/?s={search_term_string}"},"query-input":{"@type":"PropertyValueSpecification","valueRequired":true,"valueName":"search_term_string"}}],"inLanguage":"fr-FR"}]}},"_links":{"self":[{"href":"https:\/\/www.rowing.be\/fr\/wp-json\/wp\/v2\/pages\/764","targetHints":{"allow":["GET"]}}],"collection":[{"href":"https:\/\/www.rowing.be\/fr\/wp-json\/wp\/v2\/pages"}],"about":[{"href":"https:\/\/www.rowing.be\/fr\/wp-json\/wp\/v2\/types\/page"}],"author":[{"embeddable":true,"href":"https:\/\/www.rowing.be\/fr\/wp-json\/wp\/v2\/users\/2"}],"replies":[{"embeddable":true,"href":"https:\/\/www.rowing.be\/fr\/wp-json\/wp\/v2\/comments?post=764"}],"version-history":[{"count":2,"href":"https:\/\/www.rowing.be\/fr\/wp-json\/wp\/v2\/pages\/764\/revisions"}],"predecessor-version":[{"id":1706,"href":"https:\/\/www.rowing.be\/fr\/wp-json\/wp\/v2\/pages\/764\/revisions\/1706"}],"wp:attachment":[{"href":"https:\/\/www.rowing.be\/fr\/wp-json\/wp\/v2\/media?parent=764"}],"curies":[{"name":"wp","href":"https:\/\/api.w.org\/{rel}","templated":true}]}}