{"id":674,"date":"2025-07-25T11:23:16","date_gmt":"2025-07-25T09:23:16","guid":{"rendered":"https:\/\/www.rowing.ovh\/presentation\/"},"modified":"2025-09-16T14:53:45","modified_gmt":"2025-09-16T12:53:45","slug":"presentation","status":"publish","type":"page","link":"https:\/\/www.rowing.be\/fr\/presentation\/","title":{"rendered":"Pr\u00e9sentation"},"content":{"rendered":"\n\n\t<p>\u00c9quipes belges<\/p>\n\t<h1>Pr\u00e9sentation<\/h1>\n\t<p><strong>BELGIAN SHARKS &#8211; L&rsquo;\u00e9quipe nationale<\/strong> <b>belge d&rsquo;aviron<\/b><\/p>\n<p>Il y a quelques ann\u00e9es, la F\u00e9d\u00e9ration et les deux Ligues ont souhait\u00e9 moderniser l&rsquo;image de leur \u00e9quipe nationale. \u00c0 l&rsquo;instar d&rsquo;autres f\u00e9d\u00e9rations, elles ont cr\u00e9\u00e9 une marque, un logo et une identit\u00e9 forte. C&rsquo;est ainsi qu&rsquo;est n\u00e9e la d\u00e9nomination \u00ab\u00a0Belgian Sharks\u00a0\u00bb, accompagn\u00e9e d&rsquo;un logo d\u00e9pos\u00e9 en tant que marque, propri\u00e9t\u00e9 de la FRBA.<\/p>\n<p>Ce nom et ce logo symbolisent la puissance, la d\u00e9termination et l&rsquo;instinct comp\u00e9titif aiguis\u00e9 de nos athl\u00e8tes.<\/p>\n<p>Les\u00a0Belgian Sharks\u00a0regroupent des rameurs belges s\u00e9lectionn\u00e9s, affili\u00e9s \u00e0 des clubs membres de la\u00a0Vlaamse Roeiliga (VRL)\u00a0et de la\u00a0Ligue Francophone d&rsquo;Aviron (LFA).<\/p>\n\t\t\t\t\t\t\t\t\t<img decoding=\"async\" src=\"https:\/\/www.rowing.be\/wp-content\/uploads\/bb-plugin\/cache\/belgian_sharks-square.png\" alt=\"belgian_sharks\" itemprop=\"image\" title=\"belgian_sharks\" onerror=\"this.style.display='none'\"  \/>\n\t\t\t\t\t\t\t\t\t\t\t<img loading=\"lazy\" decoding=\"async\" src=\"https:\/\/www.rowing.be\/wp-content\/uploads\/bb-plugin\/cache\/shark-final-logo-865x1024-square.jpg\" alt=\"shark final logo\" itemprop=\"image\" height=\"1024\" width=\"865\" title=\"shark final logo\" onerror=\"this.style.display='none'\"  \/>\n\t\t\t\t\t\t\t\t\t<img loading=\"lazy\" decoding=\"async\" src=\"https:\/\/www.rowing.be\/wp-content\/uploads\/bb-plugin\/cache\/IMG_2630-landscape.jpg\" alt=\"IMG_2630\" itemprop=\"image\" height=\"929\" width=\"1440\" title=\"IMG_2630\" onerror=\"this.style.display='none'\"  \/>\n\t<p><strong>Mentalit\u00e9 sportive de haut niveau<\/strong><\/p>\n<p>Les <strong>Belgian Sharks<\/strong> allient puissance, endurance et technique \u00e0 un fort esprit d&rsquo;\u00e9quipe. \u00a0Les rameurs suivent des programmes d&rsquo;entra\u00eenement intensifs, souvent compos\u00e9s de plusieurs s\u00e9ances par jour, avec le soutien d&rsquo;entra\u00eeneurs, de kin\u00e9sith\u00e9rapeutes, de nutritionnistes et de psychologues du sport.<\/p>\n<p>Cette approche s&rsquo;inscrit dans le cadre des politiques de\u00a0<strong>sport de haut niveau<\/strong>\u00a0en Flandre et en Wallonie, qui accompagnent les athl\u00e8tes vers l&rsquo;\u00e9lite mondiale.<\/p>\n\t<p><strong>Succ\u00e8s et objectifs<\/strong><\/p>\n<p>Les Belgian Sharks ont obtenu des r\u00e9sultats impressionnants ces derni\u00e8res ann\u00e9es aux Championnats d&rsquo;Europe, aux Championnats du monde et aux Coupes du monde. Leur ambition ? \u00a0S&rsquo;am\u00e9liorer continuellement et se qualifier pour les grands rendez-vous internationaux, avec pour objectif ultime : d\u00e9crocher des m\u00e9dailles Olympiques.<\/p>\n<p><strong>S\u00e9lection et d\u00e9veloppement des talents<\/strong><\/p>\n<p>La s\u00e9lection pour l&rsquo;\u00e9quipe nationale repose sur les performances, les tests physiques et l&rsquo;exp\u00e9rience internationale. Les jeunes talents sont form\u00e9s tr\u00e8s t\u00f4t gr\u00e2ce \u00e0 des programmes juniors prometteurs, afin de favoriser leur progression vers l&rsquo;\u00e9quipe senior.<\/p>\n<p><strong>Bien plus que du sport<\/strong><\/p>\n<p>Les\u00a0<strong>Belgian Sharks<\/strong>\u00a0contribuent \u00e9galement \u00e0 la promotion de l&rsquo;aviron en Belgique. \u00c0 travers des initiatives, des d\u00e9monstrations et leur participation \u00e0 des \u00e9v\u00e9nements sportifs, ils inspirent les jeunes \u00e0 adopter un mode de vie actif et sportif.<\/p>\n\t<p><strong>Belgian Sharks Elite <\/strong>(Juin 2025)<\/p>\nTim Brys: K.R. Club Gent<br \/>\n\u00b0 30 juillet 1992\nMarlon Colpaert: K.R.N.S. Oostende<br \/>\n\u00b0 29 aout 1999\nMazarine Guilbert: Gentse R.S.<br \/>\n\u00b0 26 avril 2002\nNiels Van Zandweghe: K.R. Club Gent<br \/>\n\u00b0 28 f\u00e9vrier 1996\nTibo Vivey: K.R. Brugge<br \/>\n\u00b0 16 d\u00e9cembre 2000\n<p>Gaston Mercier: U Liege<\/p>\n<p>\u00b014\/12\/1997<\/p>\n<p>Vandenbussche Tristan: UNBruxelles<\/p>\n<p>\u00b006\/02\/2001<\/p>\n<p><strong>Belgian Sharks U23<\/strong> (19-22 ans &#8211; un pas vers l&rsquo;\u00e9lite)<\/p>\nAaron Andries : Gentse R.S.<br \/>\n\u00b0 21 mai 2003\nLukas Depla : K.R. Brugge<br \/>\n\u00b0 2 mai 2006\nLouise Gyssels: K.R. Club Gent<br \/>\n\u00b0 3 f\u00e9vrier 2006\nLore Helsen: The Oar<br \/>\n\u00b0 26 septembre 2006\nDean Laureyns: K.R. Club Gent<br \/>\n\u00b0 26 octobre 2003\nNeal Laureyn: K.R. Club Gent<br \/>\n\u00b0 8 juillet 2005\nBoris Taeldeman: Gentse R.S.<br \/>\n\u00b0 27 avril 2004\nCato Vanheste: K.R.N.S. Oostende<br \/>\n\u00b0 9 octobre 2006\n<p><strong>Belgian Sharks U19<\/strong> (Il s&rsquo;agit des talents prometteurs de moins de 19 ans, r\u00e9partis selon la structure de la comp\u00e9tition internationale)<\/p>\n<p><strong>Il existe deux principales organisations pour les \u00ab juniors \u00bb<\/strong><\/p>\n<ul>\n<li><strong>Championnats d&rsquo;Europe d&rsquo;aviron\/Championnats du monde d&rsquo;aviron<\/strong> : pour les athl\u00e8tes participant aux grands championnats.<\/li>\n<li><strong>Coupe de la Jeunesse<\/strong> : pour les jeunes prometteurs qui acqui\u00e8rent de l&rsquo;exp\u00e9rience dans un contexte international comp\u00e9titif.<\/li>\n<\/ul>\nKORN\u00c8L BAERT : K.R.N.S. Oostende<br \/>\n\u00b0 16 juin 2008\nMartyna Brzoska : K.R. Club Gent<br \/>\n\u00b0 28 d\u00e9cembre 2008\nFin De Smet: K.R. Sport Gent<br \/>\n\u00b0 15 janvier 2007\nSepp Driesen: K.R. Club Gent<br \/>\n\u00b0 22 janvier 2008\nDaan Driessen: K.R.N.S. Oostende<br \/>\n\u00b0 6 juin 2008\nDamiaan Foncke: Gentse R.S.<br \/>\n\u00b0 18 aout 2008\nXander Lamon: K.R. Brugge<br \/>\n\u00b0 8 mai 2008\nDaan Quartier: K.R. Club Gent<br \/>\n\u00b0 14 juillet 2009\nPepijn Van Canneyt: K.R. Brugge<br \/>\n\u00b0 4 novembre 2008\nThor verhoeven: Brugse T.R.<br \/>\n\u00b0 7 septembre 2008\nBabet Vincke: K.R. Brugge<br \/>\n\u00b0 14 juillet 2009\n<p><strong>Les Belgian Sharks s\u00e9lectionn\u00e9s pour les championnats d&rsquo;Europe de Beach Sprint Rowing<\/strong><\/p>\n<ul>\n<li>Savin Rodenburg de KRS Gent<\/li>\n<li>Anke De Borger de TRT Hazewinkel<\/li>\n<li>Anna-Clementine Foch de UN Bruxelles<\/li>\n<li>Benjamin Louis de UN Li\u00e8ge<\/li>\n<\/ul>\n\n","protected":false},"excerpt":{"rendered":"<p>\u00c9quipes belges Pr\u00e9sentation BELGIAN SHARKS &#8211; L&rsquo;\u00e9quipe nationale belge d&rsquo;aviron Il y a quelques ann\u00e9es, la F\u00e9d\u00e9ration et les deux Ligues ont souhait\u00e9 moderniser l&rsquo;image de leur \u00e9quipe nationale. \u00c0 l&rsquo;instar d&rsquo;autres f\u00e9d\u00e9rations, elles ont cr\u00e9\u00e9 une marque, un logo et une identit\u00e9 forte. C&rsquo;est ainsi qu&rsquo;est n\u00e9e la d\u00e9nomination \u00ab\u00a0Belgian Sharks\u00a0\u00bb, accompagn\u00e9e d&rsquo;un logo&hellip;<\/p>\n","protected":false},"author":2,"featured_media":0,"parent":0,"menu_order":0,"comment_status":"closed","ping_status":"closed","template":"","meta":{"footnotes":""},"class_list":["post-674","page","type-page","status-publish","hentry"],"yoast_head":"<!-- This site is optimized with the Yoast SEO plugin v26.8 - https:\/\/yoast.com\/product\/yoast-seo-wordpress\/ -->\n<title>Pr\u00e9sentation - K.B.R. Roeien - F.R.B.A. Aviron<\/title>\n<meta name=\"robots\" content=\"index, follow, max-snippet:-1, max-image-preview:large, max-video-preview:-1\" \/>\n<link rel=\"canonical\" href=\"https:\/\/www.rowing.be\/fr\/presentation\/\" \/>\n<meta property=\"og:locale\" content=\"fr_FR\" \/>\n<meta property=\"og:type\" content=\"article\" \/>\n<meta property=\"og:title\" content=\"Pr\u00e9sentation - K.B.R. Roeien - F.R.B.A. Aviron\" \/>\n<meta property=\"og:description\" content=\"\u00c9quipes belges Pr\u00e9sentation BELGIAN SHARKS &#8211; L&rsquo;\u00e9quipe nationale belge d&rsquo;aviron Il y a quelques ann\u00e9es, la F\u00e9d\u00e9ration et les deux Ligues ont souhait\u00e9 moderniser l&rsquo;image de leur \u00e9quipe nationale. \u00c0 l&rsquo;instar d&rsquo;autres f\u00e9d\u00e9rations, elles ont cr\u00e9\u00e9 une marque, un logo et une identit\u00e9 forte. C&rsquo;est ainsi qu&rsquo;est n\u00e9e la d\u00e9nomination \u00ab\u00a0Belgian Sharks\u00a0\u00bb, accompagn\u00e9e d&rsquo;un logo&hellip;\" \/>\n<meta property=\"og:url\" content=\"https:\/\/www.rowing.be\/fr\/presentation\/\" \/>\n<meta property=\"og:site_name\" content=\"K.B.R. Roeien - F.R.B.A. Aviron\" \/>\n<meta property=\"article:modified_time\" content=\"2025-09-16T12:53:45+00:00\" \/>\n<meta property=\"og:image\" content=\"https:\/\/www.rowing.be\/wp-content\/uploads\/bb-plugin\/cache\/belgian_sharks-square.png\" \/>\n<meta name=\"twitter:card\" content=\"summary_large_image\" \/>\n<meta name=\"twitter:label1\" content=\"Dur\u00e9e de lecture estim\u00e9e\" \/>\n\t<meta name=\"twitter:data1\" content=\"4 minutes\" \/>\n<script type=\"application\/ld+json\" class=\"yoast-schema-graph\">{\"@context\":\"https:\/\/schema.org\",\"@graph\":[{\"@type\":\"WebPage\",\"@id\":\"https:\/\/www.rowing.be\/fr\/presentation\/\",\"url\":\"https:\/\/www.rowing.be\/fr\/presentation\/\",\"name\":\"Pr\u00e9sentation - K.B.R. Roeien - F.R.B.A. Aviron\",\"isPartOf\":{\"@id\":\"https:\/\/www.rowing.be\/fr\/#website\"},\"primaryImageOfPage\":{\"@id\":\"https:\/\/www.rowing.be\/fr\/presentation\/#primaryimage\"},\"image\":{\"@id\":\"https:\/\/www.rowing.be\/fr\/presentation\/#primaryimage\"},\"thumbnailUrl\":\"https:\/\/www.rowing.be\/wp-content\/uploads\/bb-plugin\/cache\/belgian_sharks-square.png\",\"datePublished\":\"2025-07-25T09:23:16+00:00\",\"dateModified\":\"2025-09-16T12:53:45+00:00\",\"breadcrumb\":{\"@id\":\"https:\/\/www.rowing.be\/fr\/presentation\/#breadcrumb\"},\"inLanguage\":\"fr-FR\",\"potentialAction\":[{\"@type\":\"ReadAction\",\"target\":[\"https:\/\/www.rowing.be\/fr\/presentation\/\"]}]},{\"@type\":\"ImageObject\",\"inLanguage\":\"fr-FR\",\"@id\":\"https:\/\/www.rowing.be\/fr\/presentation\/#primaryimage\",\"url\":\"https:\/\/www.rowing.be\/wp-content\/uploads\/bb-plugin\/cache\/belgian_sharks-square.png\",\"contentUrl\":\"https:\/\/www.rowing.be\/wp-content\/uploads\/bb-plugin\/cache\/belgian_sharks-square.png\"},{\"@type\":\"BreadcrumbList\",\"@id\":\"https:\/\/www.rowing.be\/fr\/presentation\/#breadcrumb\",\"itemListElement\":[{\"@type\":\"ListItem\",\"position\":1,\"name\":\"Accueil\",\"item\":\"https:\/\/www.rowing.be\/fr\/\"},{\"@type\":\"ListItem\",\"position\":2,\"name\":\"Pr\u00e9sentation\"}]},{\"@type\":\"WebSite\",\"@id\":\"https:\/\/www.rowing.be\/fr\/#website\",\"url\":\"https:\/\/www.rowing.be\/fr\/\",\"name\":\"K.B.R. Roeien - F.R.B.A. Aviron\",\"description\":\"Welcome to rowing.be \u2013 Join the crew, feel the rhythm.\",\"potentialAction\":[{\"@type\":\"SearchAction\",\"target\":{\"@type\":\"EntryPoint\",\"urlTemplate\":\"https:\/\/www.rowing.be\/fr\/?s={search_term_string}\"},\"query-input\":{\"@type\":\"PropertyValueSpecification\",\"valueRequired\":true,\"valueName\":\"search_term_string\"}}],\"inLanguage\":\"fr-FR\"}]}<\/script>\n<!-- \/ Yoast SEO plugin. -->","yoast_head_json":{"title":"Pr\u00e9sentation - K.B.R. Roeien - F.R.B.A. Aviron","robots":{"index":"index","follow":"follow","max-snippet":"max-snippet:-1","max-image-preview":"max-image-preview:large","max-video-preview":"max-video-preview:-1"},"canonical":"https:\/\/www.rowing.be\/fr\/presentation\/","og_locale":"fr_FR","og_type":"article","og_title":"Pr\u00e9sentation - K.B.R. Roeien - F.R.B.A. Aviron","og_description":"\u00c9quipes belges Pr\u00e9sentation BELGIAN SHARKS &#8211; L&rsquo;\u00e9quipe nationale belge d&rsquo;aviron Il y a quelques ann\u00e9es, la F\u00e9d\u00e9ration et les deux Ligues ont souhait\u00e9 moderniser l&rsquo;image de leur \u00e9quipe nationale. \u00c0 l&rsquo;instar d&rsquo;autres f\u00e9d\u00e9rations, elles ont cr\u00e9\u00e9 une marque, un logo et une identit\u00e9 forte. C&rsquo;est ainsi qu&rsquo;est n\u00e9e la d\u00e9nomination \u00ab\u00a0Belgian Sharks\u00a0\u00bb, accompagn\u00e9e d&rsquo;un logo&hellip;","og_url":"https:\/\/www.rowing.be\/fr\/presentation\/","og_site_name":"K.B.R. Roeien - F.R.B.A. Aviron","article_modified_time":"2025-09-16T12:53:45+00:00","og_image":[{"url":"https:\/\/www.rowing.be\/wp-content\/uploads\/bb-plugin\/cache\/belgian_sharks-square.png","type":"","width":"","height":""}],"twitter_card":"summary_large_image","twitter_misc":{"Dur\u00e9e de lecture estim\u00e9e":"4 minutes"},"schema":{"@context":"https:\/\/schema.org","@graph":[{"@type":"WebPage","@id":"https:\/\/www.rowing.be\/fr\/presentation\/","url":"https:\/\/www.rowing.be\/fr\/presentation\/","name":"Pr\u00e9sentation - K.B.R. Roeien - F.R.B.A. Aviron","isPartOf":{"@id":"https:\/\/www.rowing.be\/fr\/#website"},"primaryImageOfPage":{"@id":"https:\/\/www.rowing.be\/fr\/presentation\/#primaryimage"},"image":{"@id":"https:\/\/www.rowing.be\/fr\/presentation\/#primaryimage"},"thumbnailUrl":"https:\/\/www.rowing.be\/wp-content\/uploads\/bb-plugin\/cache\/belgian_sharks-square.png","datePublished":"2025-07-25T09:23:16+00:00","dateModified":"2025-09-16T12:53:45+00:00","breadcrumb":{"@id":"https:\/\/www.rowing.be\/fr\/presentation\/#breadcrumb"},"inLanguage":"fr-FR","potentialAction":[{"@type":"ReadAction","target":["https:\/\/www.rowing.be\/fr\/presentation\/"]}]},{"@type":"ImageObject","inLanguage":"fr-FR","@id":"https:\/\/www.rowing.be\/fr\/presentation\/#primaryimage","url":"https:\/\/www.rowing.be\/wp-content\/uploads\/bb-plugin\/cache\/belgian_sharks-square.png","contentUrl":"https:\/\/www.rowing.be\/wp-content\/uploads\/bb-plugin\/cache\/belgian_sharks-square.png"},{"@type":"BreadcrumbList","@id":"https:\/\/www.rowing.be\/fr\/presentation\/#breadcrumb","itemListElement":[{"@type":"ListItem","position":1,"name":"Accueil","item":"https:\/\/www.rowing.be\/fr\/"},{"@type":"ListItem","position":2,"name":"Pr\u00e9sentation"}]},{"@type":"WebSite","@id":"https:\/\/www.rowing.be\/fr\/#website","url":"https:\/\/www.rowing.be\/fr\/","name":"K.B.R. Roeien - F.R.B.A. Aviron","description":"Welcome to rowing.be \u2013 Join the crew, feel the rhythm.","potentialAction":[{"@type":"SearchAction","target":{"@type":"EntryPoint","urlTemplate":"https:\/\/www.rowing.be\/fr\/?s={search_term_string}"},"query-input":{"@type":"PropertyValueSpecification","valueRequired":true,"valueName":"search_term_string"}}],"inLanguage":"fr-FR"}]}},"_links":{"self":[{"href":"https:\/\/www.rowing.be\/fr\/wp-json\/wp\/v2\/pages\/674","targetHints":{"allow":["GET"]}}],"collection":[{"href":"https:\/\/www.rowing.be\/fr\/wp-json\/wp\/v2\/pages"}],"about":[{"href":"https:\/\/www.rowing.be\/fr\/wp-json\/wp\/v2\/types\/page"}],"author":[{"embeddable":true,"href":"https:\/\/www.rowing.be\/fr\/wp-json\/wp\/v2\/users\/2"}],"replies":[{"embeddable":true,"href":"https:\/\/www.rowing.be\/fr\/wp-json\/wp\/v2\/comments?post=674"}],"version-history":[{"count":9,"href":"https:\/\/www.rowing.be\/fr\/wp-json\/wp\/v2\/pages\/674\/revisions"}],"predecessor-version":[{"id":2300,"href":"https:\/\/www.rowing.be\/fr\/wp-json\/wp\/v2\/pages\/674\/revisions\/2300"}],"wp:attachment":[{"href":"https:\/\/www.rowing.be\/fr\/wp-json\/wp\/v2\/media?parent=674"}],"curies":[{"name":"wp","href":"https:\/\/api.w.org\/{rel}","templated":true}]}}