{"id":666,"date":"2025-06-24T11:19:17","date_gmt":"2025-06-24T09:19:17","guid":{"rendered":"https:\/\/www.rowing.ovh\/equipe-belge\/"},"modified":"2025-06-24T11:21:51","modified_gmt":"2025-06-24T09:21:51","slug":"equipe-belge","status":"publish","type":"page","link":"https:\/\/www.rowing.be\/fr\/equipe-belge\/","title":{"rendered":"\u00c9quipes belges"},"content":{"rendered":"\n\n\t<p>xxx<\/p>\n\t<h1>\u00c9quipes belges<\/h1>\n\t<p><strong>Lorem ipsum dolor sit amet, consectetur adipiscing elit. Donec a vestibulum tellus. Vestibulum sit amet volutpat purus. Donec dapibus augue gravida elit tempor, vel ultricies tortor viverra. Fusce eu neque massa. Phasellus purus sapien, varius at mollis nec, cursus sodales lacus. Cras magna lacus, pulvinar a sagittis eleifend, lobortis nec mi. Sed pretium quis augue a auctor. Nunc a mollis metus. Donec quis auctor turpis, at sagittis purus. Praesent suscipit, diam et imperdiet porttitor, enim massa convallis risus, vel eleifend enim ante placerat nibh. Sed fringilla metus a sollicitudin tristique.             <\/strong><\/p>\n<p>Nullam consequat erat vitae odio volutpat posuere. Pellentesque a est ut odio maximus tincidunt. Proin mattis orci sed finibus dapibus. Maecenas efficitur nec sapien id feugiat. Nulla facilisi. Les mots ne sont pas des mots, les mots sont des mots, les mots sont des mots, les mots sont des mots. Donec fermentum nunc ante, vitae porttitor nibh sodales a. In in neque sed sapien rutrum porttitor sed at velit. Fusce et urna fermentum, commodo eros sed, tempus lectus.        <\/p>\n<p>Le Conseil de l&rsquo;Union europ\u00e9enne a d\u00e9cid\u00e9 d&rsquo;adopter une approche globale de la gestion des ressources humaines et de l&#8217;emploi, en s&rsquo;appuyant sur les principes suivants Duis id ligula ut neque bibendum interdum eu porta ipsum. Duis ultrices hendrerit quam, eget posuere eros. Suspendisse vel elit sagittis, volutpat urna vitae, hendrerit sapien. Suspendisse eget odio accumsan, rutrum erat sit amet, viverra eros. Cras vulputate sollicitudin nisl id euismod. Sed sed orci quis sapien ultrices dapibus ac sit amet nulla. Vivamus tincidunt sed arcu in commodo. Suspendisse potenti. Curabitur eu ex molestie justo egestas tincidunt non non sem.          <\/p>\n\t\t\t\t\t\t\t\t\t<img loading=\"lazy\" decoding=\"async\" src=\"https:\/\/www.rowing.ovh\/wp-content\/uploads\/bb-plugin\/cache\/sportsman-single-scull-man-rower-rowing-boat-scaled-square.jpg\" alt=\"Sportsman single scull man rower rowing technique on boat. Paddle oar splash movement\" itemprop=\"image\" height=\"1707\" width=\"2560\" title=\"Sportsman single scull man rower rowing on boat\" onerror=\"this.style.display='none'\"  \/>\n\t\t\t\t\t\t\t\t\t<img loading=\"lazy\" decoding=\"async\" src=\"https:\/\/www.rowing.ovh\/wp-content\/uploads\/bb-plugin\/cache\/row-oars-with-word-oar-front-scaled-square.jpg\" alt=\"row-oars-with-word-oar-front\" itemprop=\"image\" height=\"2560\" width=\"2560\" title=\"row-oars-with-word-oar-front\" onerror=\"this.style.display='none'\"  \/>\n\t<p>Lorem ipsum dolor sit amet, consectetur adipiscing elit. Donec a vestibulum tellus. Vestibulum sit amet volutpat purus. Donec dapibus augue gravida elit tempor, vel ultricies tortor viverra. Fusce eu neque massa. Phasellus purus sapien, varius at mollis nec, cursus sodales lacus. Cras magna lacus, pulvinar a sagittis eleifend, lobortis nec mi. Sed pretium quis augue a auctor. Nunc a mollis metus. Donec quis auctor turpis, at sagittis purus. Praesent suscipit, diam et imperdiet porttitor, enim massa convallis risus, vel eleifend enim ante placerat nibh. Sed fringilla metus a sollicitudin tristique.           <\/p>\n<p>Nullam consequat erat vitae odio volutpat posuere. Pellentesque a est ut odio maximus tincidunt. Proin mattis orci sed finibus dapibus. Maecenas efficitur nec sapien id feugiat. Nulla facilisi. Les mots ne sont pas des mots, les mots sont des mots, les mots sont des mots, les mots sont des mots. Donec fermentum nunc ante, vitae porttitor nibh sodales a. In in neque sed sapien rutrum porttitor sed at velit. Fusce et urna fermentum, commodo eros sed, tempus lectus.        <\/p>\n<p>Le Conseil de l&rsquo;Union europ\u00e9enne a d\u00e9cid\u00e9 d&rsquo;adopter une approche globale de la gestion des ressources humaines et de l&#8217;emploi, en s&rsquo;appuyant sur les principes suivants Duis id ligula ut neque bibendum interdum eu porta ipsum. Duis ultrices hendrerit quam, eget posuere eros. Suspendisse vel elit sagittis, volutpat urna vitae, hendrerit sapien. Suspendisse eget odio accumsan, rutrum erat sit amet, viverra eros. Cras vulputate sollicitudin nisl id euismod. Sed sed orci quis sapien ultrices dapibus ac sit amet nulla. Vivamus tincidunt sed arcu in commodo. Suspendisse potenti. Curabitur eu ex molestie justo egestas tincidunt non non sem.          <\/p>\n\t<p>Lorem ipsum dolor sit amet, consectetur adipiscing elit. Donec a vestibulum tellus. Vestibulum sit amet volutpat purus. Donec dapibus augue gravida elit tempor, vel ultricies tortor viverra. Fusce eu neque massa. Phasellus purus sapien, varius at mollis nec, cursus sodales lacus. Cras magna lacus, pulvinar a sagittis eleifend, lobortis nec mi. Sed pretium quis augue a auctor. Nunc a mollis metus. Donec quis auctor turpis, at sagittis purus. Praesent suscipit, diam et imperdiet porttitor, enim massa convallis risus, vel eleifend enim ante placerat nibh. Sed fringilla metus a sollicitudin tristique.           <\/p>\n<p>Nullam consequat erat vitae odio volutpat posuere. Pellentesque a est ut odio maximus tincidunt. Proin mattis orci sed finibus dapibus. Maecenas efficitur nec sapien id feugiat. Nulla facilisi. Les mots ne sont pas des mots, les mots sont des mots, les mots sont des mots, les mots sont des mots. Donec fermentum nunc ante, vitae porttitor nibh sodales a. In in neque sed sapien rutrum porttitor sed at velit. Fusce et urna fermentum, commodo eros sed, tempus lectus.        <\/p>\n<p>Le Conseil de l&rsquo;Union europ\u00e9enne a d\u00e9cid\u00e9 d&rsquo;adopter une approche globale de la gestion des ressources humaines et de l&#8217;emploi, en s&rsquo;appuyant sur les principes suivants Duis id ligula ut neque bibendum interdum eu porta ipsum. Duis ultrices hendrerit quam, eget posuere eros. Suspendisse vel elit sagittis, volutpat urna vitae, hendrerit sapien. Suspendisse eget odio accumsan, rutrum erat sit amet, viverra eros. Cras vulputate sollicitudin nisl id euismod. Sed sed orci quis sapien ultrices dapibus ac sit amet nulla. Vivamus tincidunt sed arcu in commodo. Suspendisse potenti. Curabitur eu ex molestie justo egestas tincidunt non non sem.          <\/p>\n\n","protected":false},"excerpt":{"rendered":"<p>xxx \u00c9quipes belges Lorem ipsum dolor sit amet, consectetur adipiscing elit. Donec a vestibulum tellus. Vestibulum sit amet volutpat purus. Donec dapibus augue gravida elit tempor, vel ultricies tortor viverra. Fusce eu neque massa. Phasellus purus sapien, varius at mollis nec, cursus sodales lacus. Cras magna lacus, pulvinar a sagittis eleifend, lobortis nec mi. Sed&hellip;<\/p>\n","protected":false},"author":1,"featured_media":0,"parent":0,"menu_order":0,"comment_status":"closed","ping_status":"closed","template":"","meta":{"footnotes":""},"class_list":["post-666","page","type-page","status-publish","hentry"],"yoast_head":"<!-- This site is optimized with the Yoast SEO plugin v26.8 - https:\/\/yoast.com\/product\/yoast-seo-wordpress\/ -->\n<title>\u00c9quipes belges - K.B.R. Roeien - F.R.B.A. Aviron<\/title>\n<meta name=\"robots\" content=\"index, follow, max-snippet:-1, max-image-preview:large, max-video-preview:-1\" \/>\n<link rel=\"canonical\" href=\"https:\/\/www.rowing.be\/fr\/equipe-belge\/\" \/>\n<meta property=\"og:locale\" content=\"fr_FR\" \/>\n<meta property=\"og:type\" content=\"article\" \/>\n<meta property=\"og:title\" content=\"\u00c9quipes belges - K.B.R. Roeien - F.R.B.A. Aviron\" \/>\n<meta property=\"og:description\" content=\"xxx \u00c9quipes belges Lorem ipsum dolor sit amet, consectetur adipiscing elit. Donec a vestibulum tellus. Vestibulum sit amet volutpat purus. Donec dapibus augue gravida elit tempor, vel ultricies tortor viverra. Fusce eu neque massa. Phasellus purus sapien, varius at mollis nec, cursus sodales lacus. Cras magna lacus, pulvinar a sagittis eleifend, lobortis nec mi. Sed&hellip;\" \/>\n<meta property=\"og:url\" content=\"https:\/\/www.rowing.be\/fr\/equipe-belge\/\" \/>\n<meta property=\"og:site_name\" content=\"K.B.R. Roeien - F.R.B.A. Aviron\" \/>\n<meta property=\"article:modified_time\" content=\"2025-06-24T09:21:51+00:00\" \/>\n<meta property=\"og:image\" content=\"https:\/\/www.rowing.ovh\/wp-content\/uploads\/bb-plugin\/cache\/sportsman-single-scull-man-rower-rowing-boat-scaled-square.jpg\" \/>\n<meta name=\"twitter:card\" content=\"summary_large_image\" \/>\n<meta name=\"twitter:label1\" content=\"Dur\u00e9e de lecture estim\u00e9e\" \/>\n\t<meta name=\"twitter:data1\" content=\"4 minutes\" \/>\n<script type=\"application\/ld+json\" class=\"yoast-schema-graph\">{\"@context\":\"https:\/\/schema.org\",\"@graph\":[{\"@type\":\"WebPage\",\"@id\":\"https:\/\/www.rowing.be\/fr\/equipe-belge\/\",\"url\":\"https:\/\/www.rowing.be\/fr\/equipe-belge\/\",\"name\":\"\u00c9quipes belges - K.B.R. Roeien - F.R.B.A. Aviron\",\"isPartOf\":{\"@id\":\"https:\/\/www.rowing.be\/fr\/#website\"},\"primaryImageOfPage\":{\"@id\":\"https:\/\/www.rowing.be\/fr\/equipe-belge\/#primaryimage\"},\"image\":{\"@id\":\"https:\/\/www.rowing.be\/fr\/equipe-belge\/#primaryimage\"},\"thumbnailUrl\":\"https:\/\/www.rowing.ovh\/wp-content\/uploads\/bb-plugin\/cache\/sportsman-single-scull-man-rower-rowing-boat-scaled-square.jpg\",\"datePublished\":\"2025-06-24T09:19:17+00:00\",\"dateModified\":\"2025-06-24T09:21:51+00:00\",\"breadcrumb\":{\"@id\":\"https:\/\/www.rowing.be\/fr\/equipe-belge\/#breadcrumb\"},\"inLanguage\":\"fr-FR\",\"potentialAction\":[{\"@type\":\"ReadAction\",\"target\":[\"https:\/\/www.rowing.be\/fr\/equipe-belge\/\"]}]},{\"@type\":\"ImageObject\",\"inLanguage\":\"fr-FR\",\"@id\":\"https:\/\/www.rowing.be\/fr\/equipe-belge\/#primaryimage\",\"url\":\"https:\/\/www.rowing.ovh\/wp-content\/uploads\/bb-plugin\/cache\/sportsman-single-scull-man-rower-rowing-boat-scaled-square.jpg\",\"contentUrl\":\"https:\/\/www.rowing.ovh\/wp-content\/uploads\/bb-plugin\/cache\/sportsman-single-scull-man-rower-rowing-boat-scaled-square.jpg\"},{\"@type\":\"BreadcrumbList\",\"@id\":\"https:\/\/www.rowing.be\/fr\/equipe-belge\/#breadcrumb\",\"itemListElement\":[{\"@type\":\"ListItem\",\"position\":1,\"name\":\"Accueil\",\"item\":\"https:\/\/www.rowing.be\/fr\/\"},{\"@type\":\"ListItem\",\"position\":2,\"name\":\"\u00c9quipes belges\"}]},{\"@type\":\"WebSite\",\"@id\":\"https:\/\/www.rowing.be\/fr\/#website\",\"url\":\"https:\/\/www.rowing.be\/fr\/\",\"name\":\"K.B.R. Roeien - F.R.B.A. Aviron\",\"description\":\"Welcome to rowing.be \u2013 Join the crew, feel the rhythm.\",\"potentialAction\":[{\"@type\":\"SearchAction\",\"target\":{\"@type\":\"EntryPoint\",\"urlTemplate\":\"https:\/\/www.rowing.be\/fr\/?s={search_term_string}\"},\"query-input\":{\"@type\":\"PropertyValueSpecification\",\"valueRequired\":true,\"valueName\":\"search_term_string\"}}],\"inLanguage\":\"fr-FR\"}]}<\/script>\n<!-- \/ Yoast SEO plugin. -->","yoast_head_json":{"title":"\u00c9quipes belges - K.B.R. Roeien - F.R.B.A. Aviron","robots":{"index":"index","follow":"follow","max-snippet":"max-snippet:-1","max-image-preview":"max-image-preview:large","max-video-preview":"max-video-preview:-1"},"canonical":"https:\/\/www.rowing.be\/fr\/equipe-belge\/","og_locale":"fr_FR","og_type":"article","og_title":"\u00c9quipes belges - K.B.R. Roeien - F.R.B.A. Aviron","og_description":"xxx \u00c9quipes belges Lorem ipsum dolor sit amet, consectetur adipiscing elit. Donec a vestibulum tellus. Vestibulum sit amet volutpat purus. Donec dapibus augue gravida elit tempor, vel ultricies tortor viverra. Fusce eu neque massa. Phasellus purus sapien, varius at mollis nec, cursus sodales lacus. Cras magna lacus, pulvinar a sagittis eleifend, lobortis nec mi. Sed&hellip;","og_url":"https:\/\/www.rowing.be\/fr\/equipe-belge\/","og_site_name":"K.B.R. Roeien - F.R.B.A. Aviron","article_modified_time":"2025-06-24T09:21:51+00:00","og_image":[{"url":"https:\/\/www.rowing.ovh\/wp-content\/uploads\/bb-plugin\/cache\/sportsman-single-scull-man-rower-rowing-boat-scaled-square.jpg","type":"","width":"","height":""}],"twitter_card":"summary_large_image","twitter_misc":{"Dur\u00e9e de lecture estim\u00e9e":"4 minutes"},"schema":{"@context":"https:\/\/schema.org","@graph":[{"@type":"WebPage","@id":"https:\/\/www.rowing.be\/fr\/equipe-belge\/","url":"https:\/\/www.rowing.be\/fr\/equipe-belge\/","name":"\u00c9quipes belges - K.B.R. Roeien - F.R.B.A. Aviron","isPartOf":{"@id":"https:\/\/www.rowing.be\/fr\/#website"},"primaryImageOfPage":{"@id":"https:\/\/www.rowing.be\/fr\/equipe-belge\/#primaryimage"},"image":{"@id":"https:\/\/www.rowing.be\/fr\/equipe-belge\/#primaryimage"},"thumbnailUrl":"https:\/\/www.rowing.ovh\/wp-content\/uploads\/bb-plugin\/cache\/sportsman-single-scull-man-rower-rowing-boat-scaled-square.jpg","datePublished":"2025-06-24T09:19:17+00:00","dateModified":"2025-06-24T09:21:51+00:00","breadcrumb":{"@id":"https:\/\/www.rowing.be\/fr\/equipe-belge\/#breadcrumb"},"inLanguage":"fr-FR","potentialAction":[{"@type":"ReadAction","target":["https:\/\/www.rowing.be\/fr\/equipe-belge\/"]}]},{"@type":"ImageObject","inLanguage":"fr-FR","@id":"https:\/\/www.rowing.be\/fr\/equipe-belge\/#primaryimage","url":"https:\/\/www.rowing.ovh\/wp-content\/uploads\/bb-plugin\/cache\/sportsman-single-scull-man-rower-rowing-boat-scaled-square.jpg","contentUrl":"https:\/\/www.rowing.ovh\/wp-content\/uploads\/bb-plugin\/cache\/sportsman-single-scull-man-rower-rowing-boat-scaled-square.jpg"},{"@type":"BreadcrumbList","@id":"https:\/\/www.rowing.be\/fr\/equipe-belge\/#breadcrumb","itemListElement":[{"@type":"ListItem","position":1,"name":"Accueil","item":"https:\/\/www.rowing.be\/fr\/"},{"@type":"ListItem","position":2,"name":"\u00c9quipes belges"}]},{"@type":"WebSite","@id":"https:\/\/www.rowing.be\/fr\/#website","url":"https:\/\/www.rowing.be\/fr\/","name":"K.B.R. Roeien - F.R.B.A. Aviron","description":"Welcome to rowing.be \u2013 Join the crew, feel the rhythm.","potentialAction":[{"@type":"SearchAction","target":{"@type":"EntryPoint","urlTemplate":"https:\/\/www.rowing.be\/fr\/?s={search_term_string}"},"query-input":{"@type":"PropertyValueSpecification","valueRequired":true,"valueName":"search_term_string"}}],"inLanguage":"fr-FR"}]}},"_links":{"self":[{"href":"https:\/\/www.rowing.be\/fr\/wp-json\/wp\/v2\/pages\/666","targetHints":{"allow":["GET"]}}],"collection":[{"href":"https:\/\/www.rowing.be\/fr\/wp-json\/wp\/v2\/pages"}],"about":[{"href":"https:\/\/www.rowing.be\/fr\/wp-json\/wp\/v2\/types\/page"}],"author":[{"embeddable":true,"href":"https:\/\/www.rowing.be\/fr\/wp-json\/wp\/v2\/users\/1"}],"replies":[{"embeddable":true,"href":"https:\/\/www.rowing.be\/fr\/wp-json\/wp\/v2\/comments?post=666"}],"version-history":[{"count":2,"href":"https:\/\/www.rowing.be\/fr\/wp-json\/wp\/v2\/pages\/666\/revisions"}],"predecessor-version":[{"id":669,"href":"https:\/\/www.rowing.be\/fr\/wp-json\/wp\/v2\/pages\/666\/revisions\/669"}],"wp:attachment":[{"href":"https:\/\/www.rowing.be\/fr\/wp-json\/wp\/v2\/media?parent=666"}],"curies":[{"name":"wp","href":"https:\/\/api.w.org\/{rel}","templated":true}]}}