{"id":649,"date":"2025-06-24T10:58:37","date_gmt":"2025-06-24T08:58:37","guid":{"rendered":"https:\/\/www.rowing.ovh\/pratiquer-laviron\/"},"modified":"2025-08-20T14:49:15","modified_gmt":"2025-08-20T12:49:15","slug":"pratiquer-laviron","status":"publish","type":"page","link":"https:\/\/www.rowing.be\/fr\/pratiquer-laviron\/","title":{"rendered":"Pratiquer l&rsquo;aviron"},"content":{"rendered":"\n\n\t<p>Pratiquer l&rsquo;aviron<\/p>\n\t<h1>L&rsquo;aviron :<\/h1>\n\t<p><strong>L&rsquo;aviron : un sport excellent, sain et complet, \u00a0qui s\u00e9duit par ses valeurs sportives, son esprit, sa capacit\u00e9 \u00e0 offrir \u00e0 la fois d\u00e9tente et d\u00e9fi.\u00a0<\/strong><\/p>\n<p>Ce sport exige force, concentration et une connexion profonde avec l&rsquo;eau.<\/p>\n<p>L&rsquo;aviron est une discipline unique qui combine puissance physique, technique, esprit d&rsquo;\u00e9quipe et concentration mentale. \u00a0C&rsquo;est une exp\u00e9rience \u00e0 la fois intense et apaisante, o\u00f9 le rythme des mouvements s&rsquo;accorde avec celui de l&rsquo;eau et, dans les bateaux collectifs, avec celui des co\u00e9quipiers. \u00a0\u00c0 chaque coup de rame, on ressent la force du corps et la satisfaction du progr\u00e8s.<\/p>\n<p>Que l&rsquo;on rame sur une rivi\u00e8re paisible au lever du soleil ou que l&rsquo;on participe \u00e0 une course comp\u00e9titive \u00e0 grande vitesse, l&rsquo;aviron rapproche de soi-m\u00eame, de son environnement et de son \u00e9quipe. \u00a0Ce sport est accessible, adapt\u00e9 \u00e0 tous les \u00e2ges, et peut \u00eatre pratiqu\u00e9 aussi bien en loisir qu&rsquo;au plus haut niveau.<\/p>\n\t\t\t\t\t\t\t\t\t<img loading=\"lazy\" decoding=\"async\" src=\"https:\/\/www.rowing.be\/wp-content\/uploads\/bb-plugin\/cache\/DSCF8025-scaled-square.jpg\" alt=\"DSCF8025\" itemprop=\"image\" height=\"2560\" width=\"1706\" title=\"DSCF8025\" onerror=\"this.style.display='none'\"  \/>\n\t\t\t\t\t\t\t\t\t<img loading=\"lazy\" decoding=\"async\" src=\"https:\/\/www.rowing.be\/wp-content\/uploads\/bb-plugin\/cache\/DSCF8029-scaled-square.jpg\" alt=\"DSCF8029\" itemprop=\"image\" height=\"1706\" width=\"2560\" title=\"DSCF8029\" onerror=\"this.style.display='none'\"  \/>\n\t<p>Partout en Belgique, des clubs accueillent aussi bien les d\u00e9butants que les rameurs exp\u00e9riment\u00e9s. \u00a0Des entra\u00eeneurs qualifi\u00e9s vous accompagnent \u00e9tape par \u00e9tape : de la d\u00e9couverte du geste d&rsquo;aviron \u00e0 l&rsquo;apprentissage de techniques avanc\u00e9es. \u00a0Les clubs disposent de bateaux modernes, d&rsquo;infrastructures s\u00e9curis\u00e9es et d&rsquo;une communaut\u00e9 chaleureuse qui vous int\u00e8gre d\u00e8s le premier jour.<\/p>\n<p>L&rsquo;aviron sollicite l&rsquo;ensemble du corps : jambes, abdominaux, bras et endurance. \u00a0En parall\u00e8le, il renforce la force mentale : on y apprend \u00e0 se fixer des objectifs, \u00e0 pers\u00e9v\u00e9rer et \u00e0 coop\u00e9rer. Dans un monde en perp\u00e9tuelle acc\u00e9l\u00e9ration, l&rsquo;aviron offre une opportunit\u00e9 unique de ralentir, de respirer et de se recentrer.<\/p>\n<p><strong>Envie de faire du sport en pleine nature, de repousser vos limites et de rejoindre une famille sportive soud\u00e9e ?<\/strong><\/p>\n<p>Alors l&rsquo;aviron est peut-\u00eatre votre prochain d\u00e9fi. Rendez-vous dans un club pr\u00e8s de chez vous et d\u00e9couvrez par vous-m\u00eame la magie de l&rsquo;eau.<\/p>\n\t<h1>Trouve ton club d&rsquo;aviron pr\u00e8s de chez toi gr\u00e2ce \u00e0 notre carte interactive<\/h1>\n\t\t\t    <div class=\"custom\">\n\t\t    <script>\n\t\t        var store_locator_map_options  =  {\"enable\":\"1\",\"width\":\"100\",\"widthunit\":\"%\",\"height\":\"700\",\"heightunit\":\"PX\",\"type\":\"Roadmap\",\"unit\":\"Km\",\"direction\":\"detail\",\"zoomlevel\":\"8\",\"markerzoom\":\"8\",\"fit_screen\":\"1\",\"fill_color\":\"#ccc\",\"radius\":\"5,10,20,30,40,50,[200]\",\"showStoresOnMapMovement\":\"0\",\"streetViewControl\":\"0\",\"getlocation\":\"1\",\"mapscrollsearch\":\"1\",\"mapTypeControl\":\"0\",\"scroll\":\"0\",\"mappoi\":\"0\",\"default_search\":\"0\",\"category\":\"hide-field\",\"tag\":\"hide-field\",\"reset_map\":\"hide-field\",\"rtl_enabled\":\"1\",\"map_style\":\"1\",\"marker1\":\"https:\\\/\\\/www.rowing.be\\\/wp-content\\\/plugins\\\/wp-multi-store-locator-pro\\\/assets\\\/img\\\/red.png\",\"marker1_custom\":\"\",\"marker2\":\"https:\\\/\\\/www.rowing.be\\\/wp-content\\\/plugins\\\/wp-multi-store-locator-pro\\\/assets\\\/img\\\/red.png\",\"marker2_custom\":\"\",\"infowindow\":\"<div class=\\\"map-title\\\">{name}<\\\/div><div class=\\\"map-infos\\\">{address}{zipcode}{city}<\\\/div><div class=\\\"map-title\\\">{website}<\\\/div><div class=\\\"map-title\\\">{email}\",\"custom_style\":\"\",\"global\":\"no\"};\n\t\t        var store_locator_grid_options =  {\"enable\":\"1\",\"total_markers\":\"\",\"listing_position\":\"left\",\"search_window_position\":\"wpml_search_right\",\"global\":\"no\"};\n\t\t        setTimeout(function() {\n\t\t            \n\t\t            var bbb = ' , Belgium';\n\t\t            var bbb = bbb.replace(\"munsign\", \"\\'\");\n\t\t            \n\t\t            wpmsl_update_map(bbb,'200');\n\t\t            jQuery('#store_locatore_search_input').val(bbb);\n\t\t            jQuery('#store_locatore_search_radius option[value=\"200\"]').prop('selected', true);\n\t\t            if (jQuery.fn.niceSelect) {  \n\t\t                jQuery('#store_locatore_search_radius').niceSelect('update'); \n\t\t            }\n\t\t        },1000);\n\t\t    <\/script>\n\t\t    <script type='text\/javascript' src='https:\/\/www.rowing.be\/wp-content\/plugins\/wp-multi-store-locator-pro\/\/assets\/js\/custom_script.js'><\/script>\n\t\t    \t\t    <div class=\"row ob_stor-relocator\" id=\"store-locator-id\" style=\"height:700PX;width:100%;\">\n\t\t           \t\t           \t\t<input id=\"store_locatore_map_id\" name=\"store_locatore_map_id\" type=\"hidden\" value=\"273\">\n\t\t           \t\t<input id=\"store_locatore_direction_Addr\" name=\"store_locatore_direction_Addr\" type=\"hidden\" value=\" , Belgium\">\n\t\t                <input id=\"store_locatore_search_lat\" name=\"store_locatore_search_lat\" type=\"hidden\" value=\"\">\n\t\t                <input id=\"store_locatore_search_lng\" name=\"store_locatore_search_lng\" type=\"hidden\" value=\"\">\n\t\t        \t\t        <div class=\"loader\"><div>\n\t\t            \t\t                \t\t                <div class=\"col-right right-sidebar\">\n\t\t\t\t\t\t\n\t\t                \t<!-- <div id=\"map-container\" style=\"position: relative;width: 100%;right: 0%;\" class=\"\"> -->\n\t\t                    <div id=\"map-container\" style=\"position: relative;width: 100%;right: 0%;\">\n\t\t                    <div id=\"store_locatore_search_results\"  ><\/div>\n\t\t                    <\/div>\n\t\t                    \t                        <div class=\"map-listings left\" style=\"height: 700px\">\n\t                        <\/div>\n\t\t                          \n\t\t                <\/div>\n\t\t            <\/div>\n\t\t            <script>\n\t\t                \/\/ adding class in content div\n\t\t                jQuery( \".ob_stor-relocator\" ).addClass( \"full_width_div\" );\n\t\t                jQuery( \".loader\" ).append( '<img loading=\"lazy\" decoding=\"async\" class=\"load-img\" src=\"https:\/\/www.rowing.be\/wp-content\/plugins\/wp-multi-store-locator-pro\/assets\/img\/loader.gif\" width=\"350\" height=\"350\" >' );\n\t\t                jQuery( \".ob_stor-relocator\" ).append( '<div class=\"overlay-store\"><\/div>' );\n\t\t                jQuery(document).ready(function () {\n\t\t                    jQuery( \".closesidebar\" ).click(function() {\n\t\t                        jQuery( '.leftsidebar' ).toggleClass( \"slide-left\" );\n\t\t                        jQuery( this ).toggleClass( \"arrow_right\" );\n\t\t                    });\n\t\t                });\n\t\t            <\/script>\n\t\t        <\/div><\/div>\n\t\t             \n            <\/div>\n\t\t    \n\n","protected":false},"excerpt":{"rendered":"<p>Pratiquer l&rsquo;aviron L&rsquo;aviron : L&rsquo;aviron : un sport excellent, sain et complet, \u00a0qui s\u00e9duit par ses valeurs sportives, son esprit, sa capacit\u00e9 \u00e0 offrir \u00e0 la fois d\u00e9tente et d\u00e9fi.\u00a0 Ce sport exige force, concentration et une connexion profonde avec l&rsquo;eau. L&rsquo;aviron est une discipline unique qui combine puissance physique, technique, esprit d&rsquo;\u00e9quipe et concentration&hellip;<\/p>\n","protected":false},"author":2,"featured_media":0,"parent":0,"menu_order":0,"comment_status":"closed","ping_status":"closed","template":"","meta":{"footnotes":""},"class_list":["post-649","page","type-page","status-publish","hentry"],"yoast_head":"<!-- This site is optimized with the Yoast SEO plugin v26.8 - https:\/\/yoast.com\/product\/yoast-seo-wordpress\/ -->\n<title>Pratiquer l&#039;aviron - K.B.R. Roeien - F.R.B.A. Aviron<\/title>\n<meta name=\"robots\" content=\"index, follow, max-snippet:-1, max-image-preview:large, max-video-preview:-1\" \/>\n<link rel=\"canonical\" href=\"https:\/\/www.rowing.be\/fr\/pratiquer-laviron\/\" \/>\n<meta property=\"og:locale\" content=\"fr_FR\" \/>\n<meta property=\"og:type\" content=\"article\" \/>\n<meta property=\"og:title\" content=\"Pratiquer l&#039;aviron - K.B.R. Roeien - F.R.B.A. Aviron\" \/>\n<meta property=\"og:description\" content=\"Pratiquer l&rsquo;aviron L&rsquo;aviron : L&rsquo;aviron : un sport excellent, sain et complet, \u00a0qui s\u00e9duit par ses valeurs sportives, son esprit, sa capacit\u00e9 \u00e0 offrir \u00e0 la fois d\u00e9tente et d\u00e9fi.\u00a0 Ce sport exige force, concentration et une connexion profonde avec l&rsquo;eau. L&rsquo;aviron est une discipline unique qui combine puissance physique, technique, esprit d&rsquo;\u00e9quipe et concentration&hellip;\" \/>\n<meta property=\"og:url\" content=\"https:\/\/www.rowing.be\/fr\/pratiquer-laviron\/\" \/>\n<meta property=\"og:site_name\" content=\"K.B.R. Roeien - F.R.B.A. Aviron\" \/>\n<meta property=\"article:modified_time\" content=\"2025-08-20T12:49:15+00:00\" \/>\n<meta property=\"og:image\" content=\"https:\/\/www.rowing.be\/wp-content\/uploads\/bb-plugin\/cache\/DSCF8025-scaled-square.jpg\" \/>\n<meta name=\"twitter:card\" content=\"summary_large_image\" \/>\n<meta name=\"twitter:label1\" content=\"Dur\u00e9e de lecture estim\u00e9e\" \/>\n\t<meta name=\"twitter:data1\" content=\"2 minutes\" \/>\n<script type=\"application\/ld+json\" class=\"yoast-schema-graph\">{\"@context\":\"https:\/\/schema.org\",\"@graph\":[{\"@type\":\"WebPage\",\"@id\":\"https:\/\/www.rowing.be\/fr\/pratiquer-laviron\/\",\"url\":\"https:\/\/www.rowing.be\/fr\/pratiquer-laviron\/\",\"name\":\"Pratiquer l'aviron - K.B.R. Roeien - F.R.B.A. Aviron\",\"isPartOf\":{\"@id\":\"https:\/\/www.rowing.be\/fr\/#website\"},\"primaryImageOfPage\":{\"@id\":\"https:\/\/www.rowing.be\/fr\/pratiquer-laviron\/#primaryimage\"},\"image\":{\"@id\":\"https:\/\/www.rowing.be\/fr\/pratiquer-laviron\/#primaryimage\"},\"thumbnailUrl\":\"https:\/\/www.rowing.be\/wp-content\/uploads\/bb-plugin\/cache\/DSCF8025-scaled-square.jpg\",\"datePublished\":\"2025-06-24T08:58:37+00:00\",\"dateModified\":\"2025-08-20T12:49:15+00:00\",\"breadcrumb\":{\"@id\":\"https:\/\/www.rowing.be\/fr\/pratiquer-laviron\/#breadcrumb\"},\"inLanguage\":\"fr-FR\",\"potentialAction\":[{\"@type\":\"ReadAction\",\"target\":[\"https:\/\/www.rowing.be\/fr\/pratiquer-laviron\/\"]}]},{\"@type\":\"ImageObject\",\"inLanguage\":\"fr-FR\",\"@id\":\"https:\/\/www.rowing.be\/fr\/pratiquer-laviron\/#primaryimage\",\"url\":\"https:\/\/www.rowing.be\/wp-content\/uploads\/bb-plugin\/cache\/DSCF8025-scaled-square.jpg\",\"contentUrl\":\"https:\/\/www.rowing.be\/wp-content\/uploads\/bb-plugin\/cache\/DSCF8025-scaled-square.jpg\"},{\"@type\":\"BreadcrumbList\",\"@id\":\"https:\/\/www.rowing.be\/fr\/pratiquer-laviron\/#breadcrumb\",\"itemListElement\":[{\"@type\":\"ListItem\",\"position\":1,\"name\":\"Accueil\",\"item\":\"https:\/\/www.rowing.be\/fr\/\"},{\"@type\":\"ListItem\",\"position\":2,\"name\":\"Pratiquer l&rsquo;aviron\"}]},{\"@type\":\"WebSite\",\"@id\":\"https:\/\/www.rowing.be\/fr\/#website\",\"url\":\"https:\/\/www.rowing.be\/fr\/\",\"name\":\"K.B.R. Roeien - F.R.B.A. Aviron\",\"description\":\"Welcome to rowing.be \u2013 Join the crew, feel the rhythm.\",\"potentialAction\":[{\"@type\":\"SearchAction\",\"target\":{\"@type\":\"EntryPoint\",\"urlTemplate\":\"https:\/\/www.rowing.be\/fr\/?s={search_term_string}\"},\"query-input\":{\"@type\":\"PropertyValueSpecification\",\"valueRequired\":true,\"valueName\":\"search_term_string\"}}],\"inLanguage\":\"fr-FR\"}]}<\/script>\n<!-- \/ Yoast SEO plugin. -->","yoast_head_json":{"title":"Pratiquer l'aviron - K.B.R. Roeien - F.R.B.A. Aviron","robots":{"index":"index","follow":"follow","max-snippet":"max-snippet:-1","max-image-preview":"max-image-preview:large","max-video-preview":"max-video-preview:-1"},"canonical":"https:\/\/www.rowing.be\/fr\/pratiquer-laviron\/","og_locale":"fr_FR","og_type":"article","og_title":"Pratiquer l'aviron - K.B.R. Roeien - F.R.B.A. Aviron","og_description":"Pratiquer l&rsquo;aviron L&rsquo;aviron : L&rsquo;aviron : un sport excellent, sain et complet, \u00a0qui s\u00e9duit par ses valeurs sportives, son esprit, sa capacit\u00e9 \u00e0 offrir \u00e0 la fois d\u00e9tente et d\u00e9fi.\u00a0 Ce sport exige force, concentration et une connexion profonde avec l&rsquo;eau. L&rsquo;aviron est une discipline unique qui combine puissance physique, technique, esprit d&rsquo;\u00e9quipe et concentration&hellip;","og_url":"https:\/\/www.rowing.be\/fr\/pratiquer-laviron\/","og_site_name":"K.B.R. Roeien - F.R.B.A. Aviron","article_modified_time":"2025-08-20T12:49:15+00:00","og_image":[{"url":"https:\/\/www.rowing.be\/wp-content\/uploads\/bb-plugin\/cache\/DSCF8025-scaled-square.jpg","type":"","width":"","height":""}],"twitter_card":"summary_large_image","twitter_misc":{"Dur\u00e9e de lecture estim\u00e9e":"2 minutes"},"schema":{"@context":"https:\/\/schema.org","@graph":[{"@type":"WebPage","@id":"https:\/\/www.rowing.be\/fr\/pratiquer-laviron\/","url":"https:\/\/www.rowing.be\/fr\/pratiquer-laviron\/","name":"Pratiquer l'aviron - K.B.R. Roeien - F.R.B.A. Aviron","isPartOf":{"@id":"https:\/\/www.rowing.be\/fr\/#website"},"primaryImageOfPage":{"@id":"https:\/\/www.rowing.be\/fr\/pratiquer-laviron\/#primaryimage"},"image":{"@id":"https:\/\/www.rowing.be\/fr\/pratiquer-laviron\/#primaryimage"},"thumbnailUrl":"https:\/\/www.rowing.be\/wp-content\/uploads\/bb-plugin\/cache\/DSCF8025-scaled-square.jpg","datePublished":"2025-06-24T08:58:37+00:00","dateModified":"2025-08-20T12:49:15+00:00","breadcrumb":{"@id":"https:\/\/www.rowing.be\/fr\/pratiquer-laviron\/#breadcrumb"},"inLanguage":"fr-FR","potentialAction":[{"@type":"ReadAction","target":["https:\/\/www.rowing.be\/fr\/pratiquer-laviron\/"]}]},{"@type":"ImageObject","inLanguage":"fr-FR","@id":"https:\/\/www.rowing.be\/fr\/pratiquer-laviron\/#primaryimage","url":"https:\/\/www.rowing.be\/wp-content\/uploads\/bb-plugin\/cache\/DSCF8025-scaled-square.jpg","contentUrl":"https:\/\/www.rowing.be\/wp-content\/uploads\/bb-plugin\/cache\/DSCF8025-scaled-square.jpg"},{"@type":"BreadcrumbList","@id":"https:\/\/www.rowing.be\/fr\/pratiquer-laviron\/#breadcrumb","itemListElement":[{"@type":"ListItem","position":1,"name":"Accueil","item":"https:\/\/www.rowing.be\/fr\/"},{"@type":"ListItem","position":2,"name":"Pratiquer l&rsquo;aviron"}]},{"@type":"WebSite","@id":"https:\/\/www.rowing.be\/fr\/#website","url":"https:\/\/www.rowing.be\/fr\/","name":"K.B.R. Roeien - F.R.B.A. Aviron","description":"Welcome to rowing.be \u2013 Join the crew, feel the rhythm.","potentialAction":[{"@type":"SearchAction","target":{"@type":"EntryPoint","urlTemplate":"https:\/\/www.rowing.be\/fr\/?s={search_term_string}"},"query-input":{"@type":"PropertyValueSpecification","valueRequired":true,"valueName":"search_term_string"}}],"inLanguage":"fr-FR"}]}},"_links":{"self":[{"href":"https:\/\/www.rowing.be\/fr\/wp-json\/wp\/v2\/pages\/649","targetHints":{"allow":["GET"]}}],"collection":[{"href":"https:\/\/www.rowing.be\/fr\/wp-json\/wp\/v2\/pages"}],"about":[{"href":"https:\/\/www.rowing.be\/fr\/wp-json\/wp\/v2\/types\/page"}],"author":[{"embeddable":true,"href":"https:\/\/www.rowing.be\/fr\/wp-json\/wp\/v2\/users\/2"}],"replies":[{"embeddable":true,"href":"https:\/\/www.rowing.be\/fr\/wp-json\/wp\/v2\/comments?post=649"}],"version-history":[{"count":8,"href":"https:\/\/www.rowing.be\/fr\/wp-json\/wp\/v2\/pages\/649\/revisions"}],"predecessor-version":[{"id":1956,"href":"https:\/\/www.rowing.be\/fr\/wp-json\/wp\/v2\/pages\/649\/revisions\/1956"}],"wp:attachment":[{"href":"https:\/\/www.rowing.be\/fr\/wp-json\/wp\/v2\/media?parent=649"}],"curies":[{"name":"wp","href":"https:\/\/api.w.org\/{rel}","templated":true}]}}