{"id":624,"date":"2025-06-24T10:35:23","date_gmt":"2025-06-24T08:35:23","guid":{"rendered":"https:\/\/www.rowing.ovh\/nos-partenaires\/"},"modified":"2025-10-07T09:01:27","modified_gmt":"2025-10-07T07:01:27","slug":"nos-partenaires","status":"publish","type":"page","link":"https:\/\/www.rowing.be\/fr\/nos-partenaires\/","title":{"rendered":"Nos partenaires"},"content":{"rendered":"\n\n\t<p>Nos partenaires<\/p>\n\t<h1>Unis par la passion, soutenus par nos partenaires<\/h1>\n\t<p>La FRBA est fi\u00e8re d&rsquo;associer son image \u00e0 des partenaires fiables tels que <a href=\"https:\/\/northwave-cybersecurity.com\/\"><strong>Northwave Cyber Security<\/strong><\/a>, <a href=\"https:\/\/www.teambelgium.be\/\"><strong>Team Belgium<\/strong><\/a>, <a href=\"https:\/\/www.forever-products.be\/\"><strong>Forever Products<\/strong><\/a> et <a href=\"https:\/\/www.vondelmolen.be\/nl\/\"><strong>Vondelmolen<\/strong><\/a>.<\/p>\n<p>Gr\u00e2ce \u00e0 leur pr\u00e9cieux soutien, nous pouvons continuer \u00e0 promouvoir et d\u00e9velopper l&rsquo;aviron au sein de notre f\u00e9d\u00e9ration. Leur engagement \u00e0 nos c\u00f4t\u00e9s nous permet d&rsquo;atteindre des objectifs toujours plus ambitieux et de r\u00e9aliser des projets d&rsquo;envergure. Nous tenons \u00e0 exprimer notre profonde gratitude pour leur contribution essentielle \u00e0 notre d\u00e9veloppement.<\/p>\n\t\t\t\t\t\t\t\t<a href=\"https:\/\/northwave-cybersecurity.com\/nl\/\" target=\"_blank\" itemprop=\"url\" rel=\"noopener\">\n\t\t\t\t\t\t\t\t\t<img loading=\"lazy\" decoding=\"async\" src=\"https:\/\/www.rowing.be\/wp-content\/uploads\/2025\/08\/Sans-titre-3.jpg\" alt=\"Sans titre-3\" itemprop=\"image\" height=\"237\" width=\"1125\" srcset=\"https:\/\/www.rowing.be\/wp-content\/uploads\/2025\/08\/Sans-titre-3.jpg 1125w, https:\/\/www.rowing.be\/wp-content\/uploads\/2025\/08\/Sans-titre-3-300x63.jpg 300w, https:\/\/www.rowing.be\/wp-content\/uploads\/2025\/08\/Sans-titre-3-1024x216.jpg 1024w, https:\/\/www.rowing.be\/wp-content\/uploads\/2025\/08\/Sans-titre-3-768x162.jpg 768w\" sizes=\"auto, (max-width: 1125px) 100vw, 1125px\" title=\"Sans titre-3\" onerror=\"this.style.display='none'\"  \/>\n\t\t\t\t\t\t\t\t\t\t\t\t\t<\/a>\n\t<p><strong>Partenaire principal des Belgian Sharks jusqu&rsquo;aux JO de Los Angeles 2028<\/strong><\/p>\n\t<p>Depuis 2023, <a href=\"https:\/\/northwave-cybersecurity.com\"><strong>Northwave Cyber Security<\/strong><\/a> soutient activement la FRBA, la VRL et la LFA dans leur mission de haut niveau. En tant que partenaire principal des <strong>Belgian Sharks<\/strong>, Northwave fournit des tenues professionnelles, investit dans du mat\u00e9riel de pointe et assure une visibilit\u00e9 forte lors des comp\u00e9titions nationales et internationales.<\/p>\n<p>Sp\u00e9cialiste europ\u00e9en de la cybers\u00e9curit\u00e9, Northwave prot\u00e8ge ses clients 24h\/24 et 7j\/7 gr\u00e2ce \u00e0 une approche intelligente et coordonn\u00e9e. Son si\u00e8ge est situ\u00e9 \u00e0 Utrecht (Pays-Bas).<\/p>\n\ud83d\udc49 <strong>En savoir plus sur ce partenariat strat\u00e9gique :<\/strong><br \/>\n<a tabindex=\"0\" href=\"https:\/\/www.rowing.be\/fr\/northwave2028\/\" target=\"_blank\" rel=\"noopener noreferrer\" data-tabster=\"{&quot;restorer&quot;:{&quot;type&quot;:1}}\">www.rowing.be\/fr\/northwave2028<\/a>\n\t\t\t\t\t\t\t\t<a href=\"https:\/\/www.forever-products.be\/\" target=\"_blank\" itemprop=\"url\" rel=\"noopener\">\n\t\t\t\t\t\t\t\t\t<img loading=\"lazy\" decoding=\"async\" src=\"https:\/\/www.rowing.be\/wp-content\/uploads\/2025\/08\/Sans-titre-4.jpg\" alt=\"Sans titre-4\" itemprop=\"image\" height=\"494\" width=\"1125\" srcset=\"https:\/\/www.rowing.be\/wp-content\/uploads\/2025\/08\/Sans-titre-4.jpg 1125w, https:\/\/www.rowing.be\/wp-content\/uploads\/2025\/08\/Sans-titre-4-300x132.jpg 300w, https:\/\/www.rowing.be\/wp-content\/uploads\/2025\/08\/Sans-titre-4-1024x450.jpg 1024w, https:\/\/www.rowing.be\/wp-content\/uploads\/2025\/08\/Sans-titre-4-768x337.jpg 768w\" sizes=\"auto, (max-width: 1125px) 100vw, 1125px\" title=\"Sans titre-4\" onerror=\"this.style.display='none'\"  \/>\n\t\t\t\t\t\t\t\t\t\t\t\t\t<\/a>\n\t<p>Partenaire fid\u00e8le depuis des ann\u00e9es, <a href=\"https:\/\/www.forever-products.be\" target=\"_blank\" rel=\"noopener\"><strong>Forever Products<\/strong><\/a>, fond\u00e9e en 1997 pr\u00e8s de Charleroi, s&rsquo;est rapidement impos\u00e9e comme un acteur majeur du bricolage en Belgique. Aujourd&rsquo;hui, elle est reconnue comme LE sp\u00e9cialiste des solutions pour la droguerie, l&rsquo;\u00e9lectrom\u00e9nager, le bricolage, les produits \u00e9co-responsables, la construction, la d\u00e9coration, l&rsquo;ext\u00e9rieur, l&rsquo;hiver et l&rsquo;automobile.<\/p>\n\t\t\t\t\t\t\t\t<a href=\"https:\/\/www.teambelgium.be\/\" target=\"_blank\" itemprop=\"url\" rel=\"noopener\">\n\t\t\t\t\t\t\t\t\t<img loading=\"lazy\" decoding=\"async\" src=\"https:\/\/www.rowing.be\/wp-content\/uploads\/2025\/08\/Sans-titre-5.jpg\" alt=\"Sans titre-5\" itemprop=\"image\" height=\"510\" width=\"990\" srcset=\"https:\/\/www.rowing.be\/wp-content\/uploads\/2025\/08\/Sans-titre-5.jpg 990w, https:\/\/www.rowing.be\/wp-content\/uploads\/2025\/08\/Sans-titre-5-300x155.jpg 300w, https:\/\/www.rowing.be\/wp-content\/uploads\/2025\/08\/Sans-titre-5-768x396.jpg 768w\" sizes=\"auto, (max-width: 990px) 100vw, 990px\" title=\"Sans titre-5\" onerror=\"this.style.display='none'\"  \/>\n\t\t\t\t\t\t\t\t\t\t\t\t\t<\/a>\n\t<p><a href=\"https:\/\/www.teambelgium.be\/\" target=\"_blank\" rel=\"noopener\"><strong>Le Comit\u00e9 Olympique et Interf\u00e9d\u00e9ral Belge (COIB)<\/strong><\/a> est le Comit\u00e9 National Olympique (CNO) qui repr\u00e9sente le Mouvement olympique et ses valeurs dans notre pays. \u00a0Comme les 205 autres CNO, le COIB est reconnu par le <a href=\"http:\/\/www.olympic.org\/\" target=\"_blank\" rel=\"noopener\">Comit\u00e9 International Olympique<\/a> (CIO).<\/p>\n<p>Au niveau europ\u00e9en, le COIB est membre des <a href=\"http:\/\/www.eurolympic.org\/\" target=\"_blank\" rel=\"noopener\">Comit\u00e9s Olympiques Europ\u00e9ens<\/a> (COE).<\/p>\n<p>Le COIB est une organisation interf\u00e9d\u00e9rale \u00e0 but non lucratif. \u00a0Le Comit\u00e9 repr\u00e9sente les f\u00e9d\u00e9rations sportives nationales, les associations g\u00e9n\u00e9rales des deux, voire des trois ligues communautaires. \u00a0Les repr\u00e9sentants des 86 f\u00e9d\u00e9rations sportives de l&rsquo;Assembl\u00e9e g\u00e9n\u00e9rale du Comit\u00e9. Ensemble, repr\u00e9sentant 24 000 clubs sportifs et 2 200 000 athl\u00e8tes.<\/p>\n<p>&nbsp;<\/p>\n\t\t\t\t\t\t\t\t<a href=\"https:\/\/www.teambelgium.be\/\" target=\"_blank\" itemprop=\"url\" rel=\"noopener\">\n\t\t\t\t\t\t\t\t\t<img loading=\"lazy\" decoding=\"async\" src=\"https:\/\/www.rowing.be\/wp-content\/uploads\/2025\/08\/Sans-titre-6.jpg\" alt=\"Sans titre-6\" itemprop=\"image\" height=\"248\" width=\"1125\" srcset=\"https:\/\/www.rowing.be\/wp-content\/uploads\/2025\/08\/Sans-titre-6.jpg 1125w, https:\/\/www.rowing.be\/wp-content\/uploads\/2025\/08\/Sans-titre-6-300x66.jpg 300w, https:\/\/www.rowing.be\/wp-content\/uploads\/2025\/08\/Sans-titre-6-1024x226.jpg 1024w, https:\/\/www.rowing.be\/wp-content\/uploads\/2025\/08\/Sans-titre-6-768x169.jpg 768w\" sizes=\"auto, (max-width: 1125px) 100vw, 1125px\" title=\"Sans titre-6\" onerror=\"this.style.display='none'\"  \/>\n\t\t\t\t\t\t\t\t\t\t\t\t\t<\/a>\n\t<p>Premier boulanger-p\u00e2tissier de Belgique, <a href=\"https:\/\/www.vondelmolen.be\/nl\/\" target=\"_blank\" rel=\"noopener\"><strong>Vondelmolen<\/strong><\/a> reste une entreprise familiale soud\u00e9e. \u00c0 sa t\u00eate, Jan Borms, cinqui\u00e8me g\u00e9n\u00e9ration de boulangers-p\u00e2tissiers, est aujourd&rsquo;hui une entreprise moderne et internationale, mais leursavoir-faire reste ind\u00e9fectible. Ils n&rsquo;ont jamais transig\u00e9 sur la tradition, le go\u00fbt et la qualit\u00e9 de leurs produits naturels.<\/p>\n<p>Il n&rsquo;est donc pas surprenant que Vondelmolen soit encore aujourd&rsquo;hui le plus grand boulanger-p\u00e2tissier de Belgique.<\/p>\n\t<p><strong>Devenez un partenaire privil\u00e9gi\u00e9 de la F\u00e9d\u00e9ration Royale Belge d&rsquo;Aviron<\/strong><\/p>\n<p>Soutenez le d\u00e9veloppement de l&rsquo;aviron en Belgique tout en renfor\u00e7ant la visibilit\u00e9 et l&rsquo;image de votre entreprise. En devenant partenaire de la FRBA, vous associez votre marque \u00e0 des valeurs fortes : passion, performance, esprit d&rsquo;\u00e9quipe et engagement.<\/p>\n<p>Nous vous proposons des solutions sur mesure, adapt\u00e9es \u00e0 vos objectifs, pour mettre en valeur votre entreprise aupr\u00e8s de notre communaut\u00e9 sportive et au-del\u00e0.<\/p>\n<p>&nbsp;<\/p>\n<p><strong>Envie de collaborer avec nous ?<\/strong><\/p>\n<p>Contactez Pascal d\u00e8s aujourd&rsquo;hui pour explorer les opportunit\u00e9s de partenariat :\u00a0<a href=\"mailto:pascal@belgiumrowing.be\">pascal@belgiumrowing.be<\/a><\/p>\n\n","protected":false},"excerpt":{"rendered":"<p>Nos partenaires Unis par la passion, soutenus par nos partenaires La FRBA est fi\u00e8re d&rsquo;associer son image \u00e0 des partenaires fiables tels que Northwave Cyber Security, Team Belgium, Forever Products et Vondelmolen. Gr\u00e2ce \u00e0 leur pr\u00e9cieux soutien, nous pouvons continuer \u00e0 promouvoir et d\u00e9velopper l&rsquo;aviron au sein de notre f\u00e9d\u00e9ration. Leur engagement \u00e0 nos c\u00f4t\u00e9s&hellip;<\/p>\n","protected":false},"author":1,"featured_media":0,"parent":0,"menu_order":0,"comment_status":"closed","ping_status":"closed","template":"","meta":{"footnotes":""},"class_list":["post-624","page","type-page","status-publish","hentry"],"yoast_head":"<!-- This site is optimized with the Yoast SEO plugin v26.8 - https:\/\/yoast.com\/product\/yoast-seo-wordpress\/ -->\n<title>Nos partenaires - K.B.R. Roeien - F.R.B.A. Aviron<\/title>\n<meta name=\"robots\" content=\"index, follow, max-snippet:-1, max-image-preview:large, max-video-preview:-1\" \/>\n<link rel=\"canonical\" href=\"https:\/\/www.rowing.be\/fr\/nos-partenaires\/\" \/>\n<meta property=\"og:locale\" content=\"fr_FR\" \/>\n<meta property=\"og:type\" content=\"article\" \/>\n<meta property=\"og:title\" content=\"Nos partenaires - K.B.R. Roeien - F.R.B.A. Aviron\" \/>\n<meta property=\"og:description\" content=\"Nos partenaires Unis par la passion, soutenus par nos partenaires La FRBA est fi\u00e8re d&rsquo;associer son image \u00e0 des partenaires fiables tels que Northwave Cyber Security, Team Belgium, Forever Products et Vondelmolen. Gr\u00e2ce \u00e0 leur pr\u00e9cieux soutien, nous pouvons continuer \u00e0 promouvoir et d\u00e9velopper l&rsquo;aviron au sein de notre f\u00e9d\u00e9ration. Leur engagement \u00e0 nos c\u00f4t\u00e9s&hellip;\" \/>\n<meta property=\"og:url\" content=\"https:\/\/www.rowing.be\/fr\/nos-partenaires\/\" \/>\n<meta property=\"og:site_name\" content=\"K.B.R. Roeien - F.R.B.A. Aviron\" \/>\n<meta property=\"article:modified_time\" content=\"2025-10-07T07:01:27+00:00\" \/>\n<meta property=\"og:image\" content=\"https:\/\/www.rowing.be\/wp-content\/uploads\/2025\/08\/Sans-titre-3.jpg\" \/>\n<meta name=\"twitter:card\" content=\"summary_large_image\" \/>\n<meta name=\"twitter:label1\" content=\"Dur\u00e9e de lecture estim\u00e9e\" \/>\n\t<meta name=\"twitter:data1\" content=\"4 minutes\" \/>\n<script type=\"application\/ld+json\" class=\"yoast-schema-graph\">{\"@context\":\"https:\/\/schema.org\",\"@graph\":[{\"@type\":\"WebPage\",\"@id\":\"https:\/\/www.rowing.be\/fr\/nos-partenaires\/\",\"url\":\"https:\/\/www.rowing.be\/fr\/nos-partenaires\/\",\"name\":\"Nos partenaires - K.B.R. Roeien - F.R.B.A. Aviron\",\"isPartOf\":{\"@id\":\"https:\/\/www.rowing.be\/fr\/#website\"},\"primaryImageOfPage\":{\"@id\":\"https:\/\/www.rowing.be\/fr\/nos-partenaires\/#primaryimage\"},\"image\":{\"@id\":\"https:\/\/www.rowing.be\/fr\/nos-partenaires\/#primaryimage\"},\"thumbnailUrl\":\"https:\/\/www.rowing.be\/wp-content\/uploads\/2025\/08\/Sans-titre-3.jpg\",\"datePublished\":\"2025-06-24T08:35:23+00:00\",\"dateModified\":\"2025-10-07T07:01:27+00:00\",\"breadcrumb\":{\"@id\":\"https:\/\/www.rowing.be\/fr\/nos-partenaires\/#breadcrumb\"},\"inLanguage\":\"fr-FR\",\"potentialAction\":[{\"@type\":\"ReadAction\",\"target\":[\"https:\/\/www.rowing.be\/fr\/nos-partenaires\/\"]}]},{\"@type\":\"ImageObject\",\"inLanguage\":\"fr-FR\",\"@id\":\"https:\/\/www.rowing.be\/fr\/nos-partenaires\/#primaryimage\",\"url\":\"https:\/\/www.rowing.be\/wp-content\/uploads\/2025\/08\/Sans-titre-3.jpg\",\"contentUrl\":\"https:\/\/www.rowing.be\/wp-content\/uploads\/2025\/08\/Sans-titre-3.jpg\"},{\"@type\":\"BreadcrumbList\",\"@id\":\"https:\/\/www.rowing.be\/fr\/nos-partenaires\/#breadcrumb\",\"itemListElement\":[{\"@type\":\"ListItem\",\"position\":1,\"name\":\"Accueil\",\"item\":\"https:\/\/www.rowing.be\/fr\/\"},{\"@type\":\"ListItem\",\"position\":2,\"name\":\"Nos partenaires\"}]},{\"@type\":\"WebSite\",\"@id\":\"https:\/\/www.rowing.be\/fr\/#website\",\"url\":\"https:\/\/www.rowing.be\/fr\/\",\"name\":\"K.B.R. Roeien - F.R.B.A. Aviron\",\"description\":\"Welcome to rowing.be \u2013 Join the crew, feel the rhythm.\",\"potentialAction\":[{\"@type\":\"SearchAction\",\"target\":{\"@type\":\"EntryPoint\",\"urlTemplate\":\"https:\/\/www.rowing.be\/fr\/?s={search_term_string}\"},\"query-input\":{\"@type\":\"PropertyValueSpecification\",\"valueRequired\":true,\"valueName\":\"search_term_string\"}}],\"inLanguage\":\"fr-FR\"}]}<\/script>\n<!-- \/ Yoast SEO plugin. -->","yoast_head_json":{"title":"Nos partenaires - K.B.R. Roeien - F.R.B.A. Aviron","robots":{"index":"index","follow":"follow","max-snippet":"max-snippet:-1","max-image-preview":"max-image-preview:large","max-video-preview":"max-video-preview:-1"},"canonical":"https:\/\/www.rowing.be\/fr\/nos-partenaires\/","og_locale":"fr_FR","og_type":"article","og_title":"Nos partenaires - K.B.R. Roeien - F.R.B.A. Aviron","og_description":"Nos partenaires Unis par la passion, soutenus par nos partenaires La FRBA est fi\u00e8re d&rsquo;associer son image \u00e0 des partenaires fiables tels que Northwave Cyber Security, Team Belgium, Forever Products et Vondelmolen. Gr\u00e2ce \u00e0 leur pr\u00e9cieux soutien, nous pouvons continuer \u00e0 promouvoir et d\u00e9velopper l&rsquo;aviron au sein de notre f\u00e9d\u00e9ration. Leur engagement \u00e0 nos c\u00f4t\u00e9s&hellip;","og_url":"https:\/\/www.rowing.be\/fr\/nos-partenaires\/","og_site_name":"K.B.R. Roeien - F.R.B.A. Aviron","article_modified_time":"2025-10-07T07:01:27+00:00","og_image":[{"url":"https:\/\/www.rowing.be\/wp-content\/uploads\/2025\/08\/Sans-titre-3.jpg","type":"","width":"","height":""}],"twitter_card":"summary_large_image","twitter_misc":{"Dur\u00e9e de lecture estim\u00e9e":"4 minutes"},"schema":{"@context":"https:\/\/schema.org","@graph":[{"@type":"WebPage","@id":"https:\/\/www.rowing.be\/fr\/nos-partenaires\/","url":"https:\/\/www.rowing.be\/fr\/nos-partenaires\/","name":"Nos partenaires - K.B.R. Roeien - F.R.B.A. Aviron","isPartOf":{"@id":"https:\/\/www.rowing.be\/fr\/#website"},"primaryImageOfPage":{"@id":"https:\/\/www.rowing.be\/fr\/nos-partenaires\/#primaryimage"},"image":{"@id":"https:\/\/www.rowing.be\/fr\/nos-partenaires\/#primaryimage"},"thumbnailUrl":"https:\/\/www.rowing.be\/wp-content\/uploads\/2025\/08\/Sans-titre-3.jpg","datePublished":"2025-06-24T08:35:23+00:00","dateModified":"2025-10-07T07:01:27+00:00","breadcrumb":{"@id":"https:\/\/www.rowing.be\/fr\/nos-partenaires\/#breadcrumb"},"inLanguage":"fr-FR","potentialAction":[{"@type":"ReadAction","target":["https:\/\/www.rowing.be\/fr\/nos-partenaires\/"]}]},{"@type":"ImageObject","inLanguage":"fr-FR","@id":"https:\/\/www.rowing.be\/fr\/nos-partenaires\/#primaryimage","url":"https:\/\/www.rowing.be\/wp-content\/uploads\/2025\/08\/Sans-titre-3.jpg","contentUrl":"https:\/\/www.rowing.be\/wp-content\/uploads\/2025\/08\/Sans-titre-3.jpg"},{"@type":"BreadcrumbList","@id":"https:\/\/www.rowing.be\/fr\/nos-partenaires\/#breadcrumb","itemListElement":[{"@type":"ListItem","position":1,"name":"Accueil","item":"https:\/\/www.rowing.be\/fr\/"},{"@type":"ListItem","position":2,"name":"Nos partenaires"}]},{"@type":"WebSite","@id":"https:\/\/www.rowing.be\/fr\/#website","url":"https:\/\/www.rowing.be\/fr\/","name":"K.B.R. Roeien - F.R.B.A. Aviron","description":"Welcome to rowing.be \u2013 Join the crew, feel the rhythm.","potentialAction":[{"@type":"SearchAction","target":{"@type":"EntryPoint","urlTemplate":"https:\/\/www.rowing.be\/fr\/?s={search_term_string}"},"query-input":{"@type":"PropertyValueSpecification","valueRequired":true,"valueName":"search_term_string"}}],"inLanguage":"fr-FR"}]}},"_links":{"self":[{"href":"https:\/\/www.rowing.be\/fr\/wp-json\/wp\/v2\/pages\/624","targetHints":{"allow":["GET"]}}],"collection":[{"href":"https:\/\/www.rowing.be\/fr\/wp-json\/wp\/v2\/pages"}],"about":[{"href":"https:\/\/www.rowing.be\/fr\/wp-json\/wp\/v2\/types\/page"}],"author":[{"embeddable":true,"href":"https:\/\/www.rowing.be\/fr\/wp-json\/wp\/v2\/users\/1"}],"replies":[{"embeddable":true,"href":"https:\/\/www.rowing.be\/fr\/wp-json\/wp\/v2\/comments?post=624"}],"version-history":[{"count":8,"href":"https:\/\/www.rowing.be\/fr\/wp-json\/wp\/v2\/pages\/624\/revisions"}],"predecessor-version":[{"id":2664,"href":"https:\/\/www.rowing.be\/fr\/wp-json\/wp\/v2\/pages\/624\/revisions\/2664"}],"wp:attachment":[{"href":"https:\/\/www.rowing.be\/fr\/wp-json\/wp\/v2\/media?parent=624"}],"curies":[{"name":"wp","href":"https:\/\/api.w.org\/{rel}","templated":true}]}}