{"id":616,"date":"2025-06-24T10:31:10","date_gmt":"2025-06-24T08:31:10","guid":{"rendered":"https:\/\/www.rowing.ovh\/ligues\/"},"modified":"2025-08-20T14:37:03","modified_gmt":"2025-08-20T12:37:03","slug":"ligues","status":"publish","type":"page","link":"https:\/\/www.rowing.be\/fr\/ligues\/","title":{"rendered":"Ligues"},"content":{"rendered":"\n\n\t<p>Ligues<\/p>\n\t<h1>Les deux Ligues Belges d&rsquo;aviron<\/h1>\n\t<p>En Belgique, l&rsquo;aviron est organis\u00e9 au niveau communautaire par deux structures principales\u00a0: la <a href=\"https:\/\/vlaamse-roeiliga.be\"><b>Vlaamse Roeiliga (VRL)<\/b><\/a> pour la Communaut\u00e9 flamande et la <a href=\"https:\/\/www.aviron.be\"><b>Ligue Francophone d&rsquo;Aviron (LFA)<\/b><\/a> pour la F\u00e9d\u00e9ration Wallonie-Bruxelles.<\/p>\n<p>Chaque ligue a pour mission de promouvoir l&rsquo;aviron dans sa r\u00e9gion. Elle soutient les clubs locaux, organise des comp\u00e9titions et forme les entra\u00eeneurs et les rameurs. Les deux ligues jouent un r\u00f4le essentiel dans la d\u00e9tection des jeunes talents et le d\u00e9veloppement de programmes pour l&rsquo;aviron de haut niveau et de loisir.<\/p>\n\t\t\t\t\t\t\t\t<a href=\"https:\/\/vlaamse-roeiliga.be\" target=\"_self\" itemprop=\"url\">\n\t\t\t\t\t\t\t\t\t<img decoding=\"async\" src=\"https:\/\/www.rowing.be\/wp-content\/uploads\/bb-plugin\/cache\/VRL-square.png\" alt=\"VRL\" itemprop=\"image\" title=\"VRL\" onerror=\"this.style.display='none'\"  \/>\n\t\t\t\t\t\t\t\t\t\t\t\t\t<\/a>\n\t<p>La <a href=\"https:\/\/vlaamse-roeiliga.be\/\"><strong>Ligue flamande d&rsquo;aviron<\/strong><\/a>, bas\u00e9e \u00e0 Gand, \u00e9volue dans une r\u00e9gion riche en aviron. Plusieurs clubs renomm\u00e9s y sont implant\u00e9s et l&rsquo;esprit de comp\u00e9tition y est fort. La VRL collabore \u00e9galement avec Sport Vlaanderen pour soutenir les athl\u00e8tes d&rsquo;\u00e9lite.<\/p>\n\t\t\t\t\t\t\t\t<a href=\"https:\/\/www.aviron.be\" target=\"_self\" itemprop=\"url\">\n\t\t\t\t\t\t\t\t\t<img decoding=\"async\" src=\"https:\/\/www.rowing.be\/wp-content\/uploads\/bb-plugin\/cache\/LFA-square.png\" alt=\"LFA\" itemprop=\"image\" title=\"LFA\" onerror=\"this.style.display='none'\"  \/>\n\t\t\t\t\t\t\t\t\t\t\t\t\t<\/a>\n\t<p>La <a href=\"https:\/\/www.aviron.be\"><strong>Ligue Francophone d&rsquo;Aviron<\/strong><\/a>, bas\u00e9e en Wallonie, d\u00e9veloppe l&rsquo;aviron dans les provinces wallonnes ainsi qu&rsquo;\u00e0 Bruxelles. Elle met l&rsquo;accent sur l&rsquo;accessibilit\u00e9, la diversit\u00e9 et une formation durable des jeunes rameurs.<\/p>\n\t<p>Les deux ligues travaillent en \u00e9troite collaboration avec la <strong>F\u00e9d\u00e9ration Royale Belge d&rsquo;Aviron<\/strong> afin d&rsquo;assurer une coordination nationale. Cela comprend la s\u00e9lection pour les comp\u00e9titions internationales, la r\u00e9glementation et le d\u00e9veloppement \u00e9quilibr\u00e9 de la discipline dans tout le pays.<\/p>\n\n","protected":false},"excerpt":{"rendered":"<p>Ligues Les deux Ligues Belges d&rsquo;aviron En Belgique, l&rsquo;aviron est organis\u00e9 au niveau communautaire par deux structures principales\u00a0: la Vlaamse Roeiliga (VRL) pour la Communaut\u00e9 flamande et la Ligue Francophone d&rsquo;Aviron (LFA) pour la F\u00e9d\u00e9ration Wallonie-Bruxelles. Chaque ligue a pour mission de promouvoir l&rsquo;aviron dans sa r\u00e9gion. Elle soutient les clubs locaux, organise des comp\u00e9titions&hellip;<\/p>\n","protected":false},"author":1,"featured_media":0,"parent":0,"menu_order":0,"comment_status":"closed","ping_status":"closed","template":"","meta":{"footnotes":""},"class_list":["post-616","page","type-page","status-publish","hentry"],"yoast_head":"<!-- This site is optimized with the Yoast SEO plugin v26.8 - https:\/\/yoast.com\/product\/yoast-seo-wordpress\/ -->\n<title>Ligues - K.B.R. Roeien - F.R.B.A. Aviron<\/title>\n<meta name=\"robots\" content=\"index, follow, max-snippet:-1, max-image-preview:large, max-video-preview:-1\" \/>\n<link rel=\"canonical\" href=\"https:\/\/www.rowing.be\/fr\/ligues\/\" \/>\n<meta property=\"og:locale\" content=\"fr_FR\" \/>\n<meta property=\"og:type\" content=\"article\" \/>\n<meta property=\"og:title\" content=\"Ligues - K.B.R. Roeien - F.R.B.A. Aviron\" \/>\n<meta property=\"og:description\" content=\"Ligues Les deux Ligues Belges d&rsquo;aviron En Belgique, l&rsquo;aviron est organis\u00e9 au niveau communautaire par deux structures principales\u00a0: la Vlaamse Roeiliga (VRL) pour la Communaut\u00e9 flamande et la Ligue Francophone d&rsquo;Aviron (LFA) pour la F\u00e9d\u00e9ration Wallonie-Bruxelles. Chaque ligue a pour mission de promouvoir l&rsquo;aviron dans sa r\u00e9gion. Elle soutient les clubs locaux, organise des comp\u00e9titions&hellip;\" \/>\n<meta property=\"og:url\" content=\"https:\/\/www.rowing.be\/fr\/ligues\/\" \/>\n<meta property=\"og:site_name\" content=\"K.B.R. Roeien - F.R.B.A. Aviron\" \/>\n<meta property=\"article:modified_time\" content=\"2025-08-20T12:37:03+00:00\" \/>\n<meta property=\"og:image\" content=\"https:\/\/www.rowing.be\/wp-content\/uploads\/bb-plugin\/cache\/VRL-square.png\" \/>\n<meta name=\"twitter:card\" content=\"summary_large_image\" \/>\n<meta name=\"twitter:label1\" content=\"Dur\u00e9e de lecture estim\u00e9e\" \/>\n\t<meta name=\"twitter:data1\" content=\"1 minute\" \/>\n<script type=\"application\/ld+json\" class=\"yoast-schema-graph\">{\"@context\":\"https:\/\/schema.org\",\"@graph\":[{\"@type\":\"WebPage\",\"@id\":\"https:\/\/www.rowing.be\/fr\/ligues\/\",\"url\":\"https:\/\/www.rowing.be\/fr\/ligues\/\",\"name\":\"Ligues - K.B.R. Roeien - F.R.B.A. Aviron\",\"isPartOf\":{\"@id\":\"https:\/\/www.rowing.be\/fr\/#website\"},\"primaryImageOfPage\":{\"@id\":\"https:\/\/www.rowing.be\/fr\/ligues\/#primaryimage\"},\"image\":{\"@id\":\"https:\/\/www.rowing.be\/fr\/ligues\/#primaryimage\"},\"thumbnailUrl\":\"https:\/\/www.rowing.be\/wp-content\/uploads\/bb-plugin\/cache\/VRL-square.png\",\"datePublished\":\"2025-06-24T08:31:10+00:00\",\"dateModified\":\"2025-08-20T12:37:03+00:00\",\"breadcrumb\":{\"@id\":\"https:\/\/www.rowing.be\/fr\/ligues\/#breadcrumb\"},\"inLanguage\":\"fr-FR\",\"potentialAction\":[{\"@type\":\"ReadAction\",\"target\":[\"https:\/\/www.rowing.be\/fr\/ligues\/\"]}]},{\"@type\":\"ImageObject\",\"inLanguage\":\"fr-FR\",\"@id\":\"https:\/\/www.rowing.be\/fr\/ligues\/#primaryimage\",\"url\":\"https:\/\/www.rowing.be\/wp-content\/uploads\/bb-plugin\/cache\/VRL-square.png\",\"contentUrl\":\"https:\/\/www.rowing.be\/wp-content\/uploads\/bb-plugin\/cache\/VRL-square.png\"},{\"@type\":\"BreadcrumbList\",\"@id\":\"https:\/\/www.rowing.be\/fr\/ligues\/#breadcrumb\",\"itemListElement\":[{\"@type\":\"ListItem\",\"position\":1,\"name\":\"Accueil\",\"item\":\"https:\/\/www.rowing.be\/fr\/\"},{\"@type\":\"ListItem\",\"position\":2,\"name\":\"Ligues\"}]},{\"@type\":\"WebSite\",\"@id\":\"https:\/\/www.rowing.be\/fr\/#website\",\"url\":\"https:\/\/www.rowing.be\/fr\/\",\"name\":\"K.B.R. Roeien - F.R.B.A. Aviron\",\"description\":\"Welcome to rowing.be \u2013 Join the crew, feel the rhythm.\",\"potentialAction\":[{\"@type\":\"SearchAction\",\"target\":{\"@type\":\"EntryPoint\",\"urlTemplate\":\"https:\/\/www.rowing.be\/fr\/?s={search_term_string}\"},\"query-input\":{\"@type\":\"PropertyValueSpecification\",\"valueRequired\":true,\"valueName\":\"search_term_string\"}}],\"inLanguage\":\"fr-FR\"}]}<\/script>\n<!-- \/ Yoast SEO plugin. -->","yoast_head_json":{"title":"Ligues - K.B.R. Roeien - F.R.B.A. Aviron","robots":{"index":"index","follow":"follow","max-snippet":"max-snippet:-1","max-image-preview":"max-image-preview:large","max-video-preview":"max-video-preview:-1"},"canonical":"https:\/\/www.rowing.be\/fr\/ligues\/","og_locale":"fr_FR","og_type":"article","og_title":"Ligues - K.B.R. Roeien - F.R.B.A. Aviron","og_description":"Ligues Les deux Ligues Belges d&rsquo;aviron En Belgique, l&rsquo;aviron est organis\u00e9 au niveau communautaire par deux structures principales\u00a0: la Vlaamse Roeiliga (VRL) pour la Communaut\u00e9 flamande et la Ligue Francophone d&rsquo;Aviron (LFA) pour la F\u00e9d\u00e9ration Wallonie-Bruxelles. Chaque ligue a pour mission de promouvoir l&rsquo;aviron dans sa r\u00e9gion. Elle soutient les clubs locaux, organise des comp\u00e9titions&hellip;","og_url":"https:\/\/www.rowing.be\/fr\/ligues\/","og_site_name":"K.B.R. Roeien - F.R.B.A. Aviron","article_modified_time":"2025-08-20T12:37:03+00:00","og_image":[{"url":"https:\/\/www.rowing.be\/wp-content\/uploads\/bb-plugin\/cache\/VRL-square.png","type":"","width":"","height":""}],"twitter_card":"summary_large_image","twitter_misc":{"Dur\u00e9e de lecture estim\u00e9e":"1 minute"},"schema":{"@context":"https:\/\/schema.org","@graph":[{"@type":"WebPage","@id":"https:\/\/www.rowing.be\/fr\/ligues\/","url":"https:\/\/www.rowing.be\/fr\/ligues\/","name":"Ligues - K.B.R. Roeien - F.R.B.A. Aviron","isPartOf":{"@id":"https:\/\/www.rowing.be\/fr\/#website"},"primaryImageOfPage":{"@id":"https:\/\/www.rowing.be\/fr\/ligues\/#primaryimage"},"image":{"@id":"https:\/\/www.rowing.be\/fr\/ligues\/#primaryimage"},"thumbnailUrl":"https:\/\/www.rowing.be\/wp-content\/uploads\/bb-plugin\/cache\/VRL-square.png","datePublished":"2025-06-24T08:31:10+00:00","dateModified":"2025-08-20T12:37:03+00:00","breadcrumb":{"@id":"https:\/\/www.rowing.be\/fr\/ligues\/#breadcrumb"},"inLanguage":"fr-FR","potentialAction":[{"@type":"ReadAction","target":["https:\/\/www.rowing.be\/fr\/ligues\/"]}]},{"@type":"ImageObject","inLanguage":"fr-FR","@id":"https:\/\/www.rowing.be\/fr\/ligues\/#primaryimage","url":"https:\/\/www.rowing.be\/wp-content\/uploads\/bb-plugin\/cache\/VRL-square.png","contentUrl":"https:\/\/www.rowing.be\/wp-content\/uploads\/bb-plugin\/cache\/VRL-square.png"},{"@type":"BreadcrumbList","@id":"https:\/\/www.rowing.be\/fr\/ligues\/#breadcrumb","itemListElement":[{"@type":"ListItem","position":1,"name":"Accueil","item":"https:\/\/www.rowing.be\/fr\/"},{"@type":"ListItem","position":2,"name":"Ligues"}]},{"@type":"WebSite","@id":"https:\/\/www.rowing.be\/fr\/#website","url":"https:\/\/www.rowing.be\/fr\/","name":"K.B.R. Roeien - F.R.B.A. Aviron","description":"Welcome to rowing.be \u2013 Join the crew, feel the rhythm.","potentialAction":[{"@type":"SearchAction","target":{"@type":"EntryPoint","urlTemplate":"https:\/\/www.rowing.be\/fr\/?s={search_term_string}"},"query-input":{"@type":"PropertyValueSpecification","valueRequired":true,"valueName":"search_term_string"}}],"inLanguage":"fr-FR"}]}},"_links":{"self":[{"href":"https:\/\/www.rowing.be\/fr\/wp-json\/wp\/v2\/pages\/616","targetHints":{"allow":["GET"]}}],"collection":[{"href":"https:\/\/www.rowing.be\/fr\/wp-json\/wp\/v2\/pages"}],"about":[{"href":"https:\/\/www.rowing.be\/fr\/wp-json\/wp\/v2\/types\/page"}],"author":[{"embeddable":true,"href":"https:\/\/www.rowing.be\/fr\/wp-json\/wp\/v2\/users\/1"}],"replies":[{"embeddable":true,"href":"https:\/\/www.rowing.be\/fr\/wp-json\/wp\/v2\/comments?post=616"}],"version-history":[{"count":5,"href":"https:\/\/www.rowing.be\/fr\/wp-json\/wp\/v2\/pages\/616\/revisions"}],"predecessor-version":[{"id":1954,"href":"https:\/\/www.rowing.be\/fr\/wp-json\/wp\/v2\/pages\/616\/revisions\/1954"}],"wp:attachment":[{"href":"https:\/\/www.rowing.be\/fr\/wp-json\/wp\/v2\/media?parent=616"}],"curies":[{"name":"wp","href":"https:\/\/api.w.org\/{rel}","templated":true}]}}