{"id":599,"date":"2025-06-24T10:08:05","date_gmt":"2025-06-24T08:08:05","guid":{"rendered":"https:\/\/www.rowing.ovh\/lhistoire\/"},"modified":"2025-08-17T17:38:35","modified_gmt":"2025-08-17T15:38:35","slug":"lhistoire","status":"publish","type":"page","link":"https:\/\/www.rowing.be\/fr\/lhistoire\/","title":{"rendered":"L&rsquo;histoire"},"content":{"rendered":"\n\n\t<p>L&rsquo;histoire<\/p>\n\t<h1>de l&rsquo;aviron belge<\/h1>\n\t<p><strong>La F\u00e9d\u00e9ration Belge des Soci\u00e9t\u00e9s d&rsquo;Aviron (FBSA), fond\u00e9e en 1887, est l&rsquo;une des plus anciennes f\u00e9d\u00e9rations sportives du pays.<\/strong><\/p>\n<p>L&rsquo;association a \u00e9t\u00e9 fond\u00e9e \u00e0 une \u00e9poque o\u00f9 l&rsquo;aviron gagnait rapidement en popularit\u00e9 en Europe, en partie gr\u00e2ce \u00e0 l&rsquo;essor des sports nautiques et des comp\u00e9titions internationales.<\/p>\n<p>\u00c0 l&rsquo;origine, la f\u00e9d\u00e9ration regroupait plusieurs clubs le long des rivi\u00e8res et canaux belges, notamment \u00e0 Bruxelles, Li\u00e8ge, Gand et Anvers. La FBSA rejoignit rapidement la F\u00e9d\u00e9ration internationale d&rsquo;aviron (FISA), fond\u00e9e en 1892, dont la Belgique fut l&rsquo;un des membres fondateurs. D\u00e8s le d\u00e9but du XXe si\u00e8cle, les rameurs belges occup\u00e8rent une place de choix sur la sc\u00e8ne internationale. En 1900, la Belgique participa \u00e0 ses premiers Jeux olympiques. Huit ans plus tard, \u00e0 Londres, le pays remporta sa premi\u00e8re m\u00e9daille olympique en aviron, marquant le d\u00e9but d&rsquo;une longue tradition de comp\u00e9titions internationales.   <\/p>\n\t\t\t\t\t\t\t\t\t<img decoding=\"async\" src=\"https:\/\/www.rowing.ovh\/wp-content\/uploads\/2025\/07\/FBSA_naissance-1-668x350.png\" alt=\"FBSA_naissance\" itemprop=\"image\" srcset=\"https:\/\/www.rowing.be\/wp-content\/uploads\/2025\/07\/FBSA_naissance-1.png 806w, https:\/\/www.rowing.be\/wp-content\/uploads\/2025\/07\/FBSA_naissance-1-300x172.png 300w, https:\/\/www.rowing.be\/wp-content\/uploads\/2025\/07\/FBSA_naissance-1-768x439.png 768w\" sizes=\"(max-width: 806px) 100vw, 806px\" title=\"FBSA_naissance\" onerror=\"this.style.display='none'\"  \/>\n\t\t\t\t\t\t\t\t\t<img decoding=\"async\" src=\"https:\/\/www.rowing.ovh\/wp-content\/uploads\/2025\/07\/FBSA_naissance2.png\" alt=\"FBSA_naissance2\" itemprop=\"image\" srcset=\"https:\/\/www.rowing.be\/wp-content\/uploads\/2025\/07\/FBSA_naissance2.png 456w, https:\/\/www.rowing.be\/wp-content\/uploads\/2025\/07\/FBSA_naissance2-177x300.png 177w\" sizes=\"(max-width: 456px) 100vw, 456px\" title=\"FBSA_naissance2\" onerror=\"this.style.display='none'\"  \/>\n\t\t\t\t\t\t\t\t\t<img decoding=\"async\" src=\"https:\/\/www.rowing.ovh\/wp-content\/uploads\/2025\/07\/1920-Aviron-JO-Anvers-1.png\" alt=\"1920 Aviron JO Anvers 1\" itemprop=\"image\" srcset=\"https:\/\/www.rowing.be\/wp-content\/uploads\/2025\/07\/1920-Aviron-JO-Anvers-1.png 806w, https:\/\/www.rowing.be\/wp-content\/uploads\/2025\/07\/1920-Aviron-JO-Anvers-1-300x172.png 300w, https:\/\/www.rowing.be\/wp-content\/uploads\/2025\/07\/1920-Aviron-JO-Anvers-1-768x439.png 768w\" sizes=\"(max-width: 806px) 100vw, 806px\" title=\"1920 Aviron JO Anvers 1\" onerror=\"this.style.display='none'\"  \/>\n\t<p>Jeux olympiques d&rsquo;Anvers 1920<\/p>\n\t\t\t\t\t\t\t\t\t<img decoding=\"async\" src=\"https:\/\/www.rowing.ovh\/wp-content\/uploads\/2025\/07\/1920_JO_Anvers_2.png\" alt=\"1920_JO_Anvers_2\" itemprop=\"image\" srcset=\"https:\/\/www.rowing.be\/wp-content\/uploads\/2025\/07\/1920_JO_Anvers_2.png 806w, https:\/\/www.rowing.be\/wp-content\/uploads\/2025\/07\/1920_JO_Anvers_2-300x172.png 300w, https:\/\/www.rowing.be\/wp-content\/uploads\/2025\/07\/1920_JO_Anvers_2-768x439.png 768w\" sizes=\"(max-width: 806px) 100vw, 806px\" title=\"1920_JO_Anvers_2\" onerror=\"this.style.display='none'\"  \/>\n\t<p>Jeux olympiques d&rsquo;Anvers 1920<\/p>\n\t\t\t\t\t\t\t\t\t<img decoding=\"async\" src=\"https:\/\/www.rowing.ovh\/wp-content\/uploads\/2025\/07\/1892_naissance_FISA.png\" alt=\"1892_naissance_FISA\" itemprop=\"image\" srcset=\"https:\/\/www.rowing.be\/wp-content\/uploads\/2025\/07\/1892_naissance_FISA.png 806w, https:\/\/www.rowing.be\/wp-content\/uploads\/2025\/07\/1892_naissance_FISA-300x172.png 300w, https:\/\/www.rowing.be\/wp-content\/uploads\/2025\/07\/1892_naissance_FISA-768x439.png 768w\" sizes=\"(max-width: 806px) 100vw, 806px\" title=\"1892_naissance_FISA\" onerror=\"this.style.display='none'\"  \/>\n\t<p>Cr\u00e9ation de la FISA (aujourd&rsquo;hui WorldRowing)<\/p>\n\t<p>L&rsquo;aviron belge a connu le succ\u00e8s entre les deux guerres mondiales, remportant plusieurs m\u00e9dailles aux championnats d&rsquo;Europe.<\/p>\n<p>La ville d&rsquo;Anvers accueillera les comp\u00e9titions d&rsquo;aviron lors des Jeux olympiques de 1920.<\/p>\n<p>Apr\u00e8s la Seconde Guerre mondiale, la f\u00e9d\u00e9ration a poursuivi son d\u00e9veloppement en structurant le sport aux niveaux r\u00e9cr\u00e9atif et comp\u00e9titif. Les clubs d&rsquo;aviron ont jou\u00e9 un r\u00f4le central dans la formation des jeunes rameurs \u00e0 travers le pays.<\/p>\n<p>Aujourd&rsquo;hui, dans un pays aux identit\u00e9s multiples, depuis 1974, la <strong>F\u00e9d\u00e9ration Royale Belge d&rsquo;Aviron<\/strong> (FRBA), en remplacement de la FBSA, continue de promouvoir ce sport exigeant, tant sur le plan comp\u00e9titif que r\u00e9cr\u00e9atif. \u00a0Elle travaille en collaboration avec les communaut\u00e9s linguistiques (<strong>Vlaamse Roeiliga<\/strong> et <strong>Ligue Francophone d&rsquo;Aviron<\/strong>) pour assurer un d\u00e9veloppement \u00e9quilibr\u00e9 de l&rsquo;aviron en Belgique.<\/p>\n<p>Avec plus d&rsquo;un si\u00e8cle d&rsquo;histoire, la FRBA incarne les valeurs de discipline, de coop\u00e9ration et de pers\u00e9v\u00e9rance qui caract\u00e9risent l&rsquo;aviron.<\/p>\n\n","protected":false},"excerpt":{"rendered":"<p>L&rsquo;histoire de l&rsquo;aviron belge La F\u00e9d\u00e9ration Belge des Soci\u00e9t\u00e9s d&rsquo;Aviron (FBSA), fond\u00e9e en 1887, est l&rsquo;une des plus anciennes f\u00e9d\u00e9rations sportives du pays. L&rsquo;association a \u00e9t\u00e9 fond\u00e9e \u00e0 une \u00e9poque o\u00f9 l&rsquo;aviron gagnait rapidement en popularit\u00e9 en Europe, en partie gr\u00e2ce \u00e0 l&rsquo;essor des sports nautiques et des comp\u00e9titions internationales. \u00c0 l&rsquo;origine, la f\u00e9d\u00e9ration regroupait&hellip;<\/p>\n","protected":false},"author":2,"featured_media":0,"parent":0,"menu_order":0,"comment_status":"closed","ping_status":"closed","template":"","meta":{"footnotes":""},"class_list":["post-599","page","type-page","status-publish","hentry"],"yoast_head":"<!-- This site is optimized with the Yoast SEO plugin v26.8 - https:\/\/yoast.com\/product\/yoast-seo-wordpress\/ -->\n<title>L&#039;histoire - K.B.R. Roeien - F.R.B.A. Aviron<\/title>\n<meta name=\"robots\" content=\"index, follow, max-snippet:-1, max-image-preview:large, max-video-preview:-1\" \/>\n<link rel=\"canonical\" href=\"https:\/\/www.rowing.be\/fr\/lhistoire\/\" \/>\n<meta property=\"og:locale\" content=\"fr_FR\" \/>\n<meta property=\"og:type\" content=\"article\" \/>\n<meta property=\"og:title\" content=\"L&#039;histoire - K.B.R. Roeien - F.R.B.A. Aviron\" \/>\n<meta property=\"og:description\" content=\"L&rsquo;histoire de l&rsquo;aviron belge La F\u00e9d\u00e9ration Belge des Soci\u00e9t\u00e9s d&rsquo;Aviron (FBSA), fond\u00e9e en 1887, est l&rsquo;une des plus anciennes f\u00e9d\u00e9rations sportives du pays. L&rsquo;association a \u00e9t\u00e9 fond\u00e9e \u00e0 une \u00e9poque o\u00f9 l&rsquo;aviron gagnait rapidement en popularit\u00e9 en Europe, en partie gr\u00e2ce \u00e0 l&rsquo;essor des sports nautiques et des comp\u00e9titions internationales. \u00c0 l&rsquo;origine, la f\u00e9d\u00e9ration regroupait&hellip;\" \/>\n<meta property=\"og:url\" content=\"https:\/\/www.rowing.be\/fr\/lhistoire\/\" \/>\n<meta property=\"og:site_name\" content=\"K.B.R. Roeien - F.R.B.A. Aviron\" \/>\n<meta property=\"article:modified_time\" content=\"2025-08-17T15:38:35+00:00\" \/>\n<meta property=\"og:image\" content=\"https:\/\/www.rowing.ovh\/wp-content\/uploads\/2025\/07\/FBSA_naissance-1-668x350.png\" \/>\n<meta name=\"twitter:card\" content=\"summary_large_image\" \/>\n<meta name=\"twitter:label1\" content=\"Dur\u00e9e de lecture estim\u00e9e\" \/>\n\t<meta name=\"twitter:data1\" content=\"2 minutes\" \/>\n<script type=\"application\/ld+json\" class=\"yoast-schema-graph\">{\"@context\":\"https:\/\/schema.org\",\"@graph\":[{\"@type\":\"WebPage\",\"@id\":\"https:\/\/www.rowing.be\/fr\/lhistoire\/\",\"url\":\"https:\/\/www.rowing.be\/fr\/lhistoire\/\",\"name\":\"L'histoire - K.B.R. Roeien - F.R.B.A. Aviron\",\"isPartOf\":{\"@id\":\"https:\/\/www.rowing.be\/fr\/#website\"},\"primaryImageOfPage\":{\"@id\":\"https:\/\/www.rowing.be\/fr\/lhistoire\/#primaryimage\"},\"image\":{\"@id\":\"https:\/\/www.rowing.be\/fr\/lhistoire\/#primaryimage\"},\"thumbnailUrl\":\"https:\/\/www.rowing.ovh\/wp-content\/uploads\/2025\/07\/FBSA_naissance-1-668x350.png\",\"datePublished\":\"2025-06-24T08:08:05+00:00\",\"dateModified\":\"2025-08-17T15:38:35+00:00\",\"breadcrumb\":{\"@id\":\"https:\/\/www.rowing.be\/fr\/lhistoire\/#breadcrumb\"},\"inLanguage\":\"fr-FR\",\"potentialAction\":[{\"@type\":\"ReadAction\",\"target\":[\"https:\/\/www.rowing.be\/fr\/lhistoire\/\"]}]},{\"@type\":\"ImageObject\",\"inLanguage\":\"fr-FR\",\"@id\":\"https:\/\/www.rowing.be\/fr\/lhistoire\/#primaryimage\",\"url\":\"https:\/\/www.rowing.ovh\/wp-content\/uploads\/2025\/07\/FBSA_naissance-1-668x350.png\",\"contentUrl\":\"https:\/\/www.rowing.ovh\/wp-content\/uploads\/2025\/07\/FBSA_naissance-1-668x350.png\"},{\"@type\":\"BreadcrumbList\",\"@id\":\"https:\/\/www.rowing.be\/fr\/lhistoire\/#breadcrumb\",\"itemListElement\":[{\"@type\":\"ListItem\",\"position\":1,\"name\":\"Accueil\",\"item\":\"https:\/\/www.rowing.be\/fr\/\"},{\"@type\":\"ListItem\",\"position\":2,\"name\":\"L&rsquo;histoire\"}]},{\"@type\":\"WebSite\",\"@id\":\"https:\/\/www.rowing.be\/fr\/#website\",\"url\":\"https:\/\/www.rowing.be\/fr\/\",\"name\":\"K.B.R. Roeien - F.R.B.A. Aviron\",\"description\":\"Welcome to rowing.be \u2013 Join the crew, feel the rhythm.\",\"potentialAction\":[{\"@type\":\"SearchAction\",\"target\":{\"@type\":\"EntryPoint\",\"urlTemplate\":\"https:\/\/www.rowing.be\/fr\/?s={search_term_string}\"},\"query-input\":{\"@type\":\"PropertyValueSpecification\",\"valueRequired\":true,\"valueName\":\"search_term_string\"}}],\"inLanguage\":\"fr-FR\"}]}<\/script>\n<!-- \/ Yoast SEO plugin. -->","yoast_head_json":{"title":"L'histoire - K.B.R. Roeien - F.R.B.A. Aviron","robots":{"index":"index","follow":"follow","max-snippet":"max-snippet:-1","max-image-preview":"max-image-preview:large","max-video-preview":"max-video-preview:-1"},"canonical":"https:\/\/www.rowing.be\/fr\/lhistoire\/","og_locale":"fr_FR","og_type":"article","og_title":"L'histoire - K.B.R. Roeien - F.R.B.A. Aviron","og_description":"L&rsquo;histoire de l&rsquo;aviron belge La F\u00e9d\u00e9ration Belge des Soci\u00e9t\u00e9s d&rsquo;Aviron (FBSA), fond\u00e9e en 1887, est l&rsquo;une des plus anciennes f\u00e9d\u00e9rations sportives du pays. L&rsquo;association a \u00e9t\u00e9 fond\u00e9e \u00e0 une \u00e9poque o\u00f9 l&rsquo;aviron gagnait rapidement en popularit\u00e9 en Europe, en partie gr\u00e2ce \u00e0 l&rsquo;essor des sports nautiques et des comp\u00e9titions internationales. \u00c0 l&rsquo;origine, la f\u00e9d\u00e9ration regroupait&hellip;","og_url":"https:\/\/www.rowing.be\/fr\/lhistoire\/","og_site_name":"K.B.R. Roeien - F.R.B.A. Aviron","article_modified_time":"2025-08-17T15:38:35+00:00","og_image":[{"url":"https:\/\/www.rowing.ovh\/wp-content\/uploads\/2025\/07\/FBSA_naissance-1-668x350.png","type":"","width":"","height":""}],"twitter_card":"summary_large_image","twitter_misc":{"Dur\u00e9e de lecture estim\u00e9e":"2 minutes"},"schema":{"@context":"https:\/\/schema.org","@graph":[{"@type":"WebPage","@id":"https:\/\/www.rowing.be\/fr\/lhistoire\/","url":"https:\/\/www.rowing.be\/fr\/lhistoire\/","name":"L'histoire - K.B.R. Roeien - F.R.B.A. Aviron","isPartOf":{"@id":"https:\/\/www.rowing.be\/fr\/#website"},"primaryImageOfPage":{"@id":"https:\/\/www.rowing.be\/fr\/lhistoire\/#primaryimage"},"image":{"@id":"https:\/\/www.rowing.be\/fr\/lhistoire\/#primaryimage"},"thumbnailUrl":"https:\/\/www.rowing.ovh\/wp-content\/uploads\/2025\/07\/FBSA_naissance-1-668x350.png","datePublished":"2025-06-24T08:08:05+00:00","dateModified":"2025-08-17T15:38:35+00:00","breadcrumb":{"@id":"https:\/\/www.rowing.be\/fr\/lhistoire\/#breadcrumb"},"inLanguage":"fr-FR","potentialAction":[{"@type":"ReadAction","target":["https:\/\/www.rowing.be\/fr\/lhistoire\/"]}]},{"@type":"ImageObject","inLanguage":"fr-FR","@id":"https:\/\/www.rowing.be\/fr\/lhistoire\/#primaryimage","url":"https:\/\/www.rowing.ovh\/wp-content\/uploads\/2025\/07\/FBSA_naissance-1-668x350.png","contentUrl":"https:\/\/www.rowing.ovh\/wp-content\/uploads\/2025\/07\/FBSA_naissance-1-668x350.png"},{"@type":"BreadcrumbList","@id":"https:\/\/www.rowing.be\/fr\/lhistoire\/#breadcrumb","itemListElement":[{"@type":"ListItem","position":1,"name":"Accueil","item":"https:\/\/www.rowing.be\/fr\/"},{"@type":"ListItem","position":2,"name":"L&rsquo;histoire"}]},{"@type":"WebSite","@id":"https:\/\/www.rowing.be\/fr\/#website","url":"https:\/\/www.rowing.be\/fr\/","name":"K.B.R. Roeien - F.R.B.A. Aviron","description":"Welcome to rowing.be \u2013 Join the crew, feel the rhythm.","potentialAction":[{"@type":"SearchAction","target":{"@type":"EntryPoint","urlTemplate":"https:\/\/www.rowing.be\/fr\/?s={search_term_string}"},"query-input":{"@type":"PropertyValueSpecification","valueRequired":true,"valueName":"search_term_string"}}],"inLanguage":"fr-FR"}]}},"_links":{"self":[{"href":"https:\/\/www.rowing.be\/fr\/wp-json\/wp\/v2\/pages\/599","targetHints":{"allow":["GET"]}}],"collection":[{"href":"https:\/\/www.rowing.be\/fr\/wp-json\/wp\/v2\/pages"}],"about":[{"href":"https:\/\/www.rowing.be\/fr\/wp-json\/wp\/v2\/types\/page"}],"author":[{"embeddable":true,"href":"https:\/\/www.rowing.be\/fr\/wp-json\/wp\/v2\/users\/2"}],"replies":[{"embeddable":true,"href":"https:\/\/www.rowing.be\/fr\/wp-json\/wp\/v2\/comments?post=599"}],"version-history":[{"count":5,"href":"https:\/\/www.rowing.be\/fr\/wp-json\/wp\/v2\/pages\/599\/revisions"}],"predecessor-version":[{"id":1907,"href":"https:\/\/www.rowing.be\/fr\/wp-json\/wp\/v2\/pages\/599\/revisions\/1907"}],"wp:attachment":[{"href":"https:\/\/www.rowing.be\/fr\/wp-json\/wp\/v2\/media?parent=599"}],"curies":[{"name":"wp","href":"https:\/\/api.w.org\/{rel}","templated":true}]}}