{"id":3360,"date":"2026-03-13T14:48:33","date_gmt":"2026-03-13T13:48:33","guid":{"rendered":"https:\/\/www.rowing.be\/coupes-de-belgique\/"},"modified":"2026-03-14T14:00:28","modified_gmt":"2026-03-14T13:00:28","slug":"coupes-de-belgique","status":"publish","type":"page","link":"https:\/\/www.rowing.be\/fr\/coupes-de-belgique\/","title":{"rendered":"Coupes de Belgique"},"content":{"rendered":"\n\n\t<p>Coupes de Belgique<\/p>\n\t<h1>Le classement national qui fait briller les clubs<\/h1>\n\t<p><strong>Programme 2026<\/strong><\/p>\n\t<p><strong>11\/04<\/strong> GRS &#8211; <strong>12\/04<\/strong> GRS &#8211; <strong>19\/04<\/strong> UNB &#8211; <strong>25\/04<\/strong> BK deel I &#8211; <strong>26\/04<\/strong> BK deel I &#8211; <strong>03\/05<\/strong> KRCG &#8211; <strong>09\/05<\/strong> KRSG &#8211; <strong>10\/05<\/strong> KRSG &#8211; <strong>17\/05<\/strong> RCNT &#8211; <strong>24\/05<\/strong> RCND &#8211; <strong>30\/05<\/strong> GRS &#8211; Triathlon &#8211; <strong>06\/06<\/strong> KRB &#8211; Duathlon &#8211; <strong>27\/06<\/strong> TRT &#8211; Triathlon &#8211; <strong>30\/08<\/strong> ULi\u00e8ge- <strong>08\/09<\/strong> KRSG &#8211; <strong>12\/09<\/strong> KRCG &#8211; <strong>13\/09<\/strong> KRCG &#8211; <strong>19\/09<\/strong> KRNSO &#8211; <strong>26\/09<\/strong> BK part II &#8211; <strong>27\/09<\/strong> BK part II<\/p>\n\t<p><strong>Reglement des Coupes de Belgique 2026<\/strong><\/p>\n\t<ol>\n<li><strong>Programme :<\/strong> Voir ci-dessus et dans le document de la zone de t\u00e9l\u00e9chargement<\/li>\n<li><strong>Participation :<\/strong> Chaque soci\u00e9t\u00e9 peut s&rsquo;inscrire sans limites.<\/li>\n<li><strong>Inscriptions tardives :<\/strong> Autoris\u00e9es, mais n&rsquo;entrent pas en ligne de compte pour le calcul des points.<\/li>\n<li><strong>Equipes mixtes :<\/strong> Maximun une \u00e9qupe mixte par soc\u00e9t\u00e9 par \u00e9preuve.<\/li>\n<li><strong>Points :<\/strong> Pour chaque \u00e9preuve les points suivants snt attrivu\u00e9s :<\/li>\n<\/ol>\n<p>1er : 14 points<\/p>\n<p>2\u00e8me: 9 points<\/p>\n<p>3\u00e8me: 7 points<\/p>\n<p>4\u00e8me: 5 points<\/p>\n<p>5\u00e8me: 3 points<\/p>\n<p>6\u00e8me: 1 point<\/p>\n<p>Remarques :<\/p>\n<ol>\n<li>\n<ol>\n<li>Il n&rsquo;est pas tenu comptes des soci\u00e9t\u00e9s \u00e9trang\u00e8res<\/li>\n<li>Pour les seniors B, le classement est effectu\u00e9 suivant le r\u00e9sultat de la finale A, ensuite la finale B et enfin, pour les \u00e9quipes non qualifi\u00e9es, suivant le temps r\u00e9alis\u00e9 lors des \u00e9liminatoires.<\/li>\n<li>Pour les \u00e9quipes mixtes, les points sont attribu\u00e9s au pro rata des athl\u00e8tes par soci\u00e9t\u00e9.<\/li>\n<li>Si des courses ont \u00e9t\u00e9 d\u00e9sign\u00e9es contenant des ca\u00e9gories d&rsquo;\u00e2ge multiples, seul les \u00e9quipes appartenant uniform\u00e9ment \u00e0 la cat\u00e9gorie de la Coupe de Belgique concern\u00e9e, seront renues en compte.<\/li>\n<\/ol>\n<\/li>\n<\/ol>\n<p>6. <strong>Classement final :<\/strong><\/p>\n<p>Par type de bateau et par cat\u00e9gorie de rameurs un classement est \u00e9tbali pour toutes les soci\u00e9t\u00e9s<\/p>\n<p>Lorsque 5 ou plus de r\u00e9gates ont \u00e9t\u00e9 d\u00e9sign\u00e9es, le plus mauvais r\u00e9sultat n&rsquo;est pas tenu en compte pour le classement g\u00e9n\u00e9ral.<\/p>\n<p>Dans les autres cas, tous les r\u00e9sultats, entrent en ligne de compte.<\/p>\n<p>7. <strong>Coupes et prix :<\/strong><\/p>\n<p>Par type de bateau et par cat\u00e9gorie de rameurs il est attribu\u00e9, au meilleur, la Coupe de Belgique sous forme de challenge.<\/p>\n<p>les organisateurs respectifs s&rsquo;occupent des prix individuels pendant les r\u00e9gates.<\/p>\n<p>&nbsp;<\/p>\n<p>Approuv\u00e9 par le conseil d&rsquo;administration de la F.R.B.A. &#8211; f\u00e9vrier 2026<\/p>\n<p>Le Pr\u00e9sident, Jean-Marie RIGO<\/p>\n<p>Le Secr\u00e9taire g\u00e9n\u00e9ral, Charles-Henri D&rsquo;ALLEMAGNE<\/p>\n\t<style>\n    .wpdmdt-toolbar {\n        padding: 10px;\n    }\n    .wpdmdt-toolbarb {\n        padding: 5px 10px 10px;\n    }\n    .wpdmdt-toolbar > div {\n        display: inline-block;\n    }\n    table,td,th{\n        border: 0;\n    }\n    #wpdm-all-packages .card{\n        overflow: hidden;\n    }\n    .dataTables_wrapper .table{\n        margin: 0;\n    }\n    #wpdmmydls-40cd750bba9870f18aada2478b24840a{\n        border-bottom: 1px solid #dddddd;\n        border-top: 1px solid #dddddd;\n        font-size: 10pt;\n        min-width: 100%;\n    }\n    #wpdmmydls-40cd750bba9870f18aada2478b24840a .wpdm-download-link img{\n        box-shadow: none !important;\n        max-width: 100%;\n    }\n    .w3eden .pagination{\n        margin: 0 !important;\n    }\n    #wpdmmydls-40cd750bba9870f18aada2478b24840a td:not(:first-child){\n        vertical-align: middle !important;\n    }\n    #wpdmmydls-40cd750bba9870f18aada2478b24840a td.__dt_col_download_link .btn{\n        display: flex;\n        width: 100%;\n    }\n    #wpdmmydls-40cd750bba9870f18aada2478b24840a td.__dt_col_download_link,\n    #wpdmmydls-40cd750bba9870f18aada2478b24840a th#download_link{\n        max-width: 155px !important;\n        width: 155px;\n\n    }\n    #wpdmmydls-40cd750bba9870f18aada2478b24840a th{\n        background-color: rgba(0,0,0,0.04);\n        border-bottom: 1px solid rgba(0,0,0,0.025);\n    }\n    #wpdmmydls-40cd750bba9870f18aada2478b24840a_length label,\n    #wpdmmydls-40cd750bba9870f18aada2478b24840a_filter label{\n        font-weight: 400;\n    }\n    #wpdmmydls-40cd750bba9870f18aada2478b24840a_filter input[type=search]{\n        display: inline-block;\n        width: 200px;\n    }\n    #wpdmmydls-40cd750bba9870f18aada2478b24840a_length select{\n        display: inline-block;\n        width: 60px;\n    }\n\n    #wpdmmydls-40cd750bba9870f18aada2478b24840a .package-title{\n        color:#36597C;\n        font-size: 11pt;\n        font-weight: 700;\n    }\n    #wpdmmydls-40cd750bba9870f18aada2478b24840a .small-txt{\n        margin-right: 7px;\n    }\n    #wpdmmydls-40cd750bba9870f18aada2478b24840a td{\n        min-width: 150px;\n    }\n\n    #wpdmmydls-40cd750bba9870f18aada2478b24840a td.__dt_col_categories{\n        max-width: 300px;\n    }\n\n    #wpdmmydls-40cd750bba9870f18aada2478b24840a .small-txt,\n    #wpdmmydls-40cd750bba9870f18aada2478b24840a small{\n        font-size: 9pt;\n    }\n    .w3eden .table-striped tbody tr:nth-of-type(2n+1) {\n        background-color: rgba(0,0,0,0.015);\n    }\n    .dataTables_wrapper .dataTables_paginate .paginate_button:active,\n    .dataTables_wrapper .dataTables_paginate .paginate_button:focus,\n    .dataTables_wrapper .dataTables_paginate .paginate_button:hover,\n    .dataTables_wrapper .dataTables_paginate .paginate_button{\n        margin: 0 !important;\n        padding: 0 !important;\n        border: 0 !important;\n        background: transparent !important;\n    }\n\n\n    @media (max-width: 799px) {\n        #wpdmmydls-40cd750bba9870f18aada2478b24840a tr {\n            display: block;\n            border: 3px solid rgba(0,0,0,0.3) !important;\n            margin-bottom: 10px !important;\n            position: relative;\n        }\n        #wpdmmydls-40cd750bba9870f18aada2478b24840a thead{\n            display: none;\n        }\n        #wpdmmydls-40cd750bba9870f18aada2478b24840a,\n        #wpdmmydls-40cd750bba9870f18aada2478b24840a td:first-child {\n            border: 0 !important;\n        }\n        #wpdmmydls-40cd750bba9870f18aada2478b24840a td {\n            display: block;\n        }\n        #wpdmmydls-40cd750bba9870f18aada2478b24840a td.__dt_col_download_link {\n            display: block;\n            max-width: 100% !important;\n            width: auto !important;\n\n        }\n    }\n\n\n<\/style>\n<div class=\"w3eden\">\n    <div id=\"wpdm-all-packages\">\n        <table id=\"wpdmmydls-40cd750bba9870f18aada2478b24840a\" class=\"table table-striped wpdm-all-packages-table\">\n            <thead>\n            <tr>\n                                <th style=\"\"  id=\"pagelink\" class=\"\">Titre<\/th>\n                                <th style=\"\"  id=\"categories\" class=\"hidden-sm hidden-xs\">Cat\u00e9gories<\/th>\n                                <th style=\"\"  id=\"updatedate\" class=\"hidden-sm hidden-xs\">Date de mise \u00e0 jour<\/th>\n                                <th style=\"\"  id=\"downloadlink\" class=\"hidden-sm hidden-xs\">T\u00e9l\u00e9charger<\/th>\n                \n            <\/tr>\n            <\/thead>\n            <tbody>\n            \n                    <tr class=\"__dt_row\">\n                                                <td  class=\"__dt_col_0 __dt_col __dt_col_page_link\" style=\"background-image: url('data:image\/svg+xml;base64,CiAgICAgICAgICAgIDxzdmcgeG1sbnM9Imh0dHA6Ly93d3cudzMub3JnLzIwMDAvc3ZnIiB2aWV3Qm94PSIwIDAgNDAgNDAiPgogICAgICAgICAgICAgICAgPGRlZnM+CiAgICAgICAgICAgICAgICAgICAgPGxpbmVhckdyYWRpZW50IGlkPSJncmFkaWVudCIgeDE9IjAiIHkxPSIwIiB4Mj0iMCIgeTI9IjEiPgogICAgICAgICAgICAgICAgICAgICAgICA8c3RvcCBzdG9wLWNvbG9yPSIjMjY5ZGVmIiBvZmZzZXQ9IjAiLz4KICAgICAgICAgICAgICAgICAgICAgICAgPHN0b3Agc3RvcC1jb2xvcj0iIzI2YmRlZiIgb2Zmc2V0PSIxIi8+CiAgICAgICAgICAgICAgICAgICAgPC9saW5lYXJHcmFkaWVudD4KICAgICAgICAgICAgICAgIDwvZGVmcz4KICAgICAgICAgICAgICAgIDxnPgogICAgICAgICAgICAgICAgICAgIDxyZWN0IGZpbGw9InVybCgjZ3JhZGllbnQpIiB4PSIwIiB5PSIwIiB3aWR0aD0iNDAiIGhlaWdodD0iNDAiIHJ4PSIzIiByeT0iMyIvPgogICAgICAgICAgICAgICAgICAgIDx0ZXh0IHg9IjUiIHk9IjE5IiBmb250LWZhbWlseT0iQXJpYWwsIEhlbHZldGljYSwgc2Fucy1zZXJpZiIgZm9udC1zaXplPSIxM3B4IiBsZXR0ZXItc3BhY2luZz0iMSIgZmlsbD0iI0ZGRkZGRiI+CiAgICAgICAgICAgICAgICAgICAgICAgIDx0c3Bhbj5YTFM8L3RzcGFuPgogICAgICAgICAgICAgICAgICAgICAgICA8dHNwYW4geD0iNiIgeT0iMjgiPl88L3RzcGFuPgogICAgICAgICAgICAgICAgICAgIDwvdGV4dD4KICAgICAgICAgICAgICAgIDwvZz4KICAgICAgICAgICAgPC9zdmc+CgoJCQk=');background-size: 36px;background-position: 5px 8px;background-repeat:  no-repeat;padding-left: 52px;line-height: normal;\">\n                            <a class=\"package-title\" href='https:\/\/www.rowing.be\/fr\/download\/bekers-van-belgie-2025\/'>Bekers van Belgi\u00eb 2025<\/a><br\/><span class='__dt_file_count small-txt'>1<\/span><span class='__dt_download_count small-txt'><i class=\"far fa-arrow-alt-circle-down\"><\/i> 6 t\u00e9l\u00e9chargements<\/span><div class=\"hidden-md hidden-lg td-mobile\"><\/div>\n\n                        <\/td>\n                                                <td  class=\"__dt_col_1 __dt_col __dt_col_categories\" >\n                            <span class='__dt_categories '><a class='sbyc' href='https:\/\/www.rowing.be\/fr\/coupes-de-belgique\/?tax%5Bwpdmcategory%5D=bekers-belgie'>Bekers van Belgi\u00eb<\/a><\/span>\n\n                        <\/td>\n                                                <td  data-order=\"1773360000\"  class=\"__dt_col_2 __dt_col __dt_col_update_date\" >\n                            <span class='__dt_update_date '>13 mars 2026<\/span>\n\n                        <\/td>\n                                                <td  class=\"__dt_col_3 __dt_col __dt_col_download_link\" >\n                            <a class='wpdm-download-link download-on-click btn btn-primary ' rel='nofollow' href='#' data-downloadurl=\"https:\/\/www.rowing.be\/fr\/download\/bekers-van-belgie-2025\/?wpdmdl=3359&refresh=69d044cc335311775256780\">T\u00e9l\u00e9charger<\/a>\n\n                        <\/td>\n                        \n                    <\/tr>\n                \n                    <tr class=\"__dt_row\">\n                                                <td  class=\"__dt_col_0 __dt_col __dt_col_page_link\" style=\"background-image: url('data:image\/svg+xml;base64,CiAgICAgICAgICAgIDxzdmcgeG1sbnM9Imh0dHA6Ly93d3cudzMub3JnLzIwMDAvc3ZnIiB2aWV3Qm94PSIwIDAgNDAgNDAiPgogICAgICAgICAgICAgICAgPGRlZnM+CiAgICAgICAgICAgICAgICAgICAgPGxpbmVhckdyYWRpZW50IGlkPSJncmFkaWVudCIgeDE9IjAiIHkxPSIwIiB4Mj0iMCIgeTI9IjEiPgogICAgICAgICAgICAgICAgICAgICAgICA8c3RvcCBzdG9wLWNvbG9yPSIjMjY5ZGVmIiBvZmZzZXQ9IjAiLz4KICAgICAgICAgICAgICAgICAgICAgICAgPHN0b3Agc3RvcC1jb2xvcj0iIzI2YmRlZiIgb2Zmc2V0PSIxIi8+CiAgICAgICAgICAgICAgICAgICAgPC9saW5lYXJHcmFkaWVudD4KICAgICAgICAgICAgICAgIDwvZGVmcz4KICAgICAgICAgICAgICAgIDxnPgogICAgICAgICAgICAgICAgICAgIDxyZWN0IGZpbGw9InVybCgjZ3JhZGllbnQpIiB4PSIwIiB5PSIwIiB3aWR0aD0iNDAiIGhlaWdodD0iNDAiIHJ4PSIzIiByeT0iMyIvPgogICAgICAgICAgICAgICAgICAgIDx0ZXh0IHg9IjUiIHk9IjE5IiBmb250LWZhbWlseT0iQXJpYWwsIEhlbHZldGljYSwgc2Fucy1zZXJpZiIgZm9udC1zaXplPSIxM3B4IiBsZXR0ZXItc3BhY2luZz0iMSIgZmlsbD0iI0ZGRkZGRiI+CiAgICAgICAgICAgICAgICAgICAgICAgIDx0c3Bhbj5DT008L3RzcGFuPgogICAgICAgICAgICAgICAgICAgICAgICA8dHNwYW4geD0iNiIgeT0iMjgiPl88L3RzcGFuPgogICAgICAgICAgICAgICAgICAgIDwvdGV4dD4KICAgICAgICAgICAgICAgIDwvZz4KICAgICAgICAgICAgPC9zdmc+CgoJCQk=');background-size: 36px;background-position: 5px 8px;background-repeat:  no-repeat;padding-left: 52px;line-height: normal;\">\n                            <a class=\"package-title\" href='https:\/\/www.rowing.be\/fr\/download\/bekers-van-belgie-2026\/'>Bekers van Belgi\u00eb 2026<\/a><br\/><span class='__dt_file_count small-txt'>1<\/span><span class='__dt_download_count small-txt'><i class=\"far fa-arrow-alt-circle-down\"><\/i> 7 t\u00e9l\u00e9chargements<\/span><div class=\"hidden-md hidden-lg td-mobile\"><\/div>\n\n                        <\/td>\n                                                <td  class=\"__dt_col_1 __dt_col __dt_col_categories\" >\n                            <span class='__dt_categories '><a class='sbyc' href='https:\/\/www.rowing.be\/fr\/coupes-de-belgique\/?tax%5Bwpdmcategory%5D=bekers-belgie'>Bekers van Belgi\u00eb<\/a><\/span>\n\n                        <\/td>\n                                                <td  data-order=\"1773360000\"  class=\"__dt_col_2 __dt_col __dt_col_update_date\" >\n                            <span class='__dt_update_date '>13 mars 2026<\/span>\n\n                        <\/td>\n                                                <td  class=\"__dt_col_3 __dt_col __dt_col_download_link\" >\n                            <a class='wpdm-download-link download-on-click btn btn-primary ' rel='nofollow' href='#' data-downloadurl=\"https:\/\/www.rowing.be\/fr\/download\/bekers-van-belgie-2026\/?wpdmdl=3358&refresh=69d044cc3503e1775256780\">T\u00e9l\u00e9charger<\/a>\n\n                        <\/td>\n                        \n                    <\/tr>\n                                        <\/tbody>\n        <\/table>\n\n        <div class='text-center'><ul class='pagination wpdm-pagination pagination-centered text-center'><\/ul><\/div>\n    <\/div>\n<\/div>\n\n\n","protected":false},"excerpt":{"rendered":"","protected":false},"author":2,"featured_media":0,"parent":0,"menu_order":0,"comment_status":"closed","ping_status":"closed","template":"","meta":{"footnotes":""},"class_list":["post-3360","page","type-page","status-publish","hentry"],"yoast_head":"<!-- This site is optimized with the Yoast SEO plugin v26.8 - https:\/\/yoast.com\/product\/yoast-seo-wordpress\/ -->\n<title>Coupes de Belgique - K.B.R. Roeien - F.R.B.A. Aviron<\/title>\n<meta name=\"robots\" content=\"index, follow, max-snippet:-1, max-image-preview:large, max-video-preview:-1\" \/>\n<link rel=\"canonical\" href=\"https:\/\/www.rowing.be\/fr\/coupes-de-belgique\/\" \/>\n<meta property=\"og:locale\" content=\"fr_FR\" \/>\n<meta property=\"og:type\" content=\"article\" \/>\n<meta property=\"og:title\" content=\"Coupes de Belgique - K.B.R. Roeien - F.R.B.A. Aviron\" \/>\n<meta property=\"og:description\" content=\"Coupes de Belgique Le classement national qui fait briller les clubs Programme 2026 11\/04 GRS &#8211; 12\/04 GRS &#8211; 19\/04 UNB &#8211; 25\/04 BK deel I &#8211; 26\/04 BK deel I &#8211; 03\/05 KRCG &#8211; 09\/05 KRSG &#8211; 10\/05 KRSG &#8211; 17\/05 RCNT &#8211; 24\/05 RCND &#8211; 30\/05 GRS &#8211; Triathlon &#8211; 06\/06 KRB &#8211;&hellip;\" \/>\n<meta property=\"og:url\" content=\"https:\/\/www.rowing.be\/fr\/coupes-de-belgique\/\" \/>\n<meta property=\"og:site_name\" content=\"K.B.R. Roeien - F.R.B.A. Aviron\" \/>\n<meta property=\"article:modified_time\" content=\"2026-03-14T13:00:28+00:00\" \/>\n<meta name=\"twitter:card\" content=\"summary_large_image\" \/>\n<meta name=\"twitter:label1\" content=\"Dur\u00e9e de lecture estim\u00e9e\" \/>\n\t<meta name=\"twitter:data1\" content=\"2 minutes\" \/>\n<script type=\"application\/ld+json\" class=\"yoast-schema-graph\">{\"@context\":\"https:\/\/schema.org\",\"@graph\":[{\"@type\":\"WebPage\",\"@id\":\"https:\/\/www.rowing.be\/fr\/coupes-de-belgique\/\",\"url\":\"https:\/\/www.rowing.be\/fr\/coupes-de-belgique\/\",\"name\":\"Coupes de Belgique - K.B.R. Roeien - F.R.B.A. Aviron\",\"isPartOf\":{\"@id\":\"https:\/\/www.rowing.be\/fr\/#website\"},\"datePublished\":\"2026-03-13T13:48:33+00:00\",\"dateModified\":\"2026-03-14T13:00:28+00:00\",\"breadcrumb\":{\"@id\":\"https:\/\/www.rowing.be\/fr\/coupes-de-belgique\/#breadcrumb\"},\"inLanguage\":\"fr-FR\",\"potentialAction\":[{\"@type\":\"ReadAction\",\"target\":[\"https:\/\/www.rowing.be\/fr\/coupes-de-belgique\/\"]}]},{\"@type\":\"BreadcrumbList\",\"@id\":\"https:\/\/www.rowing.be\/fr\/coupes-de-belgique\/#breadcrumb\",\"itemListElement\":[{\"@type\":\"ListItem\",\"position\":1,\"name\":\"Accueil\",\"item\":\"https:\/\/www.rowing.be\/fr\/\"},{\"@type\":\"ListItem\",\"position\":2,\"name\":\"Coupes de Belgique\"}]},{\"@type\":\"WebSite\",\"@id\":\"https:\/\/www.rowing.be\/fr\/#website\",\"url\":\"https:\/\/www.rowing.be\/fr\/\",\"name\":\"K.B.R. Roeien - F.R.B.A. Aviron\",\"description\":\"Welcome to rowing.be \u2013 Join the crew, feel the rhythm.\",\"potentialAction\":[{\"@type\":\"SearchAction\",\"target\":{\"@type\":\"EntryPoint\",\"urlTemplate\":\"https:\/\/www.rowing.be\/fr\/?s={search_term_string}\"},\"query-input\":{\"@type\":\"PropertyValueSpecification\",\"valueRequired\":true,\"valueName\":\"search_term_string\"}}],\"inLanguage\":\"fr-FR\"}]}<\/script>\n<!-- \/ Yoast SEO plugin. -->","yoast_head_json":{"title":"Coupes de Belgique - K.B.R. Roeien - F.R.B.A. Aviron","robots":{"index":"index","follow":"follow","max-snippet":"max-snippet:-1","max-image-preview":"max-image-preview:large","max-video-preview":"max-video-preview:-1"},"canonical":"https:\/\/www.rowing.be\/fr\/coupes-de-belgique\/","og_locale":"fr_FR","og_type":"article","og_title":"Coupes de Belgique - K.B.R. Roeien - F.R.B.A. Aviron","og_description":"Coupes de Belgique Le classement national qui fait briller les clubs Programme 2026 11\/04 GRS &#8211; 12\/04 GRS &#8211; 19\/04 UNB &#8211; 25\/04 BK deel I &#8211; 26\/04 BK deel I &#8211; 03\/05 KRCG &#8211; 09\/05 KRSG &#8211; 10\/05 KRSG &#8211; 17\/05 RCNT &#8211; 24\/05 RCND &#8211; 30\/05 GRS &#8211; Triathlon &#8211; 06\/06 KRB &#8211;&hellip;","og_url":"https:\/\/www.rowing.be\/fr\/coupes-de-belgique\/","og_site_name":"K.B.R. Roeien - F.R.B.A. Aviron","article_modified_time":"2026-03-14T13:00:28+00:00","twitter_card":"summary_large_image","twitter_misc":{"Dur\u00e9e de lecture estim\u00e9e":"2 minutes"},"schema":{"@context":"https:\/\/schema.org","@graph":[{"@type":"WebPage","@id":"https:\/\/www.rowing.be\/fr\/coupes-de-belgique\/","url":"https:\/\/www.rowing.be\/fr\/coupes-de-belgique\/","name":"Coupes de Belgique - K.B.R. Roeien - F.R.B.A. Aviron","isPartOf":{"@id":"https:\/\/www.rowing.be\/fr\/#website"},"datePublished":"2026-03-13T13:48:33+00:00","dateModified":"2026-03-14T13:00:28+00:00","breadcrumb":{"@id":"https:\/\/www.rowing.be\/fr\/coupes-de-belgique\/#breadcrumb"},"inLanguage":"fr-FR","potentialAction":[{"@type":"ReadAction","target":["https:\/\/www.rowing.be\/fr\/coupes-de-belgique\/"]}]},{"@type":"BreadcrumbList","@id":"https:\/\/www.rowing.be\/fr\/coupes-de-belgique\/#breadcrumb","itemListElement":[{"@type":"ListItem","position":1,"name":"Accueil","item":"https:\/\/www.rowing.be\/fr\/"},{"@type":"ListItem","position":2,"name":"Coupes de Belgique"}]},{"@type":"WebSite","@id":"https:\/\/www.rowing.be\/fr\/#website","url":"https:\/\/www.rowing.be\/fr\/","name":"K.B.R. Roeien - F.R.B.A. Aviron","description":"Welcome to rowing.be \u2013 Join the crew, feel the rhythm.","potentialAction":[{"@type":"SearchAction","target":{"@type":"EntryPoint","urlTemplate":"https:\/\/www.rowing.be\/fr\/?s={search_term_string}"},"query-input":{"@type":"PropertyValueSpecification","valueRequired":true,"valueName":"search_term_string"}}],"inLanguage":"fr-FR"}]}},"_links":{"self":[{"href":"https:\/\/www.rowing.be\/fr\/wp-json\/wp\/v2\/pages\/3360","targetHints":{"allow":["GET"]}}],"collection":[{"href":"https:\/\/www.rowing.be\/fr\/wp-json\/wp\/v2\/pages"}],"about":[{"href":"https:\/\/www.rowing.be\/fr\/wp-json\/wp\/v2\/types\/page"}],"author":[{"embeddable":true,"href":"https:\/\/www.rowing.be\/fr\/wp-json\/wp\/v2\/users\/2"}],"replies":[{"embeddable":true,"href":"https:\/\/www.rowing.be\/fr\/wp-json\/wp\/v2\/comments?post=3360"}],"version-history":[{"count":4,"href":"https:\/\/www.rowing.be\/fr\/wp-json\/wp\/v2\/pages\/3360\/revisions"}],"predecessor-version":[{"id":3369,"href":"https:\/\/www.rowing.be\/fr\/wp-json\/wp\/v2\/pages\/3360\/revisions\/3369"}],"wp:attachment":[{"href":"https:\/\/www.rowing.be\/fr\/wp-json\/wp\/v2\/media?parent=3360"}],"curies":[{"name":"wp","href":"https:\/\/api.w.org\/{rel}","templated":true}]}}