{"id":2524,"date":"2025-09-29T10:05:42","date_gmt":"2025-09-29T08:05:42","guid":{"rendered":"https:\/\/www.rowing.be\/tristan-vandenbussche\/"},"modified":"2025-11-14T10:05:10","modified_gmt":"2025-11-14T09:05:10","slug":"tristan-vandenbussche","status":"publish","type":"page","link":"https:\/\/www.rowing.be\/fr\/tristan-vandenbussche\/","title":{"rendered":"Tristan Vandenbussche"},"content":{"rendered":"\n\n\t<p>Shanghai&rsquo;25 &#8211; Belgian Shark in de spotlight:<\/p>\n\t<h1>Tristan Vandenbussche<\/h1>\n\t<p>&nbsp;<\/p>\n\n\t\t\t\t\t\t\t\t\t<img loading=\"lazy\" decoding=\"async\" src=\"https:\/\/www.rowing.be\/wp-content\/uploads\/2025\/09\/marlon_portrait-1.png\" alt=\"Tristan\" itemprop=\"image\" height=\"2048\" width=\"1365\" srcset=\"https:\/\/www.rowing.be\/wp-content\/uploads\/2025\/09\/marlon_portrait-1.png 1365w, https:\/\/www.rowing.be\/wp-content\/uploads\/2025\/09\/marlon_portrait-1-200x300.png 200w, https:\/\/www.rowing.be\/wp-content\/uploads\/2025\/09\/marlon_portrait-1-683x1024.png 683w, https:\/\/www.rowing.be\/wp-content\/uploads\/2025\/09\/marlon_portrait-1-768x1152.png 768w, https:\/\/www.rowing.be\/wp-content\/uploads\/2025\/09\/marlon_portrait-1-1024x1536.png 1024w\" sizes=\"auto, (max-width: 1365px) 100vw, 1365px\" title=\"marlon_portrait\" onerror=\"this.style.display='none'\"  \/>\n\t<p>&nbsp;<\/p>\n<p><strong>Infos express<\/strong><\/p>\n\t<p>&nbsp;<\/p>\n<p>Age: 24 ans<\/p>\n<p>Lieu de r\u00e9sidence: Brugge<\/p>\n<p>Club: UNB &amp; BTR<\/p>\n<p>Discipline: M2x avec Aaron Andries<\/p>\n<p>Etudes: Comaptabilit\u00e9 &amp; fiscalit\u00e9<\/p>\n<p>D\u00e9but en aviron: 2012<\/p>\n\t<p>&nbsp;<\/p>\n<p>Parcours sportif<\/p>\n\t<p>&nbsp;<\/p>\n<p>Trajectoire: Dans l&rsquo;\u00e9quipe nationale depuis 2016, Tristan a toujours \u00e9t\u00e9 parmi les meilleurs de sa g\u00e9n\u00e9ration. Son talent pr\u00e9coce l&rsquo;a naturellement conduit \u00e0 poursuivre une carri\u00e8re de haut niveau.<\/p>\nPrincipaux r\u00e9sultats:<br \/>\n\ud83e\udd47 Champion d&rsquo;Europe junior en skiff (2019)<br \/>\n\ud83e\udd47 Champion du monde et d&rsquo;Europe U23 en M2x avec Aaron (2022)<br \/>\n\ud83c\udfc5 Finaliste A aux Championnats d&rsquo;Europe seniors en M2x (2023)\nExp\u00e9rience internationale:<br \/>\n4 participations aux Championnats du Monde juniors.<br \/>\n2 participations en U23.<br \/>\n2 participations en seniors.\n\t<p>Pr\u00e9paration &amp; objectifs<\/p>\n<p>&nbsp;<\/p>\n\tPr\u00e9paration pour \u00a0Shanghai: Entra\u00eenement en skiff apr\u00e8s l&rsquo;Euro \u00e0 Plovdiv pour permettre \u00e0 Aaron de se pr\u00e9parer au Mondial U23. Reprise en double ensuite<br \/>\n*Bonne forme physique, pas de blessure ni maladie<br \/>\n*Seul d\u00e9fi : trouver une bonne embarcation de remplacement pendant que leur bateau \u00e9tait d\u00e9j\u00e0 exp\u00e9di\u00e9 \u00e0 Shanghai\n<p>Objectif pour les championnats du monde: Atteindre les demi-finales &#8211; ensuite, tout est possible. Une place dans le top 10 serait un bel accomplissement vu le niveau tr\u00e8s \u00e9lev\u00e9<\/p>\n<p>Objectif \u00e0 long terme: \u00a0Devenir un rameur r\u00e9gulier en finales A des Coupes du Monde, Championnats d&rsquo;Europe et Mondiaux.<\/p>\n\ud83e\udd47 Viser les m\u00e9dailles<br \/>\n\ud83c\udfaf Participer aux Jeux Olympiques de Los Angeles 2028\n\t<p>Vision &amp; valeurs<\/p>\n<p>&nbsp;<\/p>\n\t<p>Motivation: Le plaisir du sport et la satisfaction de voir ses progr\u00e8s quand on s&rsquo;investit pleinement.<\/p>\nConseil aux jeunes rameurs : <br \/>\n\u00ab\u00a0Fais tes entra\u00eenements m\u00eame quand tu n&rsquo;en as pas envie. Tire du plaisir de ce que tu fais et ose suivre ce que tu crois \u00eatre le meilleur pour toi.\u00a0\u00bb\n\t<p>Citation inspirante<\/p>\n\t<blockquote>\n<p><em>\u00a0\u00bb The Pain of what you&rsquo;re feeling is nothing compared to the joy that&rsquo;s coming \u00ab\u00a0<\/em><\/p>\n<\/blockquote>\n\t\t\t\t<img decoding=\"async\" src=\"https:\/\/www.rowing.be\/wp-content\/uploads\/2025\/09\/Tristan2.png\" alt=\"Tristan2\" itemprop=\"image\" height=\"788\" width=\"940\" title=\"Tristan2\" onerror=\"this.style.display='none'\" loading=\"lazy\" \/>\n\n","protected":false},"excerpt":{"rendered":"<p>Shanghai&rsquo;25 &#8211; Belgian Shark in de spotlight: Tristan Vandenbussche &nbsp; &nbsp; Infos express &nbsp; Age: 24 ans Lieu de r\u00e9sidence: Brugge Club: UNB &amp; BTR Discipline: M2x avec Aaron Andries Etudes: Comaptabilit\u00e9 &amp; fiscalit\u00e9 D\u00e9but en aviron: 2012 &nbsp; Parcours sportif &nbsp; Trajectoire: Dans l&rsquo;\u00e9quipe nationale depuis 2016, Tristan a toujours \u00e9t\u00e9 parmi les meilleurs&hellip;<\/p>\n","protected":false},"author":2,"featured_media":0,"parent":0,"menu_order":0,"comment_status":"closed","ping_status":"closed","template":"","meta":{"footnotes":""},"class_list":["post-2524","page","type-page","status-publish","hentry"],"yoast_head":"<!-- This site is optimized with the Yoast SEO plugin v26.8 - https:\/\/yoast.com\/product\/yoast-seo-wordpress\/ -->\n<title>Tristan Vandenbussche - K.B.R. Roeien - F.R.B.A. Aviron<\/title>\n<meta name=\"description\" content=\"Einde in zicht in Shanghai: Belgische resultaten en het portret van Tristan Vandenbussche #rowingbelgium\" \/>\n<meta name=\"robots\" content=\"index, follow, max-snippet:-1, max-image-preview:large, max-video-preview:-1\" \/>\n<link rel=\"canonical\" href=\"https:\/\/www.rowing.be\/fr\/tristan-vandenbussche\/\" \/>\n<meta property=\"og:locale\" content=\"fr_FR\" \/>\n<meta property=\"og:type\" content=\"article\" \/>\n<meta property=\"og:title\" content=\"Tristan Vandenbussche - K.B.R. Roeien - F.R.B.A. Aviron\" \/>\n<meta property=\"og:description\" content=\"Einde in zicht in Shanghai: Belgische resultaten en het portret van Tristan Vandenbussche #rowingbelgium\" \/>\n<meta property=\"og:url\" content=\"https:\/\/www.rowing.be\/fr\/tristan-vandenbussche\/\" \/>\n<meta property=\"og:site_name\" content=\"K.B.R. Roeien - F.R.B.A. Aviron\" \/>\n<meta property=\"article:modified_time\" content=\"2025-11-14T09:05:10+00:00\" \/>\n<meta property=\"og:image\" content=\"https:\/\/www.rowing.be\/wp-content\/uploads\/2025\/09\/marlon_portrait-1.png\" \/>\n<meta name=\"twitter:card\" content=\"summary_large_image\" \/>\n<meta name=\"twitter:label1\" content=\"Dur\u00e9e de lecture estim\u00e9e\" \/>\n\t<meta name=\"twitter:data1\" content=\"2 minutes\" \/>\n<script type=\"application\/ld+json\" class=\"yoast-schema-graph\">{\"@context\":\"https:\/\/schema.org\",\"@graph\":[{\"@type\":\"WebPage\",\"@id\":\"https:\/\/www.rowing.be\/fr\/tristan-vandenbussche\/\",\"url\":\"https:\/\/www.rowing.be\/fr\/tristan-vandenbussche\/\",\"name\":\"Tristan Vandenbussche - K.B.R. Roeien - F.R.B.A. Aviron\",\"isPartOf\":{\"@id\":\"https:\/\/www.rowing.be\/fr\/#website\"},\"primaryImageOfPage\":{\"@id\":\"https:\/\/www.rowing.be\/fr\/tristan-vandenbussche\/#primaryimage\"},\"image\":{\"@id\":\"https:\/\/www.rowing.be\/fr\/tristan-vandenbussche\/#primaryimage\"},\"thumbnailUrl\":\"https:\/\/www.rowing.be\/wp-content\/uploads\/2025\/09\/marlon_portrait-1.png\",\"datePublished\":\"2025-09-29T08:05:42+00:00\",\"dateModified\":\"2025-11-14T09:05:10+00:00\",\"description\":\"Einde in zicht in Shanghai: Belgische resultaten en het portret van Tristan Vandenbussche #rowingbelgium\",\"breadcrumb\":{\"@id\":\"https:\/\/www.rowing.be\/fr\/tristan-vandenbussche\/#breadcrumb\"},\"inLanguage\":\"fr-FR\",\"potentialAction\":[{\"@type\":\"ReadAction\",\"target\":[\"https:\/\/www.rowing.be\/fr\/tristan-vandenbussche\/\"]}]},{\"@type\":\"ImageObject\",\"inLanguage\":\"fr-FR\",\"@id\":\"https:\/\/www.rowing.be\/fr\/tristan-vandenbussche\/#primaryimage\",\"url\":\"https:\/\/www.rowing.be\/wp-content\/uploads\/2025\/09\/marlon_portrait-1.png\",\"contentUrl\":\"https:\/\/www.rowing.be\/wp-content\/uploads\/2025\/09\/marlon_portrait-1.png\"},{\"@type\":\"BreadcrumbList\",\"@id\":\"https:\/\/www.rowing.be\/fr\/tristan-vandenbussche\/#breadcrumb\",\"itemListElement\":[{\"@type\":\"ListItem\",\"position\":1,\"name\":\"Accueil\",\"item\":\"https:\/\/www.rowing.be\/fr\/\"},{\"@type\":\"ListItem\",\"position\":2,\"name\":\"Tristan Vandenbussche\"}]},{\"@type\":\"WebSite\",\"@id\":\"https:\/\/www.rowing.be\/fr\/#website\",\"url\":\"https:\/\/www.rowing.be\/fr\/\",\"name\":\"K.B.R. Roeien - F.R.B.A. Aviron\",\"description\":\"Welcome to rowing.be \u2013 Join the crew, feel the rhythm.\",\"potentialAction\":[{\"@type\":\"SearchAction\",\"target\":{\"@type\":\"EntryPoint\",\"urlTemplate\":\"https:\/\/www.rowing.be\/fr\/?s={search_term_string}\"},\"query-input\":{\"@type\":\"PropertyValueSpecification\",\"valueRequired\":true,\"valueName\":\"search_term_string\"}}],\"inLanguage\":\"fr-FR\"}]}<\/script>\n<!-- \/ Yoast SEO plugin. -->","yoast_head_json":{"title":"Tristan Vandenbussche - K.B.R. Roeien - F.R.B.A. Aviron","description":"Einde in zicht in Shanghai: Belgische resultaten en het portret van Tristan Vandenbussche #rowingbelgium","robots":{"index":"index","follow":"follow","max-snippet":"max-snippet:-1","max-image-preview":"max-image-preview:large","max-video-preview":"max-video-preview:-1"},"canonical":"https:\/\/www.rowing.be\/fr\/tristan-vandenbussche\/","og_locale":"fr_FR","og_type":"article","og_title":"Tristan Vandenbussche - K.B.R. Roeien - F.R.B.A. Aviron","og_description":"Einde in zicht in Shanghai: Belgische resultaten en het portret van Tristan Vandenbussche #rowingbelgium","og_url":"https:\/\/www.rowing.be\/fr\/tristan-vandenbussche\/","og_site_name":"K.B.R. Roeien - F.R.B.A. Aviron","article_modified_time":"2025-11-14T09:05:10+00:00","og_image":[{"url":"https:\/\/www.rowing.be\/wp-content\/uploads\/2025\/09\/marlon_portrait-1.png","type":"","width":"","height":""}],"twitter_card":"summary_large_image","twitter_misc":{"Dur\u00e9e de lecture estim\u00e9e":"2 minutes"},"schema":{"@context":"https:\/\/schema.org","@graph":[{"@type":"WebPage","@id":"https:\/\/www.rowing.be\/fr\/tristan-vandenbussche\/","url":"https:\/\/www.rowing.be\/fr\/tristan-vandenbussche\/","name":"Tristan Vandenbussche - K.B.R. Roeien - F.R.B.A. Aviron","isPartOf":{"@id":"https:\/\/www.rowing.be\/fr\/#website"},"primaryImageOfPage":{"@id":"https:\/\/www.rowing.be\/fr\/tristan-vandenbussche\/#primaryimage"},"image":{"@id":"https:\/\/www.rowing.be\/fr\/tristan-vandenbussche\/#primaryimage"},"thumbnailUrl":"https:\/\/www.rowing.be\/wp-content\/uploads\/2025\/09\/marlon_portrait-1.png","datePublished":"2025-09-29T08:05:42+00:00","dateModified":"2025-11-14T09:05:10+00:00","description":"Einde in zicht in Shanghai: Belgische resultaten en het portret van Tristan Vandenbussche #rowingbelgium","breadcrumb":{"@id":"https:\/\/www.rowing.be\/fr\/tristan-vandenbussche\/#breadcrumb"},"inLanguage":"fr-FR","potentialAction":[{"@type":"ReadAction","target":["https:\/\/www.rowing.be\/fr\/tristan-vandenbussche\/"]}]},{"@type":"ImageObject","inLanguage":"fr-FR","@id":"https:\/\/www.rowing.be\/fr\/tristan-vandenbussche\/#primaryimage","url":"https:\/\/www.rowing.be\/wp-content\/uploads\/2025\/09\/marlon_portrait-1.png","contentUrl":"https:\/\/www.rowing.be\/wp-content\/uploads\/2025\/09\/marlon_portrait-1.png"},{"@type":"BreadcrumbList","@id":"https:\/\/www.rowing.be\/fr\/tristan-vandenbussche\/#breadcrumb","itemListElement":[{"@type":"ListItem","position":1,"name":"Accueil","item":"https:\/\/www.rowing.be\/fr\/"},{"@type":"ListItem","position":2,"name":"Tristan Vandenbussche"}]},{"@type":"WebSite","@id":"https:\/\/www.rowing.be\/fr\/#website","url":"https:\/\/www.rowing.be\/fr\/","name":"K.B.R. Roeien - F.R.B.A. Aviron","description":"Welcome to rowing.be \u2013 Join the crew, feel the rhythm.","potentialAction":[{"@type":"SearchAction","target":{"@type":"EntryPoint","urlTemplate":"https:\/\/www.rowing.be\/fr\/?s={search_term_string}"},"query-input":{"@type":"PropertyValueSpecification","valueRequired":true,"valueName":"search_term_string"}}],"inLanguage":"fr-FR"}]}},"_links":{"self":[{"href":"https:\/\/www.rowing.be\/fr\/wp-json\/wp\/v2\/pages\/2524","targetHints":{"allow":["GET"]}}],"collection":[{"href":"https:\/\/www.rowing.be\/fr\/wp-json\/wp\/v2\/pages"}],"about":[{"href":"https:\/\/www.rowing.be\/fr\/wp-json\/wp\/v2\/types\/page"}],"author":[{"embeddable":true,"href":"https:\/\/www.rowing.be\/fr\/wp-json\/wp\/v2\/users\/2"}],"replies":[{"embeddable":true,"href":"https:\/\/www.rowing.be\/fr\/wp-json\/wp\/v2\/comments?post=2524"}],"version-history":[{"count":4,"href":"https:\/\/www.rowing.be\/fr\/wp-json\/wp\/v2\/pages\/2524\/revisions"}],"predecessor-version":[{"id":3135,"href":"https:\/\/www.rowing.be\/fr\/wp-json\/wp\/v2\/pages\/2524\/revisions\/3135"}],"wp:attachment":[{"href":"https:\/\/www.rowing.be\/fr\/wp-json\/wp\/v2\/media?parent=2524"}],"curies":[{"name":"wp","href":"https:\/\/api.w.org\/{rel}","templated":true}]}}