{"id":2498,"date":"2025-09-26T11:19:58","date_gmt":"2025-09-26T09:19:58","guid":{"rendered":"https:\/\/www.rowing.be\/marlon-colpaert\/"},"modified":"2025-11-14T10:06:21","modified_gmt":"2025-11-14T09:06:21","slug":"marlon-colpaert","status":"publish","type":"page","link":"https:\/\/www.rowing.be\/fr\/marlon-colpaert\/","title":{"rendered":"marlon Colpaert"},"content":{"rendered":"\n\n\t<p>Shanghai&rsquo;25 &#8211; Rencontre avec un Belgian Shark:<\/p>\n\t<h1>marlon Colpaert<\/h1>\n\t<p>&nbsp;<\/p>\n\n\t\t\t\t\t\t\t\t\t<img loading=\"lazy\" decoding=\"async\" src=\"https:\/\/www.rowing.be\/wp-content\/uploads\/2025\/09\/marlon_portrait.png\" alt=\"Marlon\" itemprop=\"image\" height=\"2048\" width=\"1365\" srcset=\"https:\/\/www.rowing.be\/wp-content\/uploads\/2025\/09\/marlon_portrait.png 1365w, https:\/\/www.rowing.be\/wp-content\/uploads\/2025\/09\/marlon_portrait-200x300.png 200w, https:\/\/www.rowing.be\/wp-content\/uploads\/2025\/09\/marlon_portrait-683x1024.png 683w, https:\/\/www.rowing.be\/wp-content\/uploads\/2025\/09\/marlon_portrait-768x1152.png 768w, https:\/\/www.rowing.be\/wp-content\/uploads\/2025\/09\/marlon_portrait-1024x1536.png 1024w\" sizes=\"auto, (max-width: 1365px) 100vw, 1365px\" title=\"marlon_portrait\" onerror=\"this.style.display='none'\"  \/>\n\t\t\t<a href=\"https:\/\/vlaamse-roeiliga.be\/wp-content\/uploads\/2025\/10\/Marlon_Colpaert_resultaten.pdf\" target=\"_blank\" rel=\"noopener\">\n\t\t\t\t\t\tTous les r\u00e9sultats\n\t\t\t\t\t<\/a>\n\t<p>&nbsp;<\/p>\n<p><strong>Infos express<\/strong><\/p>\n\t<p>&nbsp;<\/p>\n<p>Age: 26 ans<\/p>\n<p>Woonplaats: Oudenburg<\/p>\n<p>Club: Koninklijke Roei- en Nautische Sport Oostende<\/p>\n<p>Discipline: Elite &#8211; Skiff poids lourd<\/p>\n<p>Etudes: Sciences de la r\u00e9adaptation et kin\u00e9sith\u00e9rapie (UGent)\u00a0<\/p>\n<p>D\u00e9but en aviron: 2007<\/p>\n\t<p>&nbsp;<\/p>\n<p>Parcours sportif<\/p>\n\t<p>&nbsp;<\/p>\n<p>Trajectoire: Un parcours stable, des juniors aux U23, puis en poids l\u00e9ger, et aujourd&rsquo;hui rameur \u00e9lite en poids lourd.<\/p>\nPrincipaux r\u00e9sultats:<br \/>\n\ud83e\udd47 Double champion d&rsquo;Europe chez les U23<br \/>\n\ud83e\udd49 Bronze aux Mondiaux U23 en 2021<br \/>\n\ud83e\udd48 Vice-champion d&rsquo;Europe \u00e9lite en 2024\nExp\u00e9rience internationale:<br \/>\nNombreuses participations aux Mondiaux et aux Euros. \u00a0R\u00e9serviste pour les JO de Paris\n\t<p>Pr\u00e9paration et objectifs<\/p>\n<p>&nbsp;<\/p>\n\t Pr\u00e9paration pour Shanghai:  *Entra\u00eenement intensif avec l&rsquo;\u00e9quipe \u00e9lite ;<br \/>\n*Alimentation \u00e9quilibr\u00e9e ;<br \/>\n*\u00c9coute du corps;<br \/>\n*Moments de plaisir et de d\u00e9tente.\n<p>Objectif pour le championnat: Donner le meilleur de moi-m\u00eame \u00e0 chaque course &#8211; premi\u00e8re comp\u00e9tition en skiff chez les poids lourds<\/p>\n<p>Objectif \u00e0 long terme: Participer aux Jeux Olympiques de Los Angeles 2028<\/p>\n\t<p>Vision &amp; valeurs<\/p>\n<p>&nbsp;<\/p>\n\tCe que repr\u00e9sente l&rsquo;aviron belge \u00e0 l&rsquo;international:<br \/>\n\u00ab\u00a0Cela me permet de me situer au niveau mondial et de rencontrer des rameurs du monde entier.\u00a0\u00bb\n<p>Motivation: \u00catre meilleur qu&rsquo;hier.<\/p>\nConseil aux jeunes rameurs:<br \/>\n\u00ab\u00a0L&rsquo;aviron vous apporte bien plus que des performances : des connexions, des amiti\u00e9s et des voyages vers des lieux magnifiques.\u00a0\u00bb\nSouvenir marquant :<br \/>\nDe nombreux beaux moments partag\u00e9s avec d&rsquo;autres rameurs en stage et en comp\u00e9tition.\n\t<p>Inspirerende quote<\/p>\n<p>&nbsp;<\/p>\n\t<blockquote>\n<p><em>\u00a0\u00bb Do what others don&rsquo;t want to do \u00ab\u00a0<\/em><\/p>\n<\/blockquote>\n\t\t\t\t<img decoding=\"async\" src=\"https:\/\/www.rowing.be\/wp-content\/uploads\/2025\/09\/Enregistrees-recemment-1-sur-3.jpeg\" alt=\"Marlon2\" itemprop=\"image\" height=\"2293\" width=\"1290\" title=\"Marlon2\" onerror=\"this.style.display='none'\" loading=\"lazy\" \/>\n\t\t\t\t<img decoding=\"async\" src=\"https:\/\/www.rowing.be\/wp-content\/uploads\/2025\/09\/Enregistrees-recemment-3-sur-3-1024x1024.jpeg\" alt=\"Marlon1\" itemprop=\"image\" height=\"1024\" width=\"1024\" title=\"Marlon1\" onerror=\"this.style.display='none'\" loading=\"lazy\" \/>\n\t\t\t\t<img decoding=\"async\" src=\"https:\/\/www.rowing.be\/wp-content\/uploads\/2025\/09\/Enregistrees-recemment-2-sur-3-1024x683.jpeg\" alt=\"Marlon3\" itemprop=\"image\" height=\"683\" width=\"1024\" title=\"Marlon3\" onerror=\"this.style.display='none'\" loading=\"lazy\" \/>\n\t\t\t\t<img decoding=\"async\" src=\"https:\/\/www.rowing.be\/wp-content\/uploads\/2025\/09\/Marlon.png\" alt=\"Marlon\" itemprop=\"image\" height=\"788\" width=\"940\" title=\"Marlon\" onerror=\"this.style.display='none'\" loading=\"lazy\" \/>\n\n","protected":false},"excerpt":{"rendered":"<p>Shanghai&rsquo;25 &#8211; Rencontre avec un Belgian Shark: marlon Colpaert &nbsp; Tous les r\u00e9sultats &nbsp; Infos express &nbsp; Age: 26 ans Woonplaats: Oudenburg Club: Koninklijke Roei- en Nautische Sport Oostende Discipline: Elite &#8211; Skiff poids lourd Etudes: Sciences de la r\u00e9adaptation et kin\u00e9sith\u00e9rapie (UGent)\u00a0 D\u00e9but en aviron: 2007 &nbsp; Parcours sportif &nbsp; Trajectoire: Un parcours stable,&hellip;<\/p>\n","protected":false},"author":2,"featured_media":0,"parent":0,"menu_order":0,"comment_status":"closed","ping_status":"closed","template":"","meta":{"footnotes":""},"class_list":["post-2498","page","type-page","status-publish","hentry"],"yoast_head":"<!-- This site is optimized with the Yoast SEO plugin v26.8 - https:\/\/yoast.com\/product\/yoast-seo-wordpress\/ -->\n<title>marlon Colpaert - K.B.R. Roeien - F.R.B.A. Aviron<\/title>\n<meta name=\"description\" content=\"Shangai 2025 WK ELITE - Mazarine Guilbert in de Spotlight. #rowingbelgium\" \/>\n<meta name=\"robots\" content=\"index, follow, max-snippet:-1, max-image-preview:large, max-video-preview:-1\" \/>\n<link rel=\"canonical\" href=\"https:\/\/www.rowing.be\/fr\/marlon-colpaert\/\" \/>\n<meta property=\"og:locale\" content=\"fr_FR\" \/>\n<meta property=\"og:type\" content=\"article\" \/>\n<meta property=\"og:title\" content=\"marlon Colpaert - K.B.R. Roeien - F.R.B.A. Aviron\" \/>\n<meta property=\"og:description\" content=\"Shangai 2025 WK ELITE - Mazarine Guilbert in de Spotlight. #rowingbelgium\" \/>\n<meta property=\"og:url\" content=\"https:\/\/www.rowing.be\/fr\/marlon-colpaert\/\" \/>\n<meta property=\"og:site_name\" content=\"K.B.R. Roeien - F.R.B.A. Aviron\" \/>\n<meta property=\"article:modified_time\" content=\"2025-11-14T09:06:21+00:00\" \/>\n<meta property=\"og:image\" content=\"https:\/\/www.rowing.be\/wp-content\/uploads\/2025\/09\/marlon_portrait.png\" \/>\n<meta name=\"twitter:card\" content=\"summary_large_image\" \/>\n<meta name=\"twitter:label1\" content=\"Dur\u00e9e de lecture estim\u00e9e\" \/>\n\t<meta name=\"twitter:data1\" content=\"3 minutes\" \/>\n<script type=\"application\/ld+json\" class=\"yoast-schema-graph\">{\"@context\":\"https:\/\/schema.org\",\"@graph\":[{\"@type\":\"WebPage\",\"@id\":\"https:\/\/www.rowing.be\/fr\/marlon-colpaert\/\",\"url\":\"https:\/\/www.rowing.be\/fr\/marlon-colpaert\/\",\"name\":\"marlon Colpaert - K.B.R. Roeien - F.R.B.A. Aviron\",\"isPartOf\":{\"@id\":\"https:\/\/www.rowing.be\/fr\/#website\"},\"primaryImageOfPage\":{\"@id\":\"https:\/\/www.rowing.be\/fr\/marlon-colpaert\/#primaryimage\"},\"image\":{\"@id\":\"https:\/\/www.rowing.be\/fr\/marlon-colpaert\/#primaryimage\"},\"thumbnailUrl\":\"https:\/\/www.rowing.be\/wp-content\/uploads\/2025\/09\/marlon_portrait.png\",\"datePublished\":\"2025-09-26T09:19:58+00:00\",\"dateModified\":\"2025-11-14T09:06:21+00:00\",\"description\":\"Shangai 2025 WK ELITE - Mazarine Guilbert in de Spotlight. #rowingbelgium\",\"breadcrumb\":{\"@id\":\"https:\/\/www.rowing.be\/fr\/marlon-colpaert\/#breadcrumb\"},\"inLanguage\":\"fr-FR\",\"potentialAction\":[{\"@type\":\"ReadAction\",\"target\":[\"https:\/\/www.rowing.be\/fr\/marlon-colpaert\/\"]}]},{\"@type\":\"ImageObject\",\"inLanguage\":\"fr-FR\",\"@id\":\"https:\/\/www.rowing.be\/fr\/marlon-colpaert\/#primaryimage\",\"url\":\"https:\/\/www.rowing.be\/wp-content\/uploads\/2025\/09\/marlon_portrait.png\",\"contentUrl\":\"https:\/\/www.rowing.be\/wp-content\/uploads\/2025\/09\/marlon_portrait.png\"},{\"@type\":\"BreadcrumbList\",\"@id\":\"https:\/\/www.rowing.be\/fr\/marlon-colpaert\/#breadcrumb\",\"itemListElement\":[{\"@type\":\"ListItem\",\"position\":1,\"name\":\"Accueil\",\"item\":\"https:\/\/www.rowing.be\/fr\/\"},{\"@type\":\"ListItem\",\"position\":2,\"name\":\"marlon Colpaert\"}]},{\"@type\":\"WebSite\",\"@id\":\"https:\/\/www.rowing.be\/fr\/#website\",\"url\":\"https:\/\/www.rowing.be\/fr\/\",\"name\":\"K.B.R. Roeien - F.R.B.A. Aviron\",\"description\":\"Welcome to rowing.be \u2013 Join the crew, feel the rhythm.\",\"potentialAction\":[{\"@type\":\"SearchAction\",\"target\":{\"@type\":\"EntryPoint\",\"urlTemplate\":\"https:\/\/www.rowing.be\/fr\/?s={search_term_string}\"},\"query-input\":{\"@type\":\"PropertyValueSpecification\",\"valueRequired\":true,\"valueName\":\"search_term_string\"}}],\"inLanguage\":\"fr-FR\"}]}<\/script>\n<!-- \/ Yoast SEO plugin. -->","yoast_head_json":{"title":"marlon Colpaert - K.B.R. Roeien - F.R.B.A. Aviron","description":"Shangai 2025 WK ELITE - Mazarine Guilbert in de Spotlight. #rowingbelgium","robots":{"index":"index","follow":"follow","max-snippet":"max-snippet:-1","max-image-preview":"max-image-preview:large","max-video-preview":"max-video-preview:-1"},"canonical":"https:\/\/www.rowing.be\/fr\/marlon-colpaert\/","og_locale":"fr_FR","og_type":"article","og_title":"marlon Colpaert - K.B.R. Roeien - F.R.B.A. Aviron","og_description":"Shangai 2025 WK ELITE - Mazarine Guilbert in de Spotlight. #rowingbelgium","og_url":"https:\/\/www.rowing.be\/fr\/marlon-colpaert\/","og_site_name":"K.B.R. Roeien - F.R.B.A. Aviron","article_modified_time":"2025-11-14T09:06:21+00:00","og_image":[{"url":"https:\/\/www.rowing.be\/wp-content\/uploads\/2025\/09\/marlon_portrait.png","type":"","width":"","height":""}],"twitter_card":"summary_large_image","twitter_misc":{"Dur\u00e9e de lecture estim\u00e9e":"3 minutes"},"schema":{"@context":"https:\/\/schema.org","@graph":[{"@type":"WebPage","@id":"https:\/\/www.rowing.be\/fr\/marlon-colpaert\/","url":"https:\/\/www.rowing.be\/fr\/marlon-colpaert\/","name":"marlon Colpaert - K.B.R. Roeien - F.R.B.A. Aviron","isPartOf":{"@id":"https:\/\/www.rowing.be\/fr\/#website"},"primaryImageOfPage":{"@id":"https:\/\/www.rowing.be\/fr\/marlon-colpaert\/#primaryimage"},"image":{"@id":"https:\/\/www.rowing.be\/fr\/marlon-colpaert\/#primaryimage"},"thumbnailUrl":"https:\/\/www.rowing.be\/wp-content\/uploads\/2025\/09\/marlon_portrait.png","datePublished":"2025-09-26T09:19:58+00:00","dateModified":"2025-11-14T09:06:21+00:00","description":"Shangai 2025 WK ELITE - Mazarine Guilbert in de Spotlight. #rowingbelgium","breadcrumb":{"@id":"https:\/\/www.rowing.be\/fr\/marlon-colpaert\/#breadcrumb"},"inLanguage":"fr-FR","potentialAction":[{"@type":"ReadAction","target":["https:\/\/www.rowing.be\/fr\/marlon-colpaert\/"]}]},{"@type":"ImageObject","inLanguage":"fr-FR","@id":"https:\/\/www.rowing.be\/fr\/marlon-colpaert\/#primaryimage","url":"https:\/\/www.rowing.be\/wp-content\/uploads\/2025\/09\/marlon_portrait.png","contentUrl":"https:\/\/www.rowing.be\/wp-content\/uploads\/2025\/09\/marlon_portrait.png"},{"@type":"BreadcrumbList","@id":"https:\/\/www.rowing.be\/fr\/marlon-colpaert\/#breadcrumb","itemListElement":[{"@type":"ListItem","position":1,"name":"Accueil","item":"https:\/\/www.rowing.be\/fr\/"},{"@type":"ListItem","position":2,"name":"marlon Colpaert"}]},{"@type":"WebSite","@id":"https:\/\/www.rowing.be\/fr\/#website","url":"https:\/\/www.rowing.be\/fr\/","name":"K.B.R. Roeien - F.R.B.A. Aviron","description":"Welcome to rowing.be \u2013 Join the crew, feel the rhythm.","potentialAction":[{"@type":"SearchAction","target":{"@type":"EntryPoint","urlTemplate":"https:\/\/www.rowing.be\/fr\/?s={search_term_string}"},"query-input":{"@type":"PropertyValueSpecification","valueRequired":true,"valueName":"search_term_string"}}],"inLanguage":"fr-FR"}]}},"_links":{"self":[{"href":"https:\/\/www.rowing.be\/fr\/wp-json\/wp\/v2\/pages\/2498","targetHints":{"allow":["GET"]}}],"collection":[{"href":"https:\/\/www.rowing.be\/fr\/wp-json\/wp\/v2\/pages"}],"about":[{"href":"https:\/\/www.rowing.be\/fr\/wp-json\/wp\/v2\/types\/page"}],"author":[{"embeddable":true,"href":"https:\/\/www.rowing.be\/fr\/wp-json\/wp\/v2\/users\/2"}],"replies":[{"embeddable":true,"href":"https:\/\/www.rowing.be\/fr\/wp-json\/wp\/v2\/comments?post=2498"}],"version-history":[{"count":4,"href":"https:\/\/www.rowing.be\/fr\/wp-json\/wp\/v2\/pages\/2498\/revisions"}],"predecessor-version":[{"id":3136,"href":"https:\/\/www.rowing.be\/fr\/wp-json\/wp\/v2\/pages\/2498\/revisions\/3136"}],"wp:attachment":[{"href":"https:\/\/www.rowing.be\/fr\/wp-json\/wp\/v2\/media?parent=2498"}],"curies":[{"name":"wp","href":"https:\/\/api.w.org\/{rel}","templated":true}]}}