{"id":2443,"date":"2025-09-23T16:32:19","date_gmt":"2025-09-23T14:32:19","guid":{"rendered":"https:\/\/www.rowing.be\/jeroen-neus\/"},"modified":"2025-09-24T18:35:55","modified_gmt":"2025-09-24T16:35:55","slug":"jeroen-neus","status":"publish","type":"page","link":"https:\/\/www.rowing.be\/fr\/jeroen-neus\/","title":{"rendered":"Jeroen Neus"},"content":{"rendered":"\n\n\t<p>Shanghai&rsquo;25 &#8211; L&rsquo;entraineur des Belgians Sharks Elite sous les projecteurs<\/p>\n\t<h1>Jeroen Neus<\/h1>\n\t<p>&nbsp;<\/p>\n\n\t\t\t\t\t\t\t\t\t<img loading=\"lazy\" decoding=\"async\" src=\"https:\/\/www.rowing.be\/wp-content\/uploads\/2025\/09\/Jeroen.png\" alt=\"Jeroen\" itemprop=\"image\" height=\"2048\" width=\"1365\" srcset=\"https:\/\/www.rowing.be\/wp-content\/uploads\/2025\/09\/Jeroen.png 1365w, https:\/\/www.rowing.be\/wp-content\/uploads\/2025\/09\/Jeroen-200x300.png 200w, https:\/\/www.rowing.be\/wp-content\/uploads\/2025\/09\/Jeroen-683x1024.png 683w, https:\/\/www.rowing.be\/wp-content\/uploads\/2025\/09\/Jeroen-768x1152.png 768w, https:\/\/www.rowing.be\/wp-content\/uploads\/2025\/09\/Jeroen-1024x1536.png 1024w\" sizes=\"auto, (max-width: 1365px) 100vw, 1365px\" title=\"Jeroen\" onerror=\"this.style.display='none'\"  \/>\n\t<p>&nbsp;<\/p>\n<p><strong>Qui est Jeroen ?<\/strong><\/p>\n\t<p>Age: 54 ans<\/p>\n<p>Localit\u00e9: Oudenburg<\/p>\n<p>Fonction: Entraineur national Belgian Sharks Elite (VRL\/LFA)<\/p>\n<p>Profession: Kin\u00e9 &amp; entraineur<\/p>\n<br \/>\nD\u00e9buts en aviron: 1976 \n<p>Entraineur depuis: 2012\u00a0 <\/p>\n<p>&nbsp;<\/p>\n<p>&nbsp;<\/p>\n<p>&nbsp;<\/p>\n\t<p>&nbsp;<\/p>\n<p>Parcours sportif<\/p>\n\t<p>Evolution : <\/p>\n<p>Commenc\u00e9 en 2012 comme entraineur, a construit son exp\u00e9rience pas \u00e0 pas jusqu&rsquo;au plus haut niveau.<\/p>\n<p>R\u00e9sultats marquants :<\/p>\n\ud83c\udfc5 Finales A et m\u00e9dailles dans toutes les cat\u00e9gories.<br \/>\nCoach d&rsquo;athl\u00e8tes de U19 jusqu&rsquo;aux \u00e9lites.\n<p>Exp\u00e9rience internationale\u00a0:<\/p>\nPr\u00e9sent sur tous les Championnats du Monde.<br \/>\nJeux Olympiques ? Pas encore&#8230; mais c&rsquo;est l&rsquo;objectif !\n<p>&nbsp;<\/p>\n<p>&nbsp;<\/p>\n<p>&nbsp;<\/p>\n<p>&nbsp;<\/p>\n\t<p>Pr\u00e9paration &amp; objectifs<\/p>\n<p>&nbsp;<\/p>\n\t<p> Pr\u00e9paration pour Shanghai : <\/p>\n1. Travailler avec constance vers l&rsquo;objectif ultime.<br \/>\n2. Ne rien laisser au hasard<br \/>\n3. \u00catre le \u00ab\u00a0superfixer\u00a0\u00bb du staff pour faire \u00e9merger la meilleure performance au bon moment.\n<p>Objectif pour cette coupe du monde: \u00c9valuer la position de la Belgique dans ce cycle post-olympique.<\/p>\n<p>Objectif \u00e0 long terme: Qualifier\u00a0<b>3 bateaux<\/b>\u00a0pour les Jeux Olympiques de Los Angeles 2028<\/p>\n\t<p>Citation personnelle<\/p>\n\t<blockquote>\n<p>\u00ab\u00a0Sois pr\u00eat comme le meilleur.\u00a0\u00bb<\/p>\n<\/blockquote>\n<p>&nbsp;<\/p>\n\t<p>Vision &amp; inspiration<\/p>\n<p>&nbsp;<\/p>\n\tCe que repr\u00e9sente l&rsquo;aviron belge \u00e0 l&rsquo;international :\u00a0<br \/>\n\u00ab\u00a0Une pr\u00e9sence de plus en plus marqu\u00e9e dans les plus hautes sph\u00e8res.\u00a0\u00bb<br \/>\nSa plus grande motivation\u00a0:<br \/>\n\u00ab\u00a0Croire en soi sans jamais sous-estimer l&rsquo;adversaire.\u00a0\u00bb<br \/>\nMessage aux jeunes rameurs\u00a0:\u00a0<br \/>\n\u00ab\u00a0Travaille dur \u00e0 chaque entra\u00eenement, amuse-toi dans ce que tu fais.<br \/>\nCrois en toi, n&rsquo;abandonne jamais !\u00a0\u00bb\nSouvenir marquant : \ud83e\udd47 M\u00e9daille d&rsquo;or en LMU23 2x (Vyvey-Colpaert) \u00e0 Duisbourg, septembre 2020.<br \/>\nUn podium sans public \u00e0 cause du COVID &#8211; une victoire en silence, un moment inoubliable.\n<p>&nbsp;<\/p>\n\t\t\t\t<img decoding=\"async\" src=\"https:\/\/www.rowing.be\/wp-content\/uploads\/2025\/09\/Jeroen_2.png\" alt=\"Jeroen_2\" itemprop=\"image\" height=\"788\" width=\"940\" title=\"Jeroen_2\" onerror=\"this.style.display='none'\" loading=\"lazy\" \/>\n\t\t\t\t<img decoding=\"async\" src=\"https:\/\/www.rowing.be\/wp-content\/uploads\/2025\/09\/Jeroen_Neus_1.png\" alt=\"Jeroen_Neus_1\" itemprop=\"image\" height=\"788\" width=\"940\" title=\"Jeroen_Neus_1\" onerror=\"this.style.display='none'\" loading=\"lazy\" \/>\n\t\t\t\t<img decoding=\"async\" src=\"https:\/\/www.rowing.be\/wp-content\/uploads\/2025\/09\/Jeroen_Neus_2.png\" alt=\"Jeroen_Neus_2\" itemprop=\"image\" height=\"788\" width=\"940\" title=\"Jeroen_Neus_2\" onerror=\"this.style.display='none'\" loading=\"lazy\" \/>\n\n","protected":false},"excerpt":{"rendered":"<p>Shanghai&rsquo;25 &#8211; L&rsquo;entraineur des Belgians Sharks Elite sous les projecteurs Jeroen Neus &nbsp; &nbsp; Qui est Jeroen ? Age: 54 ans Localit\u00e9: Oudenburg Fonction: Entraineur national Belgian Sharks Elite (VRL\/LFA) Profession: Kin\u00e9 &amp; entraineur D\u00e9buts en aviron: 1976 Entraineur depuis: 2012\u00a0 &nbsp; &nbsp; &nbsp; &nbsp; Parcours sportif Evolution : Commenc\u00e9 en 2012 comme entraineur, a&hellip;<\/p>\n","protected":false},"author":2,"featured_media":0,"parent":0,"menu_order":0,"comment_status":"closed","ping_status":"closed","template":"","meta":{"footnotes":""},"class_list":["post-2443","page","type-page","status-publish","hentry"],"yoast_head":"<!-- This site is optimized with the Yoast SEO plugin v26.8 - https:\/\/yoast.com\/product\/yoast-seo-wordpress\/ -->\n<title>Jeroen Neus - K.B.R. Roeien - F.R.B.A. Aviron<\/title>\n<meta name=\"description\" content=\"Shangai 2025 WK ELITE - Mazarine Guilbert in de Spotlight. #rowingbelgium\" \/>\n<meta name=\"robots\" content=\"index, follow, max-snippet:-1, max-image-preview:large, max-video-preview:-1\" \/>\n<link rel=\"canonical\" href=\"https:\/\/www.rowing.be\/fr\/jeroen-neus\/\" \/>\n<meta property=\"og:locale\" content=\"fr_FR\" \/>\n<meta property=\"og:type\" content=\"article\" \/>\n<meta property=\"og:title\" content=\"Jeroen Neus - K.B.R. Roeien - F.R.B.A. Aviron\" \/>\n<meta property=\"og:description\" content=\"Shangai 2025 WK ELITE - Mazarine Guilbert in de Spotlight. #rowingbelgium\" \/>\n<meta property=\"og:url\" content=\"https:\/\/www.rowing.be\/fr\/jeroen-neus\/\" \/>\n<meta property=\"og:site_name\" content=\"K.B.R. Roeien - F.R.B.A. Aviron\" \/>\n<meta property=\"article:modified_time\" content=\"2025-09-24T16:35:55+00:00\" \/>\n<meta property=\"og:image\" content=\"https:\/\/www.rowing.be\/wp-content\/uploads\/2025\/09\/Jeroen.png\" \/>\n<meta name=\"twitter:card\" content=\"summary_large_image\" \/>\n<meta name=\"twitter:label1\" content=\"Dur\u00e9e de lecture estim\u00e9e\" \/>\n\t<meta name=\"twitter:data1\" content=\"2 minutes\" \/>\n<script type=\"application\/ld+json\" class=\"yoast-schema-graph\">{\"@context\":\"https:\/\/schema.org\",\"@graph\":[{\"@type\":\"WebPage\",\"@id\":\"https:\/\/www.rowing.be\/fr\/jeroen-neus\/\",\"url\":\"https:\/\/www.rowing.be\/fr\/jeroen-neus\/\",\"name\":\"Jeroen Neus - K.B.R. Roeien - F.R.B.A. Aviron\",\"isPartOf\":{\"@id\":\"https:\/\/www.rowing.be\/fr\/#website\"},\"primaryImageOfPage\":{\"@id\":\"https:\/\/www.rowing.be\/fr\/jeroen-neus\/#primaryimage\"},\"image\":{\"@id\":\"https:\/\/www.rowing.be\/fr\/jeroen-neus\/#primaryimage\"},\"thumbnailUrl\":\"https:\/\/www.rowing.be\/wp-content\/uploads\/2025\/09\/Jeroen.png\",\"datePublished\":\"2025-09-23T14:32:19+00:00\",\"dateModified\":\"2025-09-24T16:35:55+00:00\",\"description\":\"Shangai 2025 WK ELITE - Mazarine Guilbert in de Spotlight. #rowingbelgium\",\"breadcrumb\":{\"@id\":\"https:\/\/www.rowing.be\/fr\/jeroen-neus\/#breadcrumb\"},\"inLanguage\":\"fr-FR\",\"potentialAction\":[{\"@type\":\"ReadAction\",\"target\":[\"https:\/\/www.rowing.be\/fr\/jeroen-neus\/\"]}]},{\"@type\":\"ImageObject\",\"inLanguage\":\"fr-FR\",\"@id\":\"https:\/\/www.rowing.be\/fr\/jeroen-neus\/#primaryimage\",\"url\":\"https:\/\/www.rowing.be\/wp-content\/uploads\/2025\/09\/Jeroen.png\",\"contentUrl\":\"https:\/\/www.rowing.be\/wp-content\/uploads\/2025\/09\/Jeroen.png\"},{\"@type\":\"BreadcrumbList\",\"@id\":\"https:\/\/www.rowing.be\/fr\/jeroen-neus\/#breadcrumb\",\"itemListElement\":[{\"@type\":\"ListItem\",\"position\":1,\"name\":\"Accueil\",\"item\":\"https:\/\/www.rowing.be\/fr\/\"},{\"@type\":\"ListItem\",\"position\":2,\"name\":\"Jeroen Neus\"}]},{\"@type\":\"WebSite\",\"@id\":\"https:\/\/www.rowing.be\/fr\/#website\",\"url\":\"https:\/\/www.rowing.be\/fr\/\",\"name\":\"K.B.R. Roeien - F.R.B.A. Aviron\",\"description\":\"Welcome to rowing.be \u2013 Join the crew, feel the rhythm.\",\"potentialAction\":[{\"@type\":\"SearchAction\",\"target\":{\"@type\":\"EntryPoint\",\"urlTemplate\":\"https:\/\/www.rowing.be\/fr\/?s={search_term_string}\"},\"query-input\":{\"@type\":\"PropertyValueSpecification\",\"valueRequired\":true,\"valueName\":\"search_term_string\"}}],\"inLanguage\":\"fr-FR\"}]}<\/script>\n<!-- \/ Yoast SEO plugin. -->","yoast_head_json":{"title":"Jeroen Neus - K.B.R. Roeien - F.R.B.A. Aviron","description":"Shangai 2025 WK ELITE - Mazarine Guilbert in de Spotlight. #rowingbelgium","robots":{"index":"index","follow":"follow","max-snippet":"max-snippet:-1","max-image-preview":"max-image-preview:large","max-video-preview":"max-video-preview:-1"},"canonical":"https:\/\/www.rowing.be\/fr\/jeroen-neus\/","og_locale":"fr_FR","og_type":"article","og_title":"Jeroen Neus - K.B.R. Roeien - F.R.B.A. Aviron","og_description":"Shangai 2025 WK ELITE - Mazarine Guilbert in de Spotlight. #rowingbelgium","og_url":"https:\/\/www.rowing.be\/fr\/jeroen-neus\/","og_site_name":"K.B.R. Roeien - F.R.B.A. Aviron","article_modified_time":"2025-09-24T16:35:55+00:00","og_image":[{"url":"https:\/\/www.rowing.be\/wp-content\/uploads\/2025\/09\/Jeroen.png","type":"","width":"","height":""}],"twitter_card":"summary_large_image","twitter_misc":{"Dur\u00e9e de lecture estim\u00e9e":"2 minutes"},"schema":{"@context":"https:\/\/schema.org","@graph":[{"@type":"WebPage","@id":"https:\/\/www.rowing.be\/fr\/jeroen-neus\/","url":"https:\/\/www.rowing.be\/fr\/jeroen-neus\/","name":"Jeroen Neus - K.B.R. Roeien - F.R.B.A. Aviron","isPartOf":{"@id":"https:\/\/www.rowing.be\/fr\/#website"},"primaryImageOfPage":{"@id":"https:\/\/www.rowing.be\/fr\/jeroen-neus\/#primaryimage"},"image":{"@id":"https:\/\/www.rowing.be\/fr\/jeroen-neus\/#primaryimage"},"thumbnailUrl":"https:\/\/www.rowing.be\/wp-content\/uploads\/2025\/09\/Jeroen.png","datePublished":"2025-09-23T14:32:19+00:00","dateModified":"2025-09-24T16:35:55+00:00","description":"Shangai 2025 WK ELITE - Mazarine Guilbert in de Spotlight. #rowingbelgium","breadcrumb":{"@id":"https:\/\/www.rowing.be\/fr\/jeroen-neus\/#breadcrumb"},"inLanguage":"fr-FR","potentialAction":[{"@type":"ReadAction","target":["https:\/\/www.rowing.be\/fr\/jeroen-neus\/"]}]},{"@type":"ImageObject","inLanguage":"fr-FR","@id":"https:\/\/www.rowing.be\/fr\/jeroen-neus\/#primaryimage","url":"https:\/\/www.rowing.be\/wp-content\/uploads\/2025\/09\/Jeroen.png","contentUrl":"https:\/\/www.rowing.be\/wp-content\/uploads\/2025\/09\/Jeroen.png"},{"@type":"BreadcrumbList","@id":"https:\/\/www.rowing.be\/fr\/jeroen-neus\/#breadcrumb","itemListElement":[{"@type":"ListItem","position":1,"name":"Accueil","item":"https:\/\/www.rowing.be\/fr\/"},{"@type":"ListItem","position":2,"name":"Jeroen Neus"}]},{"@type":"WebSite","@id":"https:\/\/www.rowing.be\/fr\/#website","url":"https:\/\/www.rowing.be\/fr\/","name":"K.B.R. Roeien - F.R.B.A. Aviron","description":"Welcome to rowing.be \u2013 Join the crew, feel the rhythm.","potentialAction":[{"@type":"SearchAction","target":{"@type":"EntryPoint","urlTemplate":"https:\/\/www.rowing.be\/fr\/?s={search_term_string}"},"query-input":{"@type":"PropertyValueSpecification","valueRequired":true,"valueName":"search_term_string"}}],"inLanguage":"fr-FR"}]}},"_links":{"self":[{"href":"https:\/\/www.rowing.be\/fr\/wp-json\/wp\/v2\/pages\/2443","targetHints":{"allow":["GET"]}}],"collection":[{"href":"https:\/\/www.rowing.be\/fr\/wp-json\/wp\/v2\/pages"}],"about":[{"href":"https:\/\/www.rowing.be\/fr\/wp-json\/wp\/v2\/types\/page"}],"author":[{"embeddable":true,"href":"https:\/\/www.rowing.be\/fr\/wp-json\/wp\/v2\/users\/2"}],"replies":[{"embeddable":true,"href":"https:\/\/www.rowing.be\/fr\/wp-json\/wp\/v2\/comments?post=2443"}],"version-history":[{"count":4,"href":"https:\/\/www.rowing.be\/fr\/wp-json\/wp\/v2\/pages\/2443\/revisions"}],"predecessor-version":[{"id":2450,"href":"https:\/\/www.rowing.be\/fr\/wp-json\/wp\/v2\/pages\/2443\/revisions\/2450"}],"wp:attachment":[{"href":"https:\/\/www.rowing.be\/fr\/wp-json\/wp\/v2\/media?parent=2443"}],"curies":[{"name":"wp","href":"https:\/\/api.w.org\/{rel}","templated":true}]}}