{"id":2395,"date":"2025-09-16T15:41:35","date_gmt":"2025-09-16T13:41:35","guid":{"rendered":"https:\/\/www.rowing.be\/aaron-andries\/"},"modified":"2025-11-14T10:07:17","modified_gmt":"2025-11-14T09:07:17","slug":"aaron-andries","status":"publish","type":"page","link":"https:\/\/www.rowing.be\/fr\/aaron-andries\/","title":{"rendered":"Aaron Andries"},"content":{"rendered":"\n\n\t<p>Shanghai&rsquo;25 &#8211; Un Belgian Shark sous les projecteurs !<\/p>\n\t<h1>Andries Aaron<\/h1>\n\t<p>&nbsp;<\/p>\n\n\t\t\t\t\t\t\t\t\t<img loading=\"lazy\" decoding=\"async\" src=\"https:\/\/www.rowing.be\/wp-content\/uploads\/2025\/09\/Aaron.png\" alt=\"Aaron\" itemprop=\"image\" height=\"2048\" width=\"1365\" srcset=\"https:\/\/www.rowing.be\/wp-content\/uploads\/2025\/09\/Aaron.png 1365w, https:\/\/www.rowing.be\/wp-content\/uploads\/2025\/09\/Aaron-200x300.png 200w, https:\/\/www.rowing.be\/wp-content\/uploads\/2025\/09\/Aaron-683x1024.png 683w, https:\/\/www.rowing.be\/wp-content\/uploads\/2025\/09\/Aaron-768x1152.png 768w, https:\/\/www.rowing.be\/wp-content\/uploads\/2025\/09\/Aaron-1024x1536.png 1024w\" sizes=\"auto, (max-width: 1365px) 100vw, 1365px\" title=\"Aaron\" onerror=\"this.style.display='none'\"  \/>\n\t\t\t<a href=\"https:\/\/vlaamse-roeiliga.be\/wp-content\/uploads\/2025\/10\/Aaron_Andries_resultaten.pdf\" target=\"_blank\" rel=\"noopener\">\n\t\t\t\t\t\tTous les r\u00e9sultats\n\t\t\t\t\t<\/a>\n\t<p>&nbsp;<\/p>\n<p><strong>Mini CV<\/strong><\/p>\n\t<p>&nbsp;<\/p>\n<p>Age: 22 ans<\/p>\n<p>Localit\u00e9: Mariakerke<\/p>\n<p>Club: Gentse Roei- en Sportvereniging<\/p>\n<p>Discipline: deux de couple (2x)<\/p>\n<p>Etudes: Ing\u00e9nieur industriel (en cours)<\/p>\n<p>Commenc\u00e9 l&rsquo;aviron: 2017<\/p>\n\t<p>&nbsp;<\/p>\n<p>Parcours sportif<\/p>\n\t<p>&nbsp;<\/p>\n<p>Progression: \u00a0\u00ab\u00a0Vlot\u00a0\u00bb &#8211; fluide, rapide sans accro ! <\/p>\nPalmar\u00e8s:<br \/>\n\ud83e\udd47 Champion du Monde\u00a0(2022, U23, BM2x, Varese, Itali\u00eb)<br \/>\ud83e\udd47 Champion d&rsquo;Europe\u00a0(2022, U23, BM2x, Hazewinkel)<br \/>\ud83e\udd47 Champion de Belgique\n<p>Exp\u00e9rience internationale: Plusieurs participations aux Championnats du Monde. \u00a0Les Jeux Olympiques ? Pas encore&#8230; mais c&rsquo;est <b>le r\u00eave ultime<\/b>\u00a0!<\/p>\n<p>&nbsp;<\/p>\n\t<p>Objectifs et pr\u00e9paration<\/p>\n<p>&nbsp;<\/p>\n\tPr\u00e9paration pour Shanghai:\u00a0<br \/>\nSuivre le programme d&rsquo;entrainement \u00e0 la lettre.<br \/>\nObjectif pour Shanghai: Faire mieux que la derni\u00e8re fois.<br \/>\nObjectifs \u00e0 long terme: Participer aux JO de Los Angeles 2028. \u00a0Et pourquoi pas une m\u00e9daille en Coupe du Monde ?\n<p>&nbsp;<\/p>\n\t<p>Vision &amp; motivation<\/p>\n<p>&nbsp;<\/p>\n\t<p>Ce que repr\u00e9sente le rowing belge \u00e0 l&rsquo;international\u00a0: \u00ab\u00a0Beaucoup.\u00a0\u00bb (court, mais puissant \ud83d\udca5)\u00a0<\/p>\nCe qui le motive:<br \/>\nPorter les couleurs belges avec fiert\u00e9 \ud83c\udde7\ud83c\uddea\ud83c\udde7\ud83c\uddea\nConseil aux jeunes rameurs: <br \/>\nNe t&rsquo;entra\u00eene pas seulement dur&#8230; entra\u00eene-toi intelligemment !\u00a0\u00bb\u00a0\n\n\t<p>Citation personnelle<\/p>\n<p>&nbsp;<\/p>\n\t<p>&nbsp;<\/p>\n<blockquote>\n<p><em>Alles komt goed \/ Tout Ira bien !\u00a0<\/em><\/p>\n<\/blockquote>\n\t\t\t\t<img decoding=\"async\" src=\"https:\/\/www.rowing.be\/wp-content\/uploads\/2025\/09\/BelgianSharks_shoot_gertjandebaets_web-170.jpg\" alt=\"BelgianSharks_shoot_gertjandebaets_web-170\" itemprop=\"image\" height=\"1365\" width=\"2048\" title=\"BelgianSharks_shoot_gertjandebaets_web-170\" onerror=\"this.style.display='none'\" loading=\"lazy\" \/>\n\t\t\t\t<img decoding=\"async\" src=\"https:\/\/www.rowing.be\/wp-content\/uploads\/2025\/09\/Aaron-Andries-683x1024.png\" alt=\"Aaron-Andries\" itemprop=\"image\" height=\"1024\" width=\"683\" title=\"Aaron-Andries\" onerror=\"this.style.display='none'\" loading=\"lazy\" \/>\n\n","protected":false},"excerpt":{"rendered":"<p>Shanghai&rsquo;25 &#8211; Un Belgian Shark sous les projecteurs ! Andries Aaron &nbsp; Tous les r\u00e9sultats &nbsp; Mini CV &nbsp; Age: 22 ans Localit\u00e9: Mariakerke Club: Gentse Roei- en Sportvereniging Discipline: deux de couple (2x) Etudes: Ing\u00e9nieur industriel (en cours) Commenc\u00e9 l&rsquo;aviron: 2017 &nbsp; Parcours sportif &nbsp; Progression: \u00a0\u00ab\u00a0Vlot\u00a0\u00bb &#8211; fluide, rapide sans accro ! Palmar\u00e8s:&hellip;<\/p>\n","protected":false},"author":2,"featured_media":0,"parent":0,"menu_order":0,"comment_status":"closed","ping_status":"closed","template":"","meta":{"footnotes":""},"class_list":["post-2395","page","type-page","status-publish","hentry"],"yoast_head":"<!-- This site is optimized with the Yoast SEO plugin v26.8 - https:\/\/yoast.com\/product\/yoast-seo-wordpress\/ -->\n<title>Aaron Andries - K.B.R. Roeien - F.R.B.A. Aviron<\/title>\n<meta name=\"description\" content=\"Shangai 2025 WK ELITE - Mazarine Guilbert in de Spotlight. #rowingbelgium\" \/>\n<meta name=\"robots\" content=\"index, follow, max-snippet:-1, max-image-preview:large, max-video-preview:-1\" \/>\n<link rel=\"canonical\" href=\"https:\/\/www.rowing.be\/fr\/aaron-andries\/\" \/>\n<meta property=\"og:locale\" content=\"fr_FR\" \/>\n<meta property=\"og:type\" content=\"article\" \/>\n<meta property=\"og:title\" content=\"Aaron Andries - K.B.R. Roeien - F.R.B.A. Aviron\" \/>\n<meta property=\"og:description\" content=\"Shangai 2025 WK ELITE - Mazarine Guilbert in de Spotlight. #rowingbelgium\" \/>\n<meta property=\"og:url\" content=\"https:\/\/www.rowing.be\/fr\/aaron-andries\/\" \/>\n<meta property=\"og:site_name\" content=\"K.B.R. Roeien - F.R.B.A. Aviron\" \/>\n<meta property=\"article:modified_time\" content=\"2025-11-14T09:07:17+00:00\" \/>\n<meta property=\"og:image\" content=\"https:\/\/www.rowing.be\/wp-content\/uploads\/2025\/09\/Aaron.png\" \/>\n<meta name=\"twitter:card\" content=\"summary_large_image\" \/>\n<meta name=\"twitter:label1\" content=\"Dur\u00e9e de lecture estim\u00e9e\" \/>\n\t<meta name=\"twitter:data1\" content=\"2 minutes\" \/>\n<script type=\"application\/ld+json\" class=\"yoast-schema-graph\">{\"@context\":\"https:\/\/schema.org\",\"@graph\":[{\"@type\":\"WebPage\",\"@id\":\"https:\/\/www.rowing.be\/fr\/aaron-andries\/\",\"url\":\"https:\/\/www.rowing.be\/fr\/aaron-andries\/\",\"name\":\"Aaron Andries - K.B.R. Roeien - F.R.B.A. Aviron\",\"isPartOf\":{\"@id\":\"https:\/\/www.rowing.be\/fr\/#website\"},\"primaryImageOfPage\":{\"@id\":\"https:\/\/www.rowing.be\/fr\/aaron-andries\/#primaryimage\"},\"image\":{\"@id\":\"https:\/\/www.rowing.be\/fr\/aaron-andries\/#primaryimage\"},\"thumbnailUrl\":\"https:\/\/www.rowing.be\/wp-content\/uploads\/2025\/09\/Aaron.png\",\"datePublished\":\"2025-09-16T13:41:35+00:00\",\"dateModified\":\"2025-11-14T09:07:17+00:00\",\"description\":\"Shangai 2025 WK ELITE - Mazarine Guilbert in de Spotlight. #rowingbelgium\",\"breadcrumb\":{\"@id\":\"https:\/\/www.rowing.be\/fr\/aaron-andries\/#breadcrumb\"},\"inLanguage\":\"fr-FR\",\"potentialAction\":[{\"@type\":\"ReadAction\",\"target\":[\"https:\/\/www.rowing.be\/fr\/aaron-andries\/\"]}]},{\"@type\":\"ImageObject\",\"inLanguage\":\"fr-FR\",\"@id\":\"https:\/\/www.rowing.be\/fr\/aaron-andries\/#primaryimage\",\"url\":\"https:\/\/www.rowing.be\/wp-content\/uploads\/2025\/09\/Aaron.png\",\"contentUrl\":\"https:\/\/www.rowing.be\/wp-content\/uploads\/2025\/09\/Aaron.png\"},{\"@type\":\"BreadcrumbList\",\"@id\":\"https:\/\/www.rowing.be\/fr\/aaron-andries\/#breadcrumb\",\"itemListElement\":[{\"@type\":\"ListItem\",\"position\":1,\"name\":\"Accueil\",\"item\":\"https:\/\/www.rowing.be\/fr\/\"},{\"@type\":\"ListItem\",\"position\":2,\"name\":\"Aaron Andries\"}]},{\"@type\":\"WebSite\",\"@id\":\"https:\/\/www.rowing.be\/fr\/#website\",\"url\":\"https:\/\/www.rowing.be\/fr\/\",\"name\":\"K.B.R. Roeien - F.R.B.A. Aviron\",\"description\":\"Welcome to rowing.be \u2013 Join the crew, feel the rhythm.\",\"potentialAction\":[{\"@type\":\"SearchAction\",\"target\":{\"@type\":\"EntryPoint\",\"urlTemplate\":\"https:\/\/www.rowing.be\/fr\/?s={search_term_string}\"},\"query-input\":{\"@type\":\"PropertyValueSpecification\",\"valueRequired\":true,\"valueName\":\"search_term_string\"}}],\"inLanguage\":\"fr-FR\"}]}<\/script>\n<!-- \/ Yoast SEO plugin. -->","yoast_head_json":{"title":"Aaron Andries - K.B.R. Roeien - F.R.B.A. Aviron","description":"Shangai 2025 WK ELITE - Mazarine Guilbert in de Spotlight. #rowingbelgium","robots":{"index":"index","follow":"follow","max-snippet":"max-snippet:-1","max-image-preview":"max-image-preview:large","max-video-preview":"max-video-preview:-1"},"canonical":"https:\/\/www.rowing.be\/fr\/aaron-andries\/","og_locale":"fr_FR","og_type":"article","og_title":"Aaron Andries - K.B.R. Roeien - F.R.B.A. Aviron","og_description":"Shangai 2025 WK ELITE - Mazarine Guilbert in de Spotlight. #rowingbelgium","og_url":"https:\/\/www.rowing.be\/fr\/aaron-andries\/","og_site_name":"K.B.R. Roeien - F.R.B.A. Aviron","article_modified_time":"2025-11-14T09:07:17+00:00","og_image":[{"url":"https:\/\/www.rowing.be\/wp-content\/uploads\/2025\/09\/Aaron.png","type":"","width":"","height":""}],"twitter_card":"summary_large_image","twitter_misc":{"Dur\u00e9e de lecture estim\u00e9e":"2 minutes"},"schema":{"@context":"https:\/\/schema.org","@graph":[{"@type":"WebPage","@id":"https:\/\/www.rowing.be\/fr\/aaron-andries\/","url":"https:\/\/www.rowing.be\/fr\/aaron-andries\/","name":"Aaron Andries - K.B.R. Roeien - F.R.B.A. Aviron","isPartOf":{"@id":"https:\/\/www.rowing.be\/fr\/#website"},"primaryImageOfPage":{"@id":"https:\/\/www.rowing.be\/fr\/aaron-andries\/#primaryimage"},"image":{"@id":"https:\/\/www.rowing.be\/fr\/aaron-andries\/#primaryimage"},"thumbnailUrl":"https:\/\/www.rowing.be\/wp-content\/uploads\/2025\/09\/Aaron.png","datePublished":"2025-09-16T13:41:35+00:00","dateModified":"2025-11-14T09:07:17+00:00","description":"Shangai 2025 WK ELITE - Mazarine Guilbert in de Spotlight. #rowingbelgium","breadcrumb":{"@id":"https:\/\/www.rowing.be\/fr\/aaron-andries\/#breadcrumb"},"inLanguage":"fr-FR","potentialAction":[{"@type":"ReadAction","target":["https:\/\/www.rowing.be\/fr\/aaron-andries\/"]}]},{"@type":"ImageObject","inLanguage":"fr-FR","@id":"https:\/\/www.rowing.be\/fr\/aaron-andries\/#primaryimage","url":"https:\/\/www.rowing.be\/wp-content\/uploads\/2025\/09\/Aaron.png","contentUrl":"https:\/\/www.rowing.be\/wp-content\/uploads\/2025\/09\/Aaron.png"},{"@type":"BreadcrumbList","@id":"https:\/\/www.rowing.be\/fr\/aaron-andries\/#breadcrumb","itemListElement":[{"@type":"ListItem","position":1,"name":"Accueil","item":"https:\/\/www.rowing.be\/fr\/"},{"@type":"ListItem","position":2,"name":"Aaron Andries"}]},{"@type":"WebSite","@id":"https:\/\/www.rowing.be\/fr\/#website","url":"https:\/\/www.rowing.be\/fr\/","name":"K.B.R. Roeien - F.R.B.A. Aviron","description":"Welcome to rowing.be \u2013 Join the crew, feel the rhythm.","potentialAction":[{"@type":"SearchAction","target":{"@type":"EntryPoint","urlTemplate":"https:\/\/www.rowing.be\/fr\/?s={search_term_string}"},"query-input":{"@type":"PropertyValueSpecification","valueRequired":true,"valueName":"search_term_string"}}],"inLanguage":"fr-FR"}]}},"_links":{"self":[{"href":"https:\/\/www.rowing.be\/fr\/wp-json\/wp\/v2\/pages\/2395","targetHints":{"allow":["GET"]}}],"collection":[{"href":"https:\/\/www.rowing.be\/fr\/wp-json\/wp\/v2\/pages"}],"about":[{"href":"https:\/\/www.rowing.be\/fr\/wp-json\/wp\/v2\/types\/page"}],"author":[{"embeddable":true,"href":"https:\/\/www.rowing.be\/fr\/wp-json\/wp\/v2\/users\/2"}],"replies":[{"embeddable":true,"href":"https:\/\/www.rowing.be\/fr\/wp-json\/wp\/v2\/comments?post=2395"}],"version-history":[{"count":6,"href":"https:\/\/www.rowing.be\/fr\/wp-json\/wp\/v2\/pages\/2395\/revisions"}],"predecessor-version":[{"id":3137,"href":"https:\/\/www.rowing.be\/fr\/wp-json\/wp\/v2\/pages\/2395\/revisions\/3137"}],"wp:attachment":[{"href":"https:\/\/www.rowing.be\/fr\/wp-json\/wp\/v2\/media?parent=2395"}],"curies":[{"name":"wp","href":"https:\/\/api.w.org\/{rel}","templated":true}]}}