{"id":2346,"date":"2025-09-14T18:17:46","date_gmt":"2025-09-14T16:17:46","guid":{"rendered":"https:\/\/www.rowing.be\/mazarine-guilbert\/"},"modified":"2025-11-14T10:02:25","modified_gmt":"2025-11-14T09:02:25","slug":"mazarine-guilbert","status":"publish","type":"page","link":"https:\/\/www.rowing.be\/fr\/mazarine-guilbert\/","title":{"rendered":"Mazarine Guilbert"},"content":{"rendered":"\n\n\t<p>Shanghai 2025 &#8211; Une Belgian Shark sous les projecteurs !<\/p>\n\t<h1>Mazarine GUILBERT<\/h1>\n\t<p>&nbsp;<\/p>\n\n\t\t\t\t\t\t\t\t\t<img loading=\"lazy\" decoding=\"async\" src=\"https:\/\/www.rowing.be\/wp-content\/uploads\/2025\/09\/MazarineGuilbert.png\" alt=\"MazarineGuilbert\" itemprop=\"image\" height=\"2048\" width=\"1365\" srcset=\"https:\/\/www.rowing.be\/wp-content\/uploads\/2025\/09\/MazarineGuilbert.png 1365w, https:\/\/www.rowing.be\/wp-content\/uploads\/2025\/09\/MazarineGuilbert-200x300.png 200w, https:\/\/www.rowing.be\/wp-content\/uploads\/2025\/09\/MazarineGuilbert-683x1024.png 683w, https:\/\/www.rowing.be\/wp-content\/uploads\/2025\/09\/MazarineGuilbert-768x1152.png 768w, https:\/\/www.rowing.be\/wp-content\/uploads\/2025\/09\/MazarineGuilbert-1024x1536.png 1024w\" sizes=\"auto, (max-width: 1365px) 100vw, 1365px\" title=\"MazarineGuilbert\" onerror=\"this.style.display='none'\"  \/>\n\t\t\t<a href=\"https:\/\/vlaamse-roeiliga.be\/wp-content\/uploads\/2025\/10\/Mazarine_Guilbert_resultaten.pdf\" target=\"_blank\" rel=\"noopener\">\n\t\t\t\t\t\tTous les r\u00e9sultats\n\t\t\t\t\t<\/a>\n\t<p>&nbsp;<\/p>\n<p>&nbsp;<\/p>\n<p>&nbsp;<\/p>\n<p><strong>mini CV<\/strong><\/p>\n\t<p>&nbsp;<\/p>\n<p>Age: 23 ans<\/p>\n<p>Ville: Sint-Amandsberg<\/p>\n<p>Club: Gentse Roei- en Sportvereniging<\/p>\n<p>Discipline: Skiff<\/p>\n<p>Etudes: Criminologie<\/p>\n<p>A d\u00e9buter l&rsquo;aviron: \u00b1 2012<\/p>\n\t<p>&nbsp;<\/p>\n<p>&nbsp;<\/p>\n<p>&nbsp;<\/p>\n<p>Parcours sportif<\/p>\n\t<p>&nbsp;<\/p>\n<p>Start: U23 en double(2x), passage au skiff en 2022<\/p>\nPalmar\u00e8s:<br \/>\n\ud83e\udd49 Bronze \u00e0 l&rsquo;Euro U23 en 2023 (Krefeld, Zwitserland)<br \/>\n\ud83e\udd49 Bronsaux mondiaux U23 \u00a0en 2024 (St Catharines, Canada)\nExp\u00e9rience internationale:<br \/>\n3 participations aux mondiaux U23 &#8211; Pas encore de mondiaux Elite ni de JO&#8230;mais ca arrive !\n\t<p>Objectifs &amp; pr\u00e9paration<\/p>\n<p>&nbsp;<\/p>\n\t<p>Pr\u00e9paration pour Shanghai: Suivre le programme d&rsquo;entrainement &#8211; Etre \u00e0 l&rsquo;\u00e9coute de son corps<\/p>\n<p>Objectif pour ces championnats du monde : Le top 10<\/p>\n<p>Objectif \u00e0 long terme: Ramer en finale Olympique \u00e0 Los Angeles 2028<\/p>\n\t<p>Vision &amp; valeurs<\/p>\n<p>&nbsp;<\/p>\n\tLe r\u00f4le de la Belgique \u00e0 l&rsquo;international:<br \/>\n\u00ab\u00a0Petite d\u00e9l\u00e9gation, grands r\u00e9sultats.\u00a0\u00bb<br \/>\nMotivation personnelle: Se d\u00e9passer, toujours !<br \/>\nMessage aux jeunes rameurs:<br \/>\n\u00ab\u00a0Travaille dur et \u00e9coute ton corps.\u00a0\u00bb<br \/>\nSouvenir marquant:<br \/>\n\ud83c\udfc6 Le podium avec Aaron Andries aux championnats du monde U23 au Canada.\n\t<p>Inspirerende quote<\/p>\n<p>&nbsp;<\/p>\n\t<blockquote>\n<p><em>Le travail acharn\u00e9 porte ses fruits, mais seulement si tu \u00e9coutes ton corps.<\/em><\/p>\n<\/blockquote>\n\t\t\t\t<img decoding=\"async\" src=\"https:\/\/www.rowing.be\/wp-content\/uploads\/2025\/09\/Mazarine2-474x324.png\" alt=\"Mazarine2\" itemprop=\"image\" height=\"324\" width=\"474\" title=\"Mazarine2\" onerror=\"this.style.display='none'\" loading=\"lazy\" \/>\n\t\t\t\t<img decoding=\"async\" src=\"https:\/\/www.rowing.be\/wp-content\/uploads\/2025\/09\/Mazarine3-474x324.png\" alt=\"Mazarine3\" itemprop=\"image\" height=\"324\" width=\"474\" title=\"Mazarine3\" onerror=\"this.style.display='none'\" loading=\"lazy\" \/>\n\t\t\t\t<img decoding=\"async\" src=\"https:\/\/www.rowing.be\/wp-content\/uploads\/2025\/09\/BelgianSharks_shoot_gertjandebaets_web-151-474x324.jpg\" alt=\"Mazarine_BelgianSharks_shoot_gertjandebaets_web-151\" itemprop=\"image\" height=\"324\" width=\"474\" title=\"Mazarine_BelgianSharks_shoot_gertjandebaets_web-151\" onerror=\"this.style.display='none'\" loading=\"lazy\" \/>\n\n","protected":false},"excerpt":{"rendered":"<p>Shanghai 2025 &#8211; Une Belgian Shark sous les projecteurs ! Mazarine GUILBERT &nbsp; Tous les r\u00e9sultats &nbsp; &nbsp; &nbsp; mini CV &nbsp; Age: 23 ans Ville: Sint-Amandsberg Club: Gentse Roei- en Sportvereniging Discipline: Skiff Etudes: Criminologie A d\u00e9buter l&rsquo;aviron: \u00b1 2012 &nbsp; &nbsp; &nbsp; Parcours sportif &nbsp; Start: U23 en double(2x), passage au skiff en&hellip;<\/p>\n","protected":false},"author":2,"featured_media":0,"parent":0,"menu_order":0,"comment_status":"closed","ping_status":"closed","template":"","meta":{"footnotes":""},"class_list":["post-2346","page","type-page","status-publish","hentry"],"yoast_head":"<!-- This site is optimized with the Yoast SEO plugin v26.8 - https:\/\/yoast.com\/product\/yoast-seo-wordpress\/ -->\n<title>Mazarine Guilbert - K.B.R. Roeien - F.R.B.A. Aviron<\/title>\n<meta name=\"description\" content=\"Shangai 2025 WK ELITE - Mazarine Guilbert in de Spotlight. #rowingbelgium\" \/>\n<meta name=\"robots\" content=\"index, follow, max-snippet:-1, max-image-preview:large, max-video-preview:-1\" \/>\n<link rel=\"canonical\" href=\"https:\/\/www.rowing.be\/fr\/mazarine-guilbert\/\" \/>\n<meta property=\"og:locale\" content=\"fr_FR\" \/>\n<meta property=\"og:type\" content=\"article\" \/>\n<meta property=\"og:title\" content=\"Mazarine Guilbert - K.B.R. Roeien - F.R.B.A. Aviron\" \/>\n<meta property=\"og:description\" content=\"Shangai 2025 WK ELITE - Mazarine Guilbert in de Spotlight. #rowingbelgium\" \/>\n<meta property=\"og:url\" content=\"https:\/\/www.rowing.be\/fr\/mazarine-guilbert\/\" \/>\n<meta property=\"og:site_name\" content=\"K.B.R. Roeien - F.R.B.A. Aviron\" \/>\n<meta property=\"article:modified_time\" content=\"2025-11-14T09:02:25+00:00\" \/>\n<meta property=\"og:image\" content=\"https:\/\/www.rowing.be\/wp-content\/uploads\/2025\/09\/MazarineGuilbert.png\" \/>\n<meta name=\"twitter:card\" content=\"summary_large_image\" \/>\n<meta name=\"twitter:label1\" content=\"Dur\u00e9e de lecture estim\u00e9e\" \/>\n\t<meta name=\"twitter:data1\" content=\"2 minutes\" \/>\n<script type=\"application\/ld+json\" class=\"yoast-schema-graph\">{\"@context\":\"https:\/\/schema.org\",\"@graph\":[{\"@type\":\"WebPage\",\"@id\":\"https:\/\/www.rowing.be\/fr\/mazarine-guilbert\/\",\"url\":\"https:\/\/www.rowing.be\/fr\/mazarine-guilbert\/\",\"name\":\"Mazarine Guilbert - K.B.R. Roeien - F.R.B.A. Aviron\",\"isPartOf\":{\"@id\":\"https:\/\/www.rowing.be\/fr\/#website\"},\"primaryImageOfPage\":{\"@id\":\"https:\/\/www.rowing.be\/fr\/mazarine-guilbert\/#primaryimage\"},\"image\":{\"@id\":\"https:\/\/www.rowing.be\/fr\/mazarine-guilbert\/#primaryimage\"},\"thumbnailUrl\":\"https:\/\/www.rowing.be\/wp-content\/uploads\/2025\/09\/MazarineGuilbert.png\",\"datePublished\":\"2025-09-14T16:17:46+00:00\",\"dateModified\":\"2025-11-14T09:02:25+00:00\",\"description\":\"Shangai 2025 WK ELITE - Mazarine Guilbert in de Spotlight. #rowingbelgium\",\"breadcrumb\":{\"@id\":\"https:\/\/www.rowing.be\/fr\/mazarine-guilbert\/#breadcrumb\"},\"inLanguage\":\"fr-FR\",\"potentialAction\":[{\"@type\":\"ReadAction\",\"target\":[\"https:\/\/www.rowing.be\/fr\/mazarine-guilbert\/\"]}]},{\"@type\":\"ImageObject\",\"inLanguage\":\"fr-FR\",\"@id\":\"https:\/\/www.rowing.be\/fr\/mazarine-guilbert\/#primaryimage\",\"url\":\"https:\/\/www.rowing.be\/wp-content\/uploads\/2025\/09\/MazarineGuilbert.png\",\"contentUrl\":\"https:\/\/www.rowing.be\/wp-content\/uploads\/2025\/09\/MazarineGuilbert.png\"},{\"@type\":\"BreadcrumbList\",\"@id\":\"https:\/\/www.rowing.be\/fr\/mazarine-guilbert\/#breadcrumb\",\"itemListElement\":[{\"@type\":\"ListItem\",\"position\":1,\"name\":\"Accueil\",\"item\":\"https:\/\/www.rowing.be\/fr\/\"},{\"@type\":\"ListItem\",\"position\":2,\"name\":\"Mazarine Guilbert\"}]},{\"@type\":\"WebSite\",\"@id\":\"https:\/\/www.rowing.be\/fr\/#website\",\"url\":\"https:\/\/www.rowing.be\/fr\/\",\"name\":\"K.B.R. Roeien - F.R.B.A. Aviron\",\"description\":\"Welcome to rowing.be \u2013 Join the crew, feel the rhythm.\",\"potentialAction\":[{\"@type\":\"SearchAction\",\"target\":{\"@type\":\"EntryPoint\",\"urlTemplate\":\"https:\/\/www.rowing.be\/fr\/?s={search_term_string}\"},\"query-input\":{\"@type\":\"PropertyValueSpecification\",\"valueRequired\":true,\"valueName\":\"search_term_string\"}}],\"inLanguage\":\"fr-FR\"}]}<\/script>\n<!-- \/ Yoast SEO plugin. -->","yoast_head_json":{"title":"Mazarine Guilbert - K.B.R. Roeien - F.R.B.A. Aviron","description":"Shangai 2025 WK ELITE - Mazarine Guilbert in de Spotlight. #rowingbelgium","robots":{"index":"index","follow":"follow","max-snippet":"max-snippet:-1","max-image-preview":"max-image-preview:large","max-video-preview":"max-video-preview:-1"},"canonical":"https:\/\/www.rowing.be\/fr\/mazarine-guilbert\/","og_locale":"fr_FR","og_type":"article","og_title":"Mazarine Guilbert - K.B.R. Roeien - F.R.B.A. Aviron","og_description":"Shangai 2025 WK ELITE - Mazarine Guilbert in de Spotlight. #rowingbelgium","og_url":"https:\/\/www.rowing.be\/fr\/mazarine-guilbert\/","og_site_name":"K.B.R. Roeien - F.R.B.A. Aviron","article_modified_time":"2025-11-14T09:02:25+00:00","og_image":[{"url":"https:\/\/www.rowing.be\/wp-content\/uploads\/2025\/09\/MazarineGuilbert.png","type":"","width":"","height":""}],"twitter_card":"summary_large_image","twitter_misc":{"Dur\u00e9e de lecture estim\u00e9e":"2 minutes"},"schema":{"@context":"https:\/\/schema.org","@graph":[{"@type":"WebPage","@id":"https:\/\/www.rowing.be\/fr\/mazarine-guilbert\/","url":"https:\/\/www.rowing.be\/fr\/mazarine-guilbert\/","name":"Mazarine Guilbert - K.B.R. Roeien - F.R.B.A. Aviron","isPartOf":{"@id":"https:\/\/www.rowing.be\/fr\/#website"},"primaryImageOfPage":{"@id":"https:\/\/www.rowing.be\/fr\/mazarine-guilbert\/#primaryimage"},"image":{"@id":"https:\/\/www.rowing.be\/fr\/mazarine-guilbert\/#primaryimage"},"thumbnailUrl":"https:\/\/www.rowing.be\/wp-content\/uploads\/2025\/09\/MazarineGuilbert.png","datePublished":"2025-09-14T16:17:46+00:00","dateModified":"2025-11-14T09:02:25+00:00","description":"Shangai 2025 WK ELITE - Mazarine Guilbert in de Spotlight. #rowingbelgium","breadcrumb":{"@id":"https:\/\/www.rowing.be\/fr\/mazarine-guilbert\/#breadcrumb"},"inLanguage":"fr-FR","potentialAction":[{"@type":"ReadAction","target":["https:\/\/www.rowing.be\/fr\/mazarine-guilbert\/"]}]},{"@type":"ImageObject","inLanguage":"fr-FR","@id":"https:\/\/www.rowing.be\/fr\/mazarine-guilbert\/#primaryimage","url":"https:\/\/www.rowing.be\/wp-content\/uploads\/2025\/09\/MazarineGuilbert.png","contentUrl":"https:\/\/www.rowing.be\/wp-content\/uploads\/2025\/09\/MazarineGuilbert.png"},{"@type":"BreadcrumbList","@id":"https:\/\/www.rowing.be\/fr\/mazarine-guilbert\/#breadcrumb","itemListElement":[{"@type":"ListItem","position":1,"name":"Accueil","item":"https:\/\/www.rowing.be\/fr\/"},{"@type":"ListItem","position":2,"name":"Mazarine Guilbert"}]},{"@type":"WebSite","@id":"https:\/\/www.rowing.be\/fr\/#website","url":"https:\/\/www.rowing.be\/fr\/","name":"K.B.R. Roeien - F.R.B.A. Aviron","description":"Welcome to rowing.be \u2013 Join the crew, feel the rhythm.","potentialAction":[{"@type":"SearchAction","target":{"@type":"EntryPoint","urlTemplate":"https:\/\/www.rowing.be\/fr\/?s={search_term_string}"},"query-input":{"@type":"PropertyValueSpecification","valueRequired":true,"valueName":"search_term_string"}}],"inLanguage":"fr-FR"}]}},"_links":{"self":[{"href":"https:\/\/www.rowing.be\/fr\/wp-json\/wp\/v2\/pages\/2346","targetHints":{"allow":["GET"]}}],"collection":[{"href":"https:\/\/www.rowing.be\/fr\/wp-json\/wp\/v2\/pages"}],"about":[{"href":"https:\/\/www.rowing.be\/fr\/wp-json\/wp\/v2\/types\/page"}],"author":[{"embeddable":true,"href":"https:\/\/www.rowing.be\/fr\/wp-json\/wp\/v2\/users\/2"}],"replies":[{"embeddable":true,"href":"https:\/\/www.rowing.be\/fr\/wp-json\/wp\/v2\/comments?post=2346"}],"version-history":[{"count":5,"href":"https:\/\/www.rowing.be\/fr\/wp-json\/wp\/v2\/pages\/2346\/revisions"}],"predecessor-version":[{"id":3133,"href":"https:\/\/www.rowing.be\/fr\/wp-json\/wp\/v2\/pages\/2346\/revisions\/3133"}],"wp:attachment":[{"href":"https:\/\/www.rowing.be\/fr\/wp-json\/wp\/v2\/media?parent=2346"}],"curies":[{"name":"wp","href":"https:\/\/api.w.org\/{rel}","templated":true}]}}