{"id":1656,"date":"2025-07-19T11:52:27","date_gmt":"2025-07-19T09:52:27","guid":{"rendered":"https:\/\/www.rowing.be\/aviron-de-mer\/"},"modified":"2025-08-18T11:23:39","modified_gmt":"2025-08-18T09:23:39","slug":"aviron-de-mer","status":"publish","type":"page","link":"https:\/\/www.rowing.be\/fr\/aviron-de-mer\/","title":{"rendered":"Aviron de mer"},"content":{"rendered":"\n\n\t<p>Aviron de mer<\/p>\n\t<h1>Beach Sprint ou endurance ? Combinez-les pour un plaisir et un d\u00e9fi !<\/h1>\n\t\t\t\t\t\t\t\t<a href=\"#beachsprint\" target=\"_self\" itemprop=\"url\">\n\t\t\t\t\t\t\t\t\t<img decoding=\"async\" src=\"https:\/\/www.rowing.ovh\/wp-content\/uploads\/2025\/07\/beachsprint1.jpg\" alt=\"beachsprint1\" itemprop=\"image\" srcset=\"https:\/\/www.rowing.be\/wp-content\/uploads\/2025\/07\/beachsprint1.jpg 1000w, https:\/\/www.rowing.be\/wp-content\/uploads\/2025\/07\/beachsprint1-300x201.jpg 300w, https:\/\/www.rowing.be\/wp-content\/uploads\/2025\/07\/beachsprint1-768x515.jpg 768w\" sizes=\"(max-width: 1000px) 100vw, 1000px\" title=\"beachsprint1\" onerror=\"this.style.display='none'\"  \/>\n\t\t\t\t\t\t\t\t\t\t\t\t\t<\/a>\n\t<p>Beach Sprint (photo : Worldrowing)<\/p>\n\t\t\t\t\t\t\t\t<a href=\"#endurance\" target=\"_self\" itemprop=\"url\">\n\t\t\t\t\t\t\t\t\t<img decoding=\"async\" src=\"https:\/\/www.rowing.ovh\/wp-content\/uploads\/2025\/07\/endurance.png\" alt=\"endurance\" itemprop=\"image\" srcset=\"https:\/\/www.rowing.be\/wp-content\/uploads\/2025\/07\/endurance.png 758w, https:\/\/www.rowing.be\/wp-content\/uploads\/2025\/07\/endurance-300x198.png 300w\" sizes=\"(max-width: 758px) 100vw, 758px\" title=\"endurance\" onerror=\"this.style.display='none'\"  \/>\n\t\t\t\t\t\t\t\t\t\t\t\t\t<\/a>\n\t<p>Endurance (photo : Worldrowing)<\/p>\n\t<p><strong>Beach Sprint <\/strong><\/p>\n<p>Le <strong>Beach Sprint<\/strong> est une discipline de <strong>l&rsquo;aviron c\u00f4tier<\/strong> qui se d\u00e9roule sur la plage et combine course \u00e0 pied et aviron.<\/p>\n<p>Les athl\u00e8tes courent jusqu&rsquo;\u00e0 leur bateau, suivent un parcours de slalom autour de bou\u00e9es, puis retournent \u00e0 la plage pour sprinter jusqu&rsquo;\u00e0 la ligne d&rsquo;arriv\u00e9e.<\/p>\n<p><strong>Types de bateaux possibles<\/strong> : CM1X, CW1X, CMix2X et CMix4X<\/p>\n<p>Les comp\u00e9titions de sprint sur plage exigent <strong>force, explosivit\u00e9 et ma\u00eetrise des conditions c\u00f4ti\u00e8res.<\/strong><\/p>\n<p><strong>En d\u00e9tails :<\/strong><\/p>\n<strong>D\u00e9part:<\/strong><br \/>\nLes participants commencent par un sprint depuis la plage jusqu&rsquo;\u00e0 leur bateau, qui est maintenu dans l&rsquo;eau par des assistants.\n<strong>Aviron <\/strong>:<br \/>\nIls rament ensuite autour de trois bou\u00e9es sur un parcours de slalom d&rsquo;environ 250 m\u00e8tres, apr\u00e8s quoi ils retournent \u00e0 la plage.\n<strong>Arriv\u00e9e <\/strong>:<br \/>\nLes rameurs sautent de leurs bateaux et effectuent un sprint final sur le sable pour \u00eatre les premiers \u00e0 atteindre la ligne d&rsquo;arriv\u00e9e.\n<p><img loading=\"lazy\" decoding=\"async\" src=\"https:\/\/www.rowing.ovh\/wp-content\/uploads\/2025\/07\/Capture-decran-2025-07-19-a-11.40.34-300x292.png\" alt=\"\" width=\"444\" height=\"433\"\/><\/p>\nLe B<strong>each Sprint<\/strong> est une <strong>discipline dynamique et spectaculaire<\/strong>, inscrite au programme des <strong>Jeux olympiques de Los Angeles 2028<\/strong>.<br \/>\nLes Championnats du monde de sprint sur plage, tout comme les <strong>World Rowing Beach Sprint Finals<\/strong>, attirent de nombreux participants et constituent un \u00e9v\u00e9nement majeur pour les passionn\u00e9s de ce sport.\n\t\t\t\t\t\t\t\t\t<img decoding=\"async\" src=\"https:\/\/www.rowing.be\/wp-content\/uploads\/bb-plugin\/cache\/beachsprint1-landscape.jpg\" alt=\"beachsprint1\" itemprop=\"image\" title=\"beachsprint1\" onerror=\"this.style.display='none'\"  \/>\n\t\t\t\t\t\t\t\t\t<img decoding=\"async\" src=\"https:\/\/www.rowing.be\/wp-content\/uploads\/bb-plugin\/cache\/beachsprint2-landscape.jpg\" alt=\"beachsprint2\" itemprop=\"image\" title=\"beachsprint2\" onerror=\"this.style.display='none'\"  \/>\n\t<p><strong>ENDURANCE<\/strong><\/p>\n<p><strong>Aviron c\u00f4tier : une course d&rsquo;endurance<\/strong><\/p>\n<p>L&rsquo;aviron de mer est une discipline d&rsquo;aviron pratiqu\u00e9e en mer ou sur de grands lacs, \u00e0 bord d&#8217;embarcations sp\u00e9cialement con\u00e7ues pour r\u00e9sister aux conditions difficiles. Les Championnats du monde d&rsquo;aviron de mer comprennent des <strong>courses d&rsquo;endurance<\/strong> et des <strong>Beach Sprints<\/strong>.<\/p>\n<p>Les courses d&rsquo;endurance se d\u00e9roulent sur des distances de <strong>4 000 \u00e0 6 000 m\u00e8tres<\/strong> avec virages et testent <strong>l&rsquo;endurance<\/strong>, les <strong>capacit\u00e9s de navigation<\/strong> et <strong>l&rsquo;adaptabilit\u00e9 <\/strong>des athl\u00e8tes.<\/p>\n<p>Formats de comp\u00e9tition :<\/p>\n<strong>\u00c9preuves d&rsquo;endurance<\/strong> : g\u00e9n\u00e9ralement entre 4000 et 6000 m\u00e8tres, avec plusieurs virages.<br \/>\n<strong>D\u00e9parts <\/strong>: de la plage ou directement en mer<br \/>\n<strong>Arriv\u00e9es :<\/strong> soit en franchissant une ligne d&rsquo;arriv\u00e9e en mer, soit en atterrissant sur la plage et en faisant courir un membre de l&rsquo;\u00e9quipe jusqu&rsquo;\u00e0 la ligne d&rsquo;arriv\u00e9e.\n<p>Bateaux :<\/p>\nTypes de bateaux possibles :<br \/>\n<strong>CM1x, CW1x, CM2x, CW2x, CM4x+, CW4x+ en CMix2x<\/strong><br \/>\nLes bateaux sont con\u00e7us pour <strong>la stabilit\u00e9 et la r\u00e9sistanc<\/strong>e dans les eaux agit\u00e9es.\n<p>Principales caract\u00e9ristiques :<\/p>\n<p>Cette discipline allie <strong>endurance, technique<\/strong> et <strong>navigation<\/strong>, avec des conditions en constante \u00e9volution qui en font un v\u00e9ritable d\u00e9fi.<\/p>\n\t\t\t\t\t\t\t\t\t<img decoding=\"async\" src=\"https:\/\/www.rowing.ovh\/wp-content\/uploads\/2025\/07\/endurance.png\" alt=\"endurance\" itemprop=\"image\" srcset=\"https:\/\/www.rowing.be\/wp-content\/uploads\/2025\/07\/endurance.png 758w, https:\/\/www.rowing.be\/wp-content\/uploads\/2025\/07\/endurance-300x198.png 300w\" sizes=\"(max-width: 758px) 100vw, 758px\" title=\"endurance\" onerror=\"this.style.display='none'\"  \/>\n\t\t\t\t\t\t\t\t\t<img decoding=\"async\" src=\"https:\/\/www.rowing.ovh\/wp-content\/uploads\/2025\/07\/endurance2.png\" alt=\"endurance2\" itemprop=\"image\" srcset=\"https:\/\/www.rowing.be\/wp-content\/uploads\/2025\/07\/endurance2.png 758w, https:\/\/www.rowing.be\/wp-content\/uploads\/2025\/07\/endurance2-300x201.png 300w\" sizes=\"(max-width: 758px) 100vw, 758px\" title=\"endurance2\" onerror=\"this.style.display='none'\"  \/>\n\n","protected":false},"excerpt":{"rendered":"<p>Aviron de mer Beach Sprint ou endurance ? Combinez-les pour un plaisir et un d\u00e9fi ! Beach Sprint (photo : Worldrowing) Endurance (photo : Worldrowing) Beach Sprint Le Beach Sprint est une discipline de l&rsquo;aviron c\u00f4tier qui se d\u00e9roule sur la plage et combine course \u00e0 pied et aviron. Les athl\u00e8tes courent jusqu&rsquo;\u00e0 leur bateau,&hellip;<\/p>\n","protected":false},"author":2,"featured_media":0,"parent":0,"menu_order":0,"comment_status":"closed","ping_status":"closed","template":"","meta":{"footnotes":""},"class_list":["post-1656","page","type-page","status-publish","hentry"],"yoast_head":"<!-- This site is optimized with the Yoast SEO plugin v26.8 - https:\/\/yoast.com\/product\/yoast-seo-wordpress\/ -->\n<title>Aviron de mer - K.B.R. Roeien - F.R.B.A. Aviron<\/title>\n<meta name=\"robots\" content=\"index, follow, max-snippet:-1, max-image-preview:large, max-video-preview:-1\" \/>\n<link rel=\"canonical\" href=\"https:\/\/www.rowing.be\/fr\/aviron-de-mer\/\" \/>\n<meta property=\"og:locale\" content=\"fr_FR\" \/>\n<meta property=\"og:type\" content=\"article\" \/>\n<meta property=\"og:title\" content=\"Aviron de mer - K.B.R. Roeien - F.R.B.A. Aviron\" \/>\n<meta property=\"og:description\" content=\"Aviron de mer Beach Sprint ou endurance ? Combinez-les pour un plaisir et un d\u00e9fi ! Beach Sprint (photo : Worldrowing) Endurance (photo : Worldrowing) Beach Sprint Le Beach Sprint est une discipline de l&rsquo;aviron c\u00f4tier qui se d\u00e9roule sur la plage et combine course \u00e0 pied et aviron. Les athl\u00e8tes courent jusqu&rsquo;\u00e0 leur bateau,&hellip;\" \/>\n<meta property=\"og:url\" content=\"https:\/\/www.rowing.be\/fr\/aviron-de-mer\/\" \/>\n<meta property=\"og:site_name\" content=\"K.B.R. Roeien - F.R.B.A. Aviron\" \/>\n<meta property=\"article:modified_time\" content=\"2025-08-18T09:23:39+00:00\" \/>\n<meta property=\"og:image\" content=\"https:\/\/www.rowing.ovh\/wp-content\/uploads\/2025\/07\/beachsprint1.jpg\" \/>\n<meta name=\"twitter:card\" content=\"summary_large_image\" \/>\n<meta name=\"twitter:label1\" content=\"Dur\u00e9e de lecture estim\u00e9e\" \/>\n\t<meta name=\"twitter:data1\" content=\"2 minutes\" \/>\n<script type=\"application\/ld+json\" class=\"yoast-schema-graph\">{\"@context\":\"https:\/\/schema.org\",\"@graph\":[{\"@type\":\"WebPage\",\"@id\":\"https:\/\/www.rowing.be\/fr\/aviron-de-mer\/\",\"url\":\"https:\/\/www.rowing.be\/fr\/aviron-de-mer\/\",\"name\":\"Aviron de mer - K.B.R. Roeien - F.R.B.A. Aviron\",\"isPartOf\":{\"@id\":\"https:\/\/www.rowing.be\/fr\/#website\"},\"primaryImageOfPage\":{\"@id\":\"https:\/\/www.rowing.be\/fr\/aviron-de-mer\/#primaryimage\"},\"image\":{\"@id\":\"https:\/\/www.rowing.be\/fr\/aviron-de-mer\/#primaryimage\"},\"thumbnailUrl\":\"https:\/\/www.rowing.ovh\/wp-content\/uploads\/2025\/07\/beachsprint1.jpg\",\"datePublished\":\"2025-07-19T09:52:27+00:00\",\"dateModified\":\"2025-08-18T09:23:39+00:00\",\"breadcrumb\":{\"@id\":\"https:\/\/www.rowing.be\/fr\/aviron-de-mer\/#breadcrumb\"},\"inLanguage\":\"fr-FR\",\"potentialAction\":[{\"@type\":\"ReadAction\",\"target\":[\"https:\/\/www.rowing.be\/fr\/aviron-de-mer\/\"]}]},{\"@type\":\"ImageObject\",\"inLanguage\":\"fr-FR\",\"@id\":\"https:\/\/www.rowing.be\/fr\/aviron-de-mer\/#primaryimage\",\"url\":\"https:\/\/www.rowing.ovh\/wp-content\/uploads\/2025\/07\/beachsprint1.jpg\",\"contentUrl\":\"https:\/\/www.rowing.ovh\/wp-content\/uploads\/2025\/07\/beachsprint1.jpg\"},{\"@type\":\"BreadcrumbList\",\"@id\":\"https:\/\/www.rowing.be\/fr\/aviron-de-mer\/#breadcrumb\",\"itemListElement\":[{\"@type\":\"ListItem\",\"position\":1,\"name\":\"Accueil\",\"item\":\"https:\/\/www.rowing.be\/fr\/\"},{\"@type\":\"ListItem\",\"position\":2,\"name\":\"Aviron de mer\"}]},{\"@type\":\"WebSite\",\"@id\":\"https:\/\/www.rowing.be\/fr\/#website\",\"url\":\"https:\/\/www.rowing.be\/fr\/\",\"name\":\"K.B.R. Roeien - F.R.B.A. Aviron\",\"description\":\"Welcome to rowing.be \u2013 Join the crew, feel the rhythm.\",\"potentialAction\":[{\"@type\":\"SearchAction\",\"target\":{\"@type\":\"EntryPoint\",\"urlTemplate\":\"https:\/\/www.rowing.be\/fr\/?s={search_term_string}\"},\"query-input\":{\"@type\":\"PropertyValueSpecification\",\"valueRequired\":true,\"valueName\":\"search_term_string\"}}],\"inLanguage\":\"fr-FR\"}]}<\/script>\n<!-- \/ Yoast SEO plugin. -->","yoast_head_json":{"title":"Aviron de mer - K.B.R. Roeien - F.R.B.A. Aviron","robots":{"index":"index","follow":"follow","max-snippet":"max-snippet:-1","max-image-preview":"max-image-preview:large","max-video-preview":"max-video-preview:-1"},"canonical":"https:\/\/www.rowing.be\/fr\/aviron-de-mer\/","og_locale":"fr_FR","og_type":"article","og_title":"Aviron de mer - K.B.R. Roeien - F.R.B.A. Aviron","og_description":"Aviron de mer Beach Sprint ou endurance ? Combinez-les pour un plaisir et un d\u00e9fi ! Beach Sprint (photo : Worldrowing) Endurance (photo : Worldrowing) Beach Sprint Le Beach Sprint est une discipline de l&rsquo;aviron c\u00f4tier qui se d\u00e9roule sur la plage et combine course \u00e0 pied et aviron. Les athl\u00e8tes courent jusqu&rsquo;\u00e0 leur bateau,&hellip;","og_url":"https:\/\/www.rowing.be\/fr\/aviron-de-mer\/","og_site_name":"K.B.R. Roeien - F.R.B.A. Aviron","article_modified_time":"2025-08-18T09:23:39+00:00","og_image":[{"url":"https:\/\/www.rowing.ovh\/wp-content\/uploads\/2025\/07\/beachsprint1.jpg","type":"","width":"","height":""}],"twitter_card":"summary_large_image","twitter_misc":{"Dur\u00e9e de lecture estim\u00e9e":"2 minutes"},"schema":{"@context":"https:\/\/schema.org","@graph":[{"@type":"WebPage","@id":"https:\/\/www.rowing.be\/fr\/aviron-de-mer\/","url":"https:\/\/www.rowing.be\/fr\/aviron-de-mer\/","name":"Aviron de mer - K.B.R. Roeien - F.R.B.A. Aviron","isPartOf":{"@id":"https:\/\/www.rowing.be\/fr\/#website"},"primaryImageOfPage":{"@id":"https:\/\/www.rowing.be\/fr\/aviron-de-mer\/#primaryimage"},"image":{"@id":"https:\/\/www.rowing.be\/fr\/aviron-de-mer\/#primaryimage"},"thumbnailUrl":"https:\/\/www.rowing.ovh\/wp-content\/uploads\/2025\/07\/beachsprint1.jpg","datePublished":"2025-07-19T09:52:27+00:00","dateModified":"2025-08-18T09:23:39+00:00","breadcrumb":{"@id":"https:\/\/www.rowing.be\/fr\/aviron-de-mer\/#breadcrumb"},"inLanguage":"fr-FR","potentialAction":[{"@type":"ReadAction","target":["https:\/\/www.rowing.be\/fr\/aviron-de-mer\/"]}]},{"@type":"ImageObject","inLanguage":"fr-FR","@id":"https:\/\/www.rowing.be\/fr\/aviron-de-mer\/#primaryimage","url":"https:\/\/www.rowing.ovh\/wp-content\/uploads\/2025\/07\/beachsprint1.jpg","contentUrl":"https:\/\/www.rowing.ovh\/wp-content\/uploads\/2025\/07\/beachsprint1.jpg"},{"@type":"BreadcrumbList","@id":"https:\/\/www.rowing.be\/fr\/aviron-de-mer\/#breadcrumb","itemListElement":[{"@type":"ListItem","position":1,"name":"Accueil","item":"https:\/\/www.rowing.be\/fr\/"},{"@type":"ListItem","position":2,"name":"Aviron de mer"}]},{"@type":"WebSite","@id":"https:\/\/www.rowing.be\/fr\/#website","url":"https:\/\/www.rowing.be\/fr\/","name":"K.B.R. Roeien - F.R.B.A. Aviron","description":"Welcome to rowing.be \u2013 Join the crew, feel the rhythm.","potentialAction":[{"@type":"SearchAction","target":{"@type":"EntryPoint","urlTemplate":"https:\/\/www.rowing.be\/fr\/?s={search_term_string}"},"query-input":{"@type":"PropertyValueSpecification","valueRequired":true,"valueName":"search_term_string"}}],"inLanguage":"fr-FR"}]}},"_links":{"self":[{"href":"https:\/\/www.rowing.be\/fr\/wp-json\/wp\/v2\/pages\/1656","targetHints":{"allow":["GET"]}}],"collection":[{"href":"https:\/\/www.rowing.be\/fr\/wp-json\/wp\/v2\/pages"}],"about":[{"href":"https:\/\/www.rowing.be\/fr\/wp-json\/wp\/v2\/types\/page"}],"author":[{"embeddable":true,"href":"https:\/\/www.rowing.be\/fr\/wp-json\/wp\/v2\/users\/2"}],"replies":[{"embeddable":true,"href":"https:\/\/www.rowing.be\/fr\/wp-json\/wp\/v2\/comments?post=1656"}],"version-history":[{"count":2,"href":"https:\/\/www.rowing.be\/fr\/wp-json\/wp\/v2\/pages\/1656\/revisions"}],"predecessor-version":[{"id":1936,"href":"https:\/\/www.rowing.be\/fr\/wp-json\/wp\/v2\/pages\/1656\/revisions\/1936"}],"wp:attachment":[{"href":"https:\/\/www.rowing.be\/fr\/wp-json\/wp\/v2\/media?parent=1656"}],"curies":[{"name":"wp","href":"https:\/\/api.w.org\/{rel}","templated":true}]}}