{"id":140,"date":"2025-03-28T17:28:23","date_gmt":"2025-03-28T16:28:23","guid":{"rendered":"https:\/\/www.rowing.ovh\/?page_id=140"},"modified":"2025-08-25T10:19:19","modified_gmt":"2025-08-25T08:19:19","slug":"conseil-dadministration","status":"publish","type":"page","link":"https:\/\/www.rowing.be\/fr\/conseil-dadministration\/","title":{"rendered":"Conseil d&rsquo;administration"},"content":{"rendered":"\n\n\t<p>KBR \/ FRBA<\/p>\n\n\t\t\t\t\t\t\t\t\t<img decoding=\"async\" src=\"https:\/\/www.rowing.be\/wp-content\/uploads\/bb-plugin\/cache\/jmr-square.jpeg\" alt=\"jmr\" itemprop=\"image\" title=\"jmr\" onerror=\"this.style.display='none'\"  \/>\n\t<p>Pr\u00e9sident<\/p>\n\t<p>Jean-Marie RIGO<\/p>\n\t<a href=\"mailto:jmr@jmrigo.be\">jmr@jmrigo.be<\/a><br \/>\n<a href=\"tel:0032475723499\">+32 475 72 34 99<\/a>\n\t\t\t\t\t\t\t\t\t<img decoding=\"async\" src=\"https:\/\/www.rowing.be\/wp-content\/uploads\/bb-plugin\/cache\/Gwenda-square.jpeg\" alt=\"Gwenda\" itemprop=\"image\" title=\"Gwenda\" onerror=\"this.style.display='none'\"  \/>\n\tVice-Pr\u00e9sidente<br \/>\nRelations internationales\n\t<p>Gwenda Stevens<\/p>\n\t<a href=\"mailto:gwenda.stevens@rowing.be\">gwenda.stevens@rowing.be<\/a><br \/>\n<a href=\"tel:0032497734978\">+32 497 73 49 78<\/a>\n\t\t\t\t\t\t\t\t\t<img decoding=\"async\" src=\"https:\/\/www.rowing.be\/wp-content\/uploads\/bb-plugin\/cache\/charles-219x300-square.png\" alt=\"charles\" itemprop=\"image\" title=\"charles\" onerror=\"this.style.display='none'\"  \/>\n\t<p>Secr\u00e9taire g\u00e9n\u00e9ral<\/p>\n\t<p>Charles Dallemagne<\/p>\n\t<a href=\"mailto:secretary@rowing.be\">secretary@rowing.be<\/a><br \/>\n<a href=\"tel:003224262026\">02 426 20 26<\/a>\n\t\t\t\t\t\t\t\t\t<img decoding=\"async\" src=\"https:\/\/www.rowing.be\/wp-content\/uploads\/bb-plugin\/cache\/lea-square.png\" alt=\"lea\" itemprop=\"image\" title=\"lea\" onerror=\"this.style.display='none'\"  \/>\n\t<p>Secr\u00e9taire adjointe<\/p>\n\t<p>Lea Cappoen<\/p>\n\t<p><a href=\"mailto:secretary@rowing.be\">secretary@rowing.be<\/a><\/p>\n\t\t\t\t\t\t\t\t\t<img decoding=\"async\" src=\"https:\/\/www.rowing.be\/wp-content\/uploads\/bb-plugin\/cache\/michel-square.jpeg\" alt=\"michel\" itemprop=\"image\" title=\"michel\" onerror=\"this.style.display='none'\"  \/>\n\t<p>Tr\u00e9sorier<\/p>\n\t<p>Michel Ricard<\/p>\n\t<a href=\"mailto:michel.ricard@hotmail.com\">michel.ricard@hotmail.com<\/a><br \/>\n<a href=\"tel:003278310546\">+32 478 31 05 46<\/a>\n\t\t\t\t\t\t\t\t\t<img decoding=\"async\" src=\"https:\/\/www.rowing.be\/wp-content\/uploads\/bb-plugin\/cache\/gene-square.jpeg\" alt=\"gene\" itemprop=\"image\" title=\"gene\" onerror=\"this.style.display='none'\"  \/>\n\t<p>Administratrice<\/p>\n\t<p>Dr Genevi\u00e8ve SIMENON<\/p>\n\t<p><a href=\"mailto:simgen2002@hotmail.com\">simgen2002@hotmail.com<\/a><\/p>\n\t\t\t\t\t\t\t\t\t<img decoding=\"async\" src=\"https:\/\/www.rowing.be\/wp-content\/uploads\/bb-plugin\/cache\/annelies-square.jpg\" alt=\"annelies\" itemprop=\"image\" title=\"annelies\" onerror=\"this.style.display='none'\"  \/>\n\t<p>Administratrice<\/p>\n\t<p>Annelies Bredael<\/p>\n\t<p><a href=\"mailto:annelies27@bredael.be\">annelies27@bredael.be<\/a><\/p>\n<p>&nbsp;<\/p>\n\t\t\t\t\t\t\t\t\t<img decoding=\"async\" src=\"https:\/\/www.rowing.be\/wp-content\/uploads\/bb-plugin\/cache\/pascal-1-square.jpeg\" alt=\"pascal\" itemprop=\"image\" title=\"pascal\" onerror=\"this.style.display='none'\"  \/>\n\t<p>Marketing &amp; Communication<\/p>\n\t<p>pascal simon<\/p>\n\t<p><a href=\"mailto:pascal@belgiumrowing.be\">pascal@belgiumrowing.be<\/a><\/p>\n\n","protected":false},"excerpt":{"rendered":"<p>KBR \/ FRBA Pr\u00e9sident Jean-Marie RIGO jmr@jmrigo.be +32 475 72 34 99 Vice-Pr\u00e9sidente Relations internationales Gwenda Stevens gwenda.stevens@rowing.be +32 497 73 49 78 Secr\u00e9taire g\u00e9n\u00e9ral Charles Dallemagne secretary@rowing.be 02 426 20 26 Secr\u00e9taire adjointe Lea Cappoen secretary@rowing.be Tr\u00e9sorier Michel Ricard michel.ricard@hotmail.com +32 478 31 05 46 Administratrice Dr Genevi\u00e8ve SIMENON simgen2002@hotmail.com Administratrice Annelies Bredael annelies27@bredael.be&hellip;<\/p>\n","protected":false},"author":1,"featured_media":0,"parent":0,"menu_order":0,"comment_status":"closed","ping_status":"closed","template":"","meta":{"footnotes":""},"class_list":["post-140","page","type-page","status-publish","hentry"],"yoast_head":"<!-- This site is optimized with the Yoast SEO plugin v26.8 - https:\/\/yoast.com\/product\/yoast-seo-wordpress\/ -->\n<title>Conseil d&#039;administration - K.B.R. Roeien - F.R.B.A. Aviron<\/title>\n<meta name=\"robots\" content=\"index, follow, max-snippet:-1, max-image-preview:large, max-video-preview:-1\" \/>\n<link rel=\"canonical\" href=\"https:\/\/www.rowing.be\/fr\/conseil-dadministration\/\" \/>\n<meta property=\"og:locale\" content=\"fr_FR\" \/>\n<meta property=\"og:type\" content=\"article\" \/>\n<meta property=\"og:title\" content=\"Conseil d&#039;administration - K.B.R. Roeien - F.R.B.A. Aviron\" \/>\n<meta property=\"og:description\" content=\"KBR \/ FRBA Pr\u00e9sident Jean-Marie RIGO jmr@jmrigo.be +32 475 72 34 99 Vice-Pr\u00e9sidente Relations internationales Gwenda Stevens gwenda.stevens@rowing.be +32 497 73 49 78 Secr\u00e9taire g\u00e9n\u00e9ral Charles Dallemagne secretary@rowing.be 02 426 20 26 Secr\u00e9taire adjointe Lea Cappoen secretary@rowing.be Tr\u00e9sorier Michel Ricard michel.ricard@hotmail.com +32 478 31 05 46 Administratrice Dr Genevi\u00e8ve SIMENON simgen2002@hotmail.com Administratrice Annelies Bredael annelies27@bredael.be&hellip;\" \/>\n<meta property=\"og:url\" content=\"https:\/\/www.rowing.be\/fr\/conseil-dadministration\/\" \/>\n<meta property=\"og:site_name\" content=\"K.B.R. Roeien - F.R.B.A. Aviron\" \/>\n<meta property=\"article:modified_time\" content=\"2025-08-25T08:19:19+00:00\" \/>\n<meta property=\"og:image\" content=\"https:\/\/www.rowing.be\/wp-content\/uploads\/bb-plugin\/cache\/jmr-square.jpeg\" \/>\n<meta name=\"twitter:card\" content=\"summary_large_image\" \/>\n<meta name=\"twitter:label1\" content=\"Dur\u00e9e de lecture estim\u00e9e\" \/>\n\t<meta name=\"twitter:data1\" content=\"2 minutes\" \/>\n<script type=\"application\/ld+json\" class=\"yoast-schema-graph\">{\"@context\":\"https:\/\/schema.org\",\"@graph\":[{\"@type\":\"WebPage\",\"@id\":\"https:\/\/www.rowing.be\/fr\/conseil-dadministration\/\",\"url\":\"https:\/\/www.rowing.be\/fr\/conseil-dadministration\/\",\"name\":\"Conseil d'administration - K.B.R. Roeien - F.R.B.A. Aviron\",\"isPartOf\":{\"@id\":\"https:\/\/www.rowing.be\/fr\/#website\"},\"primaryImageOfPage\":{\"@id\":\"https:\/\/www.rowing.be\/fr\/conseil-dadministration\/#primaryimage\"},\"image\":{\"@id\":\"https:\/\/www.rowing.be\/fr\/conseil-dadministration\/#primaryimage\"},\"thumbnailUrl\":\"https:\/\/www.rowing.be\/wp-content\/uploads\/bb-plugin\/cache\/jmr-square.jpeg\",\"datePublished\":\"2025-03-28T16:28:23+00:00\",\"dateModified\":\"2025-08-25T08:19:19+00:00\",\"breadcrumb\":{\"@id\":\"https:\/\/www.rowing.be\/fr\/conseil-dadministration\/#breadcrumb\"},\"inLanguage\":\"fr-FR\",\"potentialAction\":[{\"@type\":\"ReadAction\",\"target\":[\"https:\/\/www.rowing.be\/fr\/conseil-dadministration\/\"]}]},{\"@type\":\"ImageObject\",\"inLanguage\":\"fr-FR\",\"@id\":\"https:\/\/www.rowing.be\/fr\/conseil-dadministration\/#primaryimage\",\"url\":\"https:\/\/www.rowing.be\/wp-content\/uploads\/bb-plugin\/cache\/jmr-square.jpeg\",\"contentUrl\":\"https:\/\/www.rowing.be\/wp-content\/uploads\/bb-plugin\/cache\/jmr-square.jpeg\"},{\"@type\":\"BreadcrumbList\",\"@id\":\"https:\/\/www.rowing.be\/fr\/conseil-dadministration\/#breadcrumb\",\"itemListElement\":[{\"@type\":\"ListItem\",\"position\":1,\"name\":\"Accueil\",\"item\":\"https:\/\/www.rowing.be\/fr\/\"},{\"@type\":\"ListItem\",\"position\":2,\"name\":\"Conseil d&rsquo;administration\"}]},{\"@type\":\"WebSite\",\"@id\":\"https:\/\/www.rowing.be\/fr\/#website\",\"url\":\"https:\/\/www.rowing.be\/fr\/\",\"name\":\"K.B.R. Roeien - F.R.B.A. Aviron\",\"description\":\"Welcome to rowing.be \u2013 Join the crew, feel the rhythm.\",\"potentialAction\":[{\"@type\":\"SearchAction\",\"target\":{\"@type\":\"EntryPoint\",\"urlTemplate\":\"https:\/\/www.rowing.be\/fr\/?s={search_term_string}\"},\"query-input\":{\"@type\":\"PropertyValueSpecification\",\"valueRequired\":true,\"valueName\":\"search_term_string\"}}],\"inLanguage\":\"fr-FR\"}]}<\/script>\n<!-- \/ Yoast SEO plugin. -->","yoast_head_json":{"title":"Conseil d'administration - K.B.R. Roeien - F.R.B.A. Aviron","robots":{"index":"index","follow":"follow","max-snippet":"max-snippet:-1","max-image-preview":"max-image-preview:large","max-video-preview":"max-video-preview:-1"},"canonical":"https:\/\/www.rowing.be\/fr\/conseil-dadministration\/","og_locale":"fr_FR","og_type":"article","og_title":"Conseil d'administration - K.B.R. Roeien - F.R.B.A. Aviron","og_description":"KBR \/ FRBA Pr\u00e9sident Jean-Marie RIGO jmr@jmrigo.be +32 475 72 34 99 Vice-Pr\u00e9sidente Relations internationales Gwenda Stevens gwenda.stevens@rowing.be +32 497 73 49 78 Secr\u00e9taire g\u00e9n\u00e9ral Charles Dallemagne secretary@rowing.be 02 426 20 26 Secr\u00e9taire adjointe Lea Cappoen secretary@rowing.be Tr\u00e9sorier Michel Ricard michel.ricard@hotmail.com +32 478 31 05 46 Administratrice Dr Genevi\u00e8ve SIMENON simgen2002@hotmail.com Administratrice Annelies Bredael annelies27@bredael.be&hellip;","og_url":"https:\/\/www.rowing.be\/fr\/conseil-dadministration\/","og_site_name":"K.B.R. Roeien - F.R.B.A. Aviron","article_modified_time":"2025-08-25T08:19:19+00:00","og_image":[{"url":"https:\/\/www.rowing.be\/wp-content\/uploads\/bb-plugin\/cache\/jmr-square.jpeg","type":"","width":"","height":""}],"twitter_card":"summary_large_image","twitter_misc":{"Dur\u00e9e de lecture estim\u00e9e":"2 minutes"},"schema":{"@context":"https:\/\/schema.org","@graph":[{"@type":"WebPage","@id":"https:\/\/www.rowing.be\/fr\/conseil-dadministration\/","url":"https:\/\/www.rowing.be\/fr\/conseil-dadministration\/","name":"Conseil d'administration - K.B.R. Roeien - F.R.B.A. Aviron","isPartOf":{"@id":"https:\/\/www.rowing.be\/fr\/#website"},"primaryImageOfPage":{"@id":"https:\/\/www.rowing.be\/fr\/conseil-dadministration\/#primaryimage"},"image":{"@id":"https:\/\/www.rowing.be\/fr\/conseil-dadministration\/#primaryimage"},"thumbnailUrl":"https:\/\/www.rowing.be\/wp-content\/uploads\/bb-plugin\/cache\/jmr-square.jpeg","datePublished":"2025-03-28T16:28:23+00:00","dateModified":"2025-08-25T08:19:19+00:00","breadcrumb":{"@id":"https:\/\/www.rowing.be\/fr\/conseil-dadministration\/#breadcrumb"},"inLanguage":"fr-FR","potentialAction":[{"@type":"ReadAction","target":["https:\/\/www.rowing.be\/fr\/conseil-dadministration\/"]}]},{"@type":"ImageObject","inLanguage":"fr-FR","@id":"https:\/\/www.rowing.be\/fr\/conseil-dadministration\/#primaryimage","url":"https:\/\/www.rowing.be\/wp-content\/uploads\/bb-plugin\/cache\/jmr-square.jpeg","contentUrl":"https:\/\/www.rowing.be\/wp-content\/uploads\/bb-plugin\/cache\/jmr-square.jpeg"},{"@type":"BreadcrumbList","@id":"https:\/\/www.rowing.be\/fr\/conseil-dadministration\/#breadcrumb","itemListElement":[{"@type":"ListItem","position":1,"name":"Accueil","item":"https:\/\/www.rowing.be\/fr\/"},{"@type":"ListItem","position":2,"name":"Conseil d&rsquo;administration"}]},{"@type":"WebSite","@id":"https:\/\/www.rowing.be\/fr\/#website","url":"https:\/\/www.rowing.be\/fr\/","name":"K.B.R. Roeien - F.R.B.A. Aviron","description":"Welcome to rowing.be \u2013 Join the crew, feel the rhythm.","potentialAction":[{"@type":"SearchAction","target":{"@type":"EntryPoint","urlTemplate":"https:\/\/www.rowing.be\/fr\/?s={search_term_string}"},"query-input":{"@type":"PropertyValueSpecification","valueRequired":true,"valueName":"search_term_string"}}],"inLanguage":"fr-FR"}]}},"_links":{"self":[{"href":"https:\/\/www.rowing.be\/fr\/wp-json\/wp\/v2\/pages\/140","targetHints":{"allow":["GET"]}}],"collection":[{"href":"https:\/\/www.rowing.be\/fr\/wp-json\/wp\/v2\/pages"}],"about":[{"href":"https:\/\/www.rowing.be\/fr\/wp-json\/wp\/v2\/types\/page"}],"author":[{"embeddable":true,"href":"https:\/\/www.rowing.be\/fr\/wp-json\/wp\/v2\/users\/1"}],"replies":[{"embeddable":true,"href":"https:\/\/www.rowing.be\/fr\/wp-json\/wp\/v2\/comments?post=140"}],"version-history":[{"count":25,"href":"https:\/\/www.rowing.be\/fr\/wp-json\/wp\/v2\/pages\/140\/revisions"}],"predecessor-version":[{"id":1975,"href":"https:\/\/www.rowing.be\/fr\/wp-json\/wp\/v2\/pages\/140\/revisions\/1975"}],"wp:attachment":[{"href":"https:\/\/www.rowing.be\/fr\/wp-json\/wp\/v2\/media?parent=140"}],"curies":[{"name":"wp","href":"https:\/\/api.w.org\/{rel}","templated":true}]}}