{"id":1070,"date":"2025-07-07T14:57:32","date_gmt":"2025-07-07T12:57:32","guid":{"rendered":"https:\/\/www.rowing.ovh\/nrf\/"},"modified":"2026-03-10T11:03:24","modified_gmt":"2026-03-10T10:03:24","slug":"nrf","status":"publish","type":"page","link":"https:\/\/www.rowing.be\/fr\/nrf\/","title":{"rendered":"NRF"},"content":{"rendered":"\n\n\t<p>NRF<\/p>\n\t<h1>National Rowing Family<\/h1>\n\t<p><strong>La NRF a \u00e9t\u00e9 fond\u00e9e en 1998 et vise \u00e0 rassembler les ressources n\u00e9cessaires pour soutenir le sport de l&rsquo;aviron, en particulier le d\u00e9veloppement de l&rsquo;aviron pour les jeunes. <\/strong><\/p>\nElle fonctionne ind\u00e9pendamment de la F\u00e9d\u00e9ration Nationale d&rsquo;Aviron, des ligues r\u00e9gionales et des clubs d&rsquo;aviron. Des projets peuvent \u00eatre soumis chaque ann\u00e9e par la FRBA, les ligues r\u00e9gionales, les clubs d&rsquo;aviron ou les membres. Apr\u00e8s \u00e9valuation, l&rsquo;Assembl\u00e9e G\u00e9n\u00e9rale, sur recommandation du Conseil d&rsquo;Administration, s\u00e9lectionne un certain nombre de projets b\u00e9n\u00e9ficiant d&rsquo;un soutien financier. Ce soutien permet d&rsquo;all\u00e9ger les co\u00fbts support\u00e9s par les athl\u00e8tes eux-m\u00eames ou leurs clubs.<br \/>\nLa <em>National Rowing Family<\/em> regroupe toutes les personnes et organisations qui \u0153uvrent ensemble au d\u00e9veloppement de l&rsquo;aviron en Belgique. Elle comprend la F\u00e9d\u00e9ration Belge d&rsquo;Aviron (FRBA), la Ligue Flamande d&rsquo;Aviron (VRL), la Ligue Francophone d&rsquo;Aviron (LFA), les clubs d&rsquo;aviron, les entra\u00eeneurs, les athl\u00e8tes, les officiels, les b\u00e9n\u00e9voles et les supporters.\nCette collaboration favorise la solidarit\u00e9 entre les diff\u00e9rents acteurs sportifs et associatifs du pays. Tous contribuent, du club local qui forme les jeunes aux entra\u00eeneurs de l&rsquo;\u00e9quipe nationale. Ils sont unis par des valeurs communes telles que la passion, l&rsquo;engagement, l&rsquo;excellence, le respect et l&rsquo;esprit d&rsquo;\u00e9quipe.<br \/>\n\u00c0 travers les projets soumis, la famille de l&rsquo;aviron collabore sur :\n<ul>\n<li><strong>d\u00e9velopper l&rsquo;aviron<\/strong> pour petits et grands, du loisir au sport de haut niveau ;<\/li>\n<li><strong>soutenir les talents et la performance<\/strong> au niveau international ;<\/li>\n<li>offrir une <strong>formation de qualit\u00e9<\/strong> aux entra\u00eeneurs, aux officiels et aux administrateurs;<\/li>\n<li><strong>organiser des comp\u00e9titions<\/strong> \u00e0 tous les niveaux.<\/li>\n<\/ul>\n<p>La <em>National Rowing Family<\/em> partage une ambition commune : rendre l&rsquo;aviron accessible \u00e0 tous en Belgique, en mettant l&rsquo;accent sur la durabilit\u00e9 et la performance sportive. Gr\u00e2ce \u00e0 cette collaboration unique, le monde de l&rsquo;aviron belge devient une communaut\u00e9 forte, inclusive et avant-gardiste.<\/p>\n\t\t\t\t\t\t\t\t\t<img decoding=\"async\" src=\"https:\/\/www.rowing.be\/wp-content\/uploads\/bb-plugin\/cache\/Capture-decran-2025-04-20-a-15.01.39-978x1024-1-square.png\" alt=\"Capture-decran-2025-04-20-a-15.01.39-978x1024\" itemprop=\"image\" title=\"Capture-decran-2025-04-20-a-15.01.39-978x1024\" onerror=\"this.style.display='none'\"  \/>\n\t\t\t\t\t\t\t\t\t<img decoding=\"async\" src=\"https:\/\/www.rowing.ovh\/wp-content\/uploads\/2025\/07\/Roll-up_NRF_aviron_200x85cm_2-435x1024-1.jpg\" alt=\"Roll-up_NRF_aviron_200x85cm_2-435x1024\" itemprop=\"image\" srcset=\"https:\/\/www.rowing.be\/wp-content\/uploads\/2025\/07\/Roll-up_NRF_aviron_200x85cm_2-435x1024-1.jpg 435w, https:\/\/www.rowing.be\/wp-content\/uploads\/2025\/07\/Roll-up_NRF_aviron_200x85cm_2-435x1024-1-127x300.jpg 127w\" sizes=\"(max-width: 435px) 100vw, 435px\" title=\"Roll-up_NRF_aviron_200x85cm_2-435x1024\" onerror=\"this.style.display='none'\"  \/>\n\t<h2><strong>Conseil d&rsquo;administration<\/strong><\/h2>\n\t<p>Qui si\u00e8ge au conseil d&rsquo;administration ?<\/p>\n<ul>\n<li>Pr\u00e9sidente : Chantal Neirinckx<\/li>\n<li>Secr\u00e9taire : Daniel Deweert<\/li>\n<li>Tr\u00e9sorier : Patrick Rombaut<\/li>\n<\/ul>\n<p>Membres du conseil d&rsquo;administration :<\/p>\n<ul>\n<li>Vice-Pr\u00e9sident : Georges Lambert<\/li>\n<li>Yves De Jonge<\/li>\n<li>Jean-Marie Rigo<\/li>\n<li>Michel Orban<\/li>\n<li>Philippe Latour<\/li>\n<\/ul>\n\t<p><strong>Devenez membre<\/strong><\/p>\n\t<p>En versant une cotisation annuelle sur le compte bancaire de la N.R.F. BE14 0682 1314 3783 &#8211; Kanodreef 3 &#8211; 9000 Gent<\/p>\n\t<p><strong>Cotisations<\/strong><\/p>\n\t<ul>\n<li>15 \u20ac Sympathisant (sans droit de vote)<\/li>\n<li>30 \u20ac Membre votant<\/li>\n<li>60 \u20ac clubs (permet la participation \u00e0 la Coupe NRF)<\/li>\n<\/ul>\n\n","protected":false},"excerpt":{"rendered":"<p>NRF National Rowing Family La NRF a \u00e9t\u00e9 fond\u00e9e en 1998 et vise \u00e0 rassembler les ressources n\u00e9cessaires pour soutenir le sport de l&rsquo;aviron, en particulier le d\u00e9veloppement de l&rsquo;aviron pour les jeunes. Elle fonctionne ind\u00e9pendamment de la F\u00e9d\u00e9ration Nationale d&rsquo;Aviron, des ligues r\u00e9gionales et des clubs d&rsquo;aviron. Des projets peuvent \u00eatre soumis chaque ann\u00e9e&hellip;<\/p>\n","protected":false},"author":1,"featured_media":0,"parent":0,"menu_order":0,"comment_status":"closed","ping_status":"closed","template":"","meta":{"footnotes":""},"class_list":["post-1070","page","type-page","status-publish","hentry"],"yoast_head":"<!-- This site is optimized with the Yoast SEO plugin v26.8 - https:\/\/yoast.com\/product\/yoast-seo-wordpress\/ -->\n<title>NRF - K.B.R. Roeien - F.R.B.A. Aviron<\/title>\n<meta name=\"robots\" content=\"index, follow, max-snippet:-1, max-image-preview:large, max-video-preview:-1\" \/>\n<link rel=\"canonical\" href=\"https:\/\/www.rowing.be\/fr\/nrf\/\" \/>\n<meta property=\"og:locale\" content=\"fr_FR\" \/>\n<meta property=\"og:type\" content=\"article\" \/>\n<meta property=\"og:title\" content=\"NRF - K.B.R. Roeien - F.R.B.A. Aviron\" \/>\n<meta property=\"og:description\" content=\"NRF National Rowing Family La NRF a \u00e9t\u00e9 fond\u00e9e en 1998 et vise \u00e0 rassembler les ressources n\u00e9cessaires pour soutenir le sport de l&rsquo;aviron, en particulier le d\u00e9veloppement de l&rsquo;aviron pour les jeunes. Elle fonctionne ind\u00e9pendamment de la F\u00e9d\u00e9ration Nationale d&rsquo;Aviron, des ligues r\u00e9gionales et des clubs d&rsquo;aviron. Des projets peuvent \u00eatre soumis chaque ann\u00e9e&hellip;\" \/>\n<meta property=\"og:url\" content=\"https:\/\/www.rowing.be\/fr\/nrf\/\" \/>\n<meta property=\"og:site_name\" content=\"K.B.R. Roeien - F.R.B.A. Aviron\" \/>\n<meta property=\"article:modified_time\" content=\"2026-03-10T10:03:24+00:00\" \/>\n<meta property=\"og:image\" content=\"https:\/\/www.rowing.be\/wp-content\/uploads\/bb-plugin\/cache\/Capture-decran-2025-04-20-a-15.01.39-978x1024-1-square.png\" \/>\n<meta name=\"twitter:card\" content=\"summary_large_image\" \/>\n<meta name=\"twitter:label1\" content=\"Dur\u00e9e de lecture estim\u00e9e\" \/>\n\t<meta name=\"twitter:data1\" content=\"2 minutes\" \/>\n<script type=\"application\/ld+json\" class=\"yoast-schema-graph\">{\"@context\":\"https:\/\/schema.org\",\"@graph\":[{\"@type\":\"WebPage\",\"@id\":\"https:\/\/www.rowing.be\/fr\/nrf\/\",\"url\":\"https:\/\/www.rowing.be\/fr\/nrf\/\",\"name\":\"NRF - K.B.R. Roeien - F.R.B.A. Aviron\",\"isPartOf\":{\"@id\":\"https:\/\/www.rowing.be\/fr\/#website\"},\"primaryImageOfPage\":{\"@id\":\"https:\/\/www.rowing.be\/fr\/nrf\/#primaryimage\"},\"image\":{\"@id\":\"https:\/\/www.rowing.be\/fr\/nrf\/#primaryimage\"},\"thumbnailUrl\":\"https:\/\/www.rowing.be\/wp-content\/uploads\/bb-plugin\/cache\/Capture-decran-2025-04-20-a-15.01.39-978x1024-1-square.png\",\"datePublished\":\"2025-07-07T12:57:32+00:00\",\"dateModified\":\"2026-03-10T10:03:24+00:00\",\"breadcrumb\":{\"@id\":\"https:\/\/www.rowing.be\/fr\/nrf\/#breadcrumb\"},\"inLanguage\":\"fr-FR\",\"potentialAction\":[{\"@type\":\"ReadAction\",\"target\":[\"https:\/\/www.rowing.be\/fr\/nrf\/\"]}]},{\"@type\":\"ImageObject\",\"inLanguage\":\"fr-FR\",\"@id\":\"https:\/\/www.rowing.be\/fr\/nrf\/#primaryimage\",\"url\":\"https:\/\/www.rowing.be\/wp-content\/uploads\/bb-plugin\/cache\/Capture-decran-2025-04-20-a-15.01.39-978x1024-1-square.png\",\"contentUrl\":\"https:\/\/www.rowing.be\/wp-content\/uploads\/bb-plugin\/cache\/Capture-decran-2025-04-20-a-15.01.39-978x1024-1-square.png\"},{\"@type\":\"BreadcrumbList\",\"@id\":\"https:\/\/www.rowing.be\/fr\/nrf\/#breadcrumb\",\"itemListElement\":[{\"@type\":\"ListItem\",\"position\":1,\"name\":\"Accueil\",\"item\":\"https:\/\/www.rowing.be\/fr\/\"},{\"@type\":\"ListItem\",\"position\":2,\"name\":\"NRF\"}]},{\"@type\":\"WebSite\",\"@id\":\"https:\/\/www.rowing.be\/fr\/#website\",\"url\":\"https:\/\/www.rowing.be\/fr\/\",\"name\":\"K.B.R. Roeien - F.R.B.A. Aviron\",\"description\":\"Welcome to rowing.be \u2013 Join the crew, feel the rhythm.\",\"potentialAction\":[{\"@type\":\"SearchAction\",\"target\":{\"@type\":\"EntryPoint\",\"urlTemplate\":\"https:\/\/www.rowing.be\/fr\/?s={search_term_string}\"},\"query-input\":{\"@type\":\"PropertyValueSpecification\",\"valueRequired\":true,\"valueName\":\"search_term_string\"}}],\"inLanguage\":\"fr-FR\"}]}<\/script>\n<!-- \/ Yoast SEO plugin. -->","yoast_head_json":{"title":"NRF - K.B.R. Roeien - F.R.B.A. Aviron","robots":{"index":"index","follow":"follow","max-snippet":"max-snippet:-1","max-image-preview":"max-image-preview:large","max-video-preview":"max-video-preview:-1"},"canonical":"https:\/\/www.rowing.be\/fr\/nrf\/","og_locale":"fr_FR","og_type":"article","og_title":"NRF - K.B.R. Roeien - F.R.B.A. Aviron","og_description":"NRF National Rowing Family La NRF a \u00e9t\u00e9 fond\u00e9e en 1998 et vise \u00e0 rassembler les ressources n\u00e9cessaires pour soutenir le sport de l&rsquo;aviron, en particulier le d\u00e9veloppement de l&rsquo;aviron pour les jeunes. Elle fonctionne ind\u00e9pendamment de la F\u00e9d\u00e9ration Nationale d&rsquo;Aviron, des ligues r\u00e9gionales et des clubs d&rsquo;aviron. Des projets peuvent \u00eatre soumis chaque ann\u00e9e&hellip;","og_url":"https:\/\/www.rowing.be\/fr\/nrf\/","og_site_name":"K.B.R. Roeien - F.R.B.A. Aviron","article_modified_time":"2026-03-10T10:03:24+00:00","og_image":[{"url":"https:\/\/www.rowing.be\/wp-content\/uploads\/bb-plugin\/cache\/Capture-decran-2025-04-20-a-15.01.39-978x1024-1-square.png","type":"","width":"","height":""}],"twitter_card":"summary_large_image","twitter_misc":{"Dur\u00e9e de lecture estim\u00e9e":"2 minutes"},"schema":{"@context":"https:\/\/schema.org","@graph":[{"@type":"WebPage","@id":"https:\/\/www.rowing.be\/fr\/nrf\/","url":"https:\/\/www.rowing.be\/fr\/nrf\/","name":"NRF - K.B.R. Roeien - F.R.B.A. Aviron","isPartOf":{"@id":"https:\/\/www.rowing.be\/fr\/#website"},"primaryImageOfPage":{"@id":"https:\/\/www.rowing.be\/fr\/nrf\/#primaryimage"},"image":{"@id":"https:\/\/www.rowing.be\/fr\/nrf\/#primaryimage"},"thumbnailUrl":"https:\/\/www.rowing.be\/wp-content\/uploads\/bb-plugin\/cache\/Capture-decran-2025-04-20-a-15.01.39-978x1024-1-square.png","datePublished":"2025-07-07T12:57:32+00:00","dateModified":"2026-03-10T10:03:24+00:00","breadcrumb":{"@id":"https:\/\/www.rowing.be\/fr\/nrf\/#breadcrumb"},"inLanguage":"fr-FR","potentialAction":[{"@type":"ReadAction","target":["https:\/\/www.rowing.be\/fr\/nrf\/"]}]},{"@type":"ImageObject","inLanguage":"fr-FR","@id":"https:\/\/www.rowing.be\/fr\/nrf\/#primaryimage","url":"https:\/\/www.rowing.be\/wp-content\/uploads\/bb-plugin\/cache\/Capture-decran-2025-04-20-a-15.01.39-978x1024-1-square.png","contentUrl":"https:\/\/www.rowing.be\/wp-content\/uploads\/bb-plugin\/cache\/Capture-decran-2025-04-20-a-15.01.39-978x1024-1-square.png"},{"@type":"BreadcrumbList","@id":"https:\/\/www.rowing.be\/fr\/nrf\/#breadcrumb","itemListElement":[{"@type":"ListItem","position":1,"name":"Accueil","item":"https:\/\/www.rowing.be\/fr\/"},{"@type":"ListItem","position":2,"name":"NRF"}]},{"@type":"WebSite","@id":"https:\/\/www.rowing.be\/fr\/#website","url":"https:\/\/www.rowing.be\/fr\/","name":"K.B.R. Roeien - F.R.B.A. Aviron","description":"Welcome to rowing.be \u2013 Join the crew, feel the rhythm.","potentialAction":[{"@type":"SearchAction","target":{"@type":"EntryPoint","urlTemplate":"https:\/\/www.rowing.be\/fr\/?s={search_term_string}"},"query-input":{"@type":"PropertyValueSpecification","valueRequired":true,"valueName":"search_term_string"}}],"inLanguage":"fr-FR"}]}},"_links":{"self":[{"href":"https:\/\/www.rowing.be\/fr\/wp-json\/wp\/v2\/pages\/1070","targetHints":{"allow":["GET"]}}],"collection":[{"href":"https:\/\/www.rowing.be\/fr\/wp-json\/wp\/v2\/pages"}],"about":[{"href":"https:\/\/www.rowing.be\/fr\/wp-json\/wp\/v2\/types\/page"}],"author":[{"embeddable":true,"href":"https:\/\/www.rowing.be\/fr\/wp-json\/wp\/v2\/users\/1"}],"replies":[{"embeddable":true,"href":"https:\/\/www.rowing.be\/fr\/wp-json\/wp\/v2\/comments?post=1070"}],"version-history":[{"count":8,"href":"https:\/\/www.rowing.be\/fr\/wp-json\/wp\/v2\/pages\/1070\/revisions"}],"predecessor-version":[{"id":3349,"href":"https:\/\/www.rowing.be\/fr\/wp-json\/wp\/v2\/pages\/1070\/revisions\/3349"}],"wp:attachment":[{"href":"https:\/\/www.rowing.be\/fr\/wp-json\/wp\/v2\/media?parent=1070"}],"curies":[{"name":"wp","href":"https:\/\/api.w.org\/{rel}","templated":true}]}}